{"id":24531,"date":"2026-01-21T10:47:08","date_gmt":"2026-01-21T09:47:08","guid":{"rendered":"http:\/\/prueba.bodegasmunoz.com\/?post_type=product&#038;p=24531"},"modified":"2026-01-21T11:08:41","modified_gmt":"2026-01-21T10:08:41","slug":"legado-munoz-rosado-tempranillo-2025","status":"publish","type":"product","link":"https:\/\/prueba.bodegasmunoz.com\/en\/producto\/legado-munoz-rosado-tempranillo-2025\/","title":{"rendered":"Legado Mu\u00f1oz Rosado Tempranillo 2025"},"content":{"rendered":"<p><b>A\u00d1ADA<\/b><\/p>\n<p>La a\u00f1ada 2025 se caracteriza por una producci\u00f3n muy limitada junto a una excelente calidad de uva: una cosecha marcada por reducidos rendimientos, maduraci\u00f3n concentrada y sanidad impecable, que exige vendimia rigurosa y selecci\u00f3n. Los vinos resultantes muestran car\u00e1cter, profundidad y gran expresi\u00f3n varietal.<\/p>\n<p><b>NOTAS DE CATA<\/b><\/p>\n<ul>\n<li><strong>VISUAL:<\/strong> Limpio y brillante, rosado salm\u00f3n de capa baja.<\/li>\n<li><strong>NARIZ:<\/strong> Aroma intenso a frutas rojas (fresa, frambuesa) y gominolas combinado con notas minerales.<\/li>\n<li><strong>BOCA:<\/strong> Fresco y frutal. Con una acidez bien marcada. Amplio y persistente.<\/li>\n<\/ul>\n<p><b>RECOMENDACIONES<\/b><\/p>\n<ul>\n<li><strong>MARIDAJE:<\/strong> Tortilla de patata, sushi y cocina oriental, cocina india especiada, ensaladas de verano, embutidos y quesos poco curados.<\/li>\n<li><strong>T\u00aa SERVICIO:<\/strong> 6-8 \u00baC.<\/li>\n<\/ul>\n<p><b>ESPECIFICACIONES T\u00c9CNICAS<\/b><\/p>\n<ul>\n<li><strong>Variedad:<\/strong> Tempranillo<\/li>\n<li><strong>Edad del Vi\u00f1edo:<\/strong> 15 &#8211; 25 a\u00f1os<\/li>\n<li><strong>Temperatura Fermentaci\u00f3n:<\/strong> &lt; 15 \u00baC<\/li>\n<li><strong>Tiempo de Maceraci\u00f3n:<\/strong> 5 horas<\/li>\n<li><strong>Alcohol:<\/strong> Alc. 12,9 % Vol.<\/li>\n<li><strong>Acidez:<\/strong> 5,9 g\/l.<\/li>\n<li><strong>SO2 Total:<\/strong> 96 ppm<\/li>\n<li><strong>Producci\u00f3n:<\/strong> 15.000 bot.<\/li>\n<\/ul>\n","protected":false},"excerpt":{"rendered":"<p><em><strong>Un rosado provenzal para disfrutar en cualquier ocasi\u00f3n<\/strong><\/em><\/p>\n<p>Nuestro Legado Mu\u00f1oz Rosado se presenta como un vino divertido, fresco, que gusta a los m\u00e1s ne\u00f3fitos y los m\u00e1s exigentes. Rico desde el primer sorbo y compa\u00f1ero ideal para las comidas y cenas en \u00e9pocas de primavera y verano. \u00a1Disfr\u00fatalo tambi\u00e9n en tus barbacoas!<\/p>\n","protected":false},"featured_media":24534,"template":"","meta":[],"product_brand":[],"product_cat":[74],"product_tag":[],"class_list":{"0":"post-24531","1":"product","2":"type-product","3":"status-publish","4":"has-post-thumbnail","6":"product_cat-legado-munoz","8":"first","9":"instock","10":"taxable","11":"shipping-taxable","12":"purchasable","13":"product-type-simple"},"yoast_head":"<!-- This site is optimized with the Yoast SEO plugin v27.3 - https:\/\/yoast.com\/product\/yoast-seo-wordpress\/ -->\n<title>Legado Mu\u00f1oz Rosado Tempranillo 2025 - Bodegas Mu\u00f1oz<\/title>\n<meta name=\"robots\" content=\"index, follow, max-snippet:-1, max-image-preview:large, max-video-preview:-1\" \/>\n<link rel=\"canonical\" href=\"https:\/\/prueba.bodegasmunoz.com\/en\/producto\/legado-munoz-rosado-tempranillo-2025\/\" \/>\n<meta property=\"og:locale\" content=\"en_US\" \/>\n<meta property=\"og:type\" content=\"article\" \/>\n<meta property=\"og:title\" content=\"Legado Mu\u00f1oz Rosado Tempranillo 2025 - Bodegas Mu\u00f1oz\" \/>\n<meta property=\"og:description\" content=\"Un rosado provenzal para disfrutar en cualquier ocasi\u00f3n  Nuestro Legado Mu\u00f1oz Rosado se presenta como un vino divertido, fresco, que gusta a los m\u00e1s ne\u00f3fitos y los m\u00e1s exigentes. Rico desde el primer sorbo y compa\u00f1ero ideal para las comidas y cenas en \u00e9pocas de primavera y verano. \u00a1Disfr\u00fatalo tambi\u00e9n en tus barbacoas!\" \/>\n<meta property=\"og:url\" content=\"https:\/\/prueba.bodegasmunoz.com\/en\/producto\/legado-munoz-rosado-tempranillo-2025\/\" \/>\n<meta property=\"og:site_name\" content=\"Bodegas Mu\u00f1oz\" \/>\n<meta property=\"article:publisher\" content=\"https:\/\/www.facebook.com\/bodegasmunoz\" \/>\n<meta property=\"article:modified_time\" content=\"2026-01-21T10:08:41+00:00\" \/>\n<meta property=\"og:image\" content=\"https:\/\/prueba.bodegasmunoz.com\/wp-content\/uploads\/2026\/01\/Legado-Rosado-Tempranillo-2025.jpg\" \/>\n\t<meta property=\"og:image:width\" content=\"1080\" \/>\n\t<meta property=\"og:image:height\" content=\"1080\" \/>\n\t<meta property=\"og:image:type\" content=\"image\/jpeg\" \/>\n<meta name=\"twitter:card\" content=\"summary_large_image\" \/>\n<meta name=\"twitter:label1\" content=\"Est. reading time\" \/>\n\t<meta name=\"twitter:data1\" content=\"1 minute\" \/>\n<script type=\"application\/ld+json\" class=\"yoast-schema-graph\">{\"@context\":\"https:\\\/\\\/schema.org\",\"@graph\":[{\"@type\":\"WebPage\",\"@id\":\"https:\\\/\\\/prueba.bodegasmunoz.com\\\/en\\\/producto\\\/legado-munoz-rosado-tempranillo-2025\\\/\",\"url\":\"https:\\\/\\\/prueba.bodegasmunoz.com\\\/en\\\/producto\\\/legado-munoz-rosado-tempranillo-2025\\\/\",\"name\":\"Legado Mu\u00f1oz Rosado Tempranillo 2025 - Bodegas Mu\u00f1oz\",\"isPartOf\":{\"@id\":\"https:\\\/\\\/prueba.bodegasmunoz.com\\\/#website\"},\"primaryImageOfPage\":{\"@id\":\"https:\\\/\\\/prueba.bodegasmunoz.com\\\/en\\\/producto\\\/legado-munoz-rosado-tempranillo-2025\\\/#primaryimage\"},\"image\":{\"@id\":\"https:\\\/\\\/prueba.bodegasmunoz.com\\\/en\\\/producto\\\/legado-munoz-rosado-tempranillo-2025\\\/#primaryimage\"},\"thumbnailUrl\":\"https:\\\/\\\/prueba.bodegasmunoz.com\\\/wp-content\\\/uploads\\\/2026\\\/01\\\/Legado-Rosado-Tempranillo-2025.jpg\",\"datePublished\":\"2026-01-21T09:47:08+00:00\",\"dateModified\":\"2026-01-21T10:08:41+00:00\",\"breadcrumb\":{\"@id\":\"https:\\\/\\\/prueba.bodegasmunoz.com\\\/en\\\/producto\\\/legado-munoz-rosado-tempranillo-2025\\\/#breadcrumb\"},\"inLanguage\":\"en-US\",\"potentialAction\":[{\"@type\":\"ReadAction\",\"target\":[\"https:\\\/\\\/prueba.bodegasmunoz.com\\\/en\\\/producto\\\/legado-munoz-rosado-tempranillo-2025\\\/\"]}]},{\"@type\":\"ImageObject\",\"inLanguage\":\"en-US\",\"@id\":\"https:\\\/\\\/prueba.bodegasmunoz.com\\\/en\\\/producto\\\/legado-munoz-rosado-tempranillo-2025\\\/#primaryimage\",\"url\":\"https:\\\/\\\/prueba.bodegasmunoz.com\\\/wp-content\\\/uploads\\\/2026\\\/01\\\/Legado-Rosado-Tempranillo-2025.jpg\",\"contentUrl\":\"https:\\\/\\\/prueba.bodegasmunoz.com\\\/wp-content\\\/uploads\\\/2026\\\/01\\\/Legado-Rosado-Tempranillo-2025.jpg\",\"width\":1080,\"height\":1080,\"caption\":\"Legado Rosado Tempranillo 2025\"},{\"@type\":\"BreadcrumbList\",\"@id\":\"https:\\\/\\\/prueba.bodegasmunoz.com\\\/en\\\/producto\\\/legado-munoz-rosado-tempranillo-2025\\\/#breadcrumb\",\"itemListElement\":[{\"@type\":\"ListItem\",\"position\":1,\"name\":\"Portada\",\"item\":\"https:\\\/\\\/prueba.bodegasmunoz.com\\\/\"},{\"@type\":\"ListItem\",\"position\":2,\"name\":\"Tienda\",\"item\":\"https:\\\/\\\/prueba.bodegasmunoz.com\\\/tienda\\\/\"},{\"@type\":\"ListItem\",\"position\":3,\"name\":\"Legado Mu\u00f1oz Rosado Tempranillo 2025\"}]},{\"@type\":\"WebSite\",\"@id\":\"https:\\\/\\\/prueba.bodegasmunoz.com\\\/#website\",\"url\":\"https:\\\/\\\/prueba.bodegasmunoz.com\\\/\",\"name\":\"Bodegas Mu\u00f1oz\",\"description\":\"Vinos Premium en la Provincia de Toledo\",\"potentialAction\":[{\"@type\":\"SearchAction\",\"target\":{\"@type\":\"EntryPoint\",\"urlTemplate\":\"https:\\\/\\\/prueba.bodegasmunoz.com\\\/?s={search_term_string}\"},\"query-input\":{\"@type\":\"PropertyValueSpecification\",\"valueRequired\":true,\"valueName\":\"search_term_string\"}}],\"inLanguage\":\"en-US\"}]}<\/script>\n<!-- \/ Yoast SEO plugin. -->","yoast_head_json":{"title":"Legado Mu\u00f1oz Rosado Tempranillo 2025 - Bodegas Mu\u00f1oz","robots":{"index":"index","follow":"follow","max-snippet":"max-snippet:-1","max-image-preview":"max-image-preview:large","max-video-preview":"max-video-preview:-1"},"canonical":"https:\/\/prueba.bodegasmunoz.com\/en\/producto\/legado-munoz-rosado-tempranillo-2025\/","og_locale":"en_US","og_type":"article","og_title":"Legado Mu\u00f1oz Rosado Tempranillo 2025 - Bodegas Mu\u00f1oz","og_description":"Un rosado provenzal para disfrutar en cualquier ocasi\u00f3n  Nuestro Legado Mu\u00f1oz Rosado se presenta como un vino divertido, fresco, que gusta a los m\u00e1s ne\u00f3fitos y los m\u00e1s exigentes. Rico desde el primer sorbo y compa\u00f1ero ideal para las comidas y cenas en \u00e9pocas de primavera y verano. \u00a1Disfr\u00fatalo tambi\u00e9n en tus barbacoas!","og_url":"https:\/\/prueba.bodegasmunoz.com\/en\/producto\/legado-munoz-rosado-tempranillo-2025\/","og_site_name":"Bodegas Mu\u00f1oz","article_publisher":"https:\/\/www.facebook.com\/bodegasmunoz","article_modified_time":"2026-01-21T10:08:41+00:00","og_image":[{"width":1080,"height":1080,"url":"https:\/\/prueba.bodegasmunoz.com\/wp-content\/uploads\/2026\/01\/Legado-Rosado-Tempranillo-2025.jpg","type":"image\/jpeg"}],"twitter_card":"summary_large_image","twitter_misc":{"Est. reading time":"1 minute"},"schema":{"@context":"https:\/\/schema.org","@graph":[{"@type":"WebPage","@id":"https:\/\/prueba.bodegasmunoz.com\/en\/producto\/legado-munoz-rosado-tempranillo-2025\/","url":"https:\/\/prueba.bodegasmunoz.com\/en\/producto\/legado-munoz-rosado-tempranillo-2025\/","name":"Legado Mu\u00f1oz Rosado Tempranillo 2025 - Bodegas Mu\u00f1oz","isPartOf":{"@id":"https:\/\/prueba.bodegasmunoz.com\/#website"},"primaryImageOfPage":{"@id":"https:\/\/prueba.bodegasmunoz.com\/en\/producto\/legado-munoz-rosado-tempranillo-2025\/#primaryimage"},"image":{"@id":"https:\/\/prueba.bodegasmunoz.com\/en\/producto\/legado-munoz-rosado-tempranillo-2025\/#primaryimage"},"thumbnailUrl":"https:\/\/prueba.bodegasmunoz.com\/wp-content\/uploads\/2026\/01\/Legado-Rosado-Tempranillo-2025.jpg","datePublished":"2026-01-21T09:47:08+00:00","dateModified":"2026-01-21T10:08:41+00:00","breadcrumb":{"@id":"https:\/\/prueba.bodegasmunoz.com\/en\/producto\/legado-munoz-rosado-tempranillo-2025\/#breadcrumb"},"inLanguage":"en-US","potentialAction":[{"@type":"ReadAction","target":["https:\/\/prueba.bodegasmunoz.com\/en\/producto\/legado-munoz-rosado-tempranillo-2025\/"]}]},{"@type":"ImageObject","inLanguage":"en-US","@id":"https:\/\/prueba.bodegasmunoz.com\/en\/producto\/legado-munoz-rosado-tempranillo-2025\/#primaryimage","url":"https:\/\/prueba.bodegasmunoz.com\/wp-content\/uploads\/2026\/01\/Legado-Rosado-Tempranillo-2025.jpg","contentUrl":"https:\/\/prueba.bodegasmunoz.com\/wp-content\/uploads\/2026\/01\/Legado-Rosado-Tempranillo-2025.jpg","width":1080,"height":1080,"caption":"Legado Rosado Tempranillo 2025"},{"@type":"BreadcrumbList","@id":"https:\/\/prueba.bodegasmunoz.com\/en\/producto\/legado-munoz-rosado-tempranillo-2025\/#breadcrumb","itemListElement":[{"@type":"ListItem","position":1,"name":"Portada","item":"https:\/\/prueba.bodegasmunoz.com\/"},{"@type":"ListItem","position":2,"name":"Tienda","item":"https:\/\/prueba.bodegasmunoz.com\/tienda\/"},{"@type":"ListItem","position":3,"name":"Legado Mu\u00f1oz Rosado Tempranillo 2025"}]},{"@type":"WebSite","@id":"https:\/\/prueba.bodegasmunoz.com\/#website","url":"https:\/\/prueba.bodegasmunoz.com\/","name":"Bodegas Mu\u00f1oz","description":"Vinos Premium en la Provincia de Toledo","potentialAction":[{"@type":"SearchAction","target":{"@type":"EntryPoint","urlTemplate":"https:\/\/prueba.bodegasmunoz.com\/?s={search_term_string}"},"query-input":{"@type":"PropertyValueSpecification","valueRequired":true,"valueName":"search_term_string"}}],"inLanguage":"en-US"}]}},"_links":{"self":[{"href":"https:\/\/prueba.bodegasmunoz.com\/en\/wp-json\/wp\/v2\/product\/24531","targetHints":{"allow":["GET"]}}],"collection":[{"href":"https:\/\/prueba.bodegasmunoz.com\/en\/wp-json\/wp\/v2\/product"}],"about":[{"href":"https:\/\/prueba.bodegasmunoz.com\/en\/wp-json\/wp\/v2\/types\/product"}],"version-history":[{"count":1,"href":"https:\/\/prueba.bodegasmunoz.com\/en\/wp-json\/wp\/v2\/product\/24531\/revisions"}],"predecessor-version":[{"id":24536,"href":"https:\/\/prueba.bodegasmunoz.com\/en\/wp-json\/wp\/v2\/product\/24531\/revisions\/24536"}],"wp:featuredmedia":[{"embeddable":true,"href":"https:\/\/prueba.bodegasmunoz.com\/en\/wp-json\/wp\/v2\/media\/24534"}],"wp:attachment":[{"href":"https:\/\/prueba.bodegasmunoz.com\/en\/wp-json\/wp\/v2\/media?parent=24531"}],"wp:term":[{"taxonomy":"product_brand","embeddable":true,"href":"https:\/\/prueba.bodegasmunoz.com\/en\/wp-json\/wp\/v2\/product_brand?post=24531"},{"taxonomy":"product_cat","embeddable":true,"href":"https:\/\/prueba.bodegasmunoz.com\/en\/wp-json\/wp\/v2\/product_cat?post=24531"},{"taxonomy":"product_tag","embeddable":true,"href":"https:\/\/prueba.bodegasmunoz.com\/en\/wp-json\/wp\/v2\/product_tag?post=24531"}],"curies":[{"name":"wp","href":"https:\/\/api.w.org\/{rel}","templated":true}]}}