{"id":23288,"date":"2025-06-26T11:02:34","date_gmt":"2025-06-26T09:02:34","guid":{"rendered":"http:\/\/prueba.bodegasmunoz.com\/?post_type=product&#038;p=23288"},"modified":"2026-01-23T12:28:20","modified_gmt":"2026-01-23T11:28:20","slug":"finca-munoz-coleccion-de-la-familia-blanco-2024","status":"publish","type":"product","link":"https:\/\/prueba.bodegasmunoz.com\/en\/producto\/finca-munoz-coleccion-de-la-familia-blanco-2024\/","title":{"rendered":"Finca Mu\u00f1oz Colecci\u00f3n de la familia Blanco 2024"},"content":{"rendered":"<p><b>A\u00d1ADA<\/b><\/p>\n<p>La a\u00f1ada 2024 representa un regreso al equilibrio tras a\u00f1os de extremos clim\u00e1ticos. Las lluvias oto\u00f1ales e invernales permitieron reponer las reservas h\u00eddricas del suelo, favoreciendo un ciclo vegetativo sin estr\u00e9s h\u00eddrico significativo. Aunque el calor hizo acto de presencia en verano, las temperaturas moderadas facilitaron una maduraci\u00f3n equilibrada.<\/p>\n<p><b>NOTAS DE CATA<\/b><\/p>\n<ul>\n<li><strong>Visual<\/strong>: Amarillo pajizo con matices dorados.<\/li>\n<li><strong>Nariz<\/strong>: Aromas c\u00edtricos y hierbas silvestres, con toques de vainilla y pasteler\u00eda.<\/li>\n<li><strong>Boca<\/strong>:\u00a0Graso y estructurado, con una buena acidez y persistente.<\/li>\n<\/ul>\n<p><b>RECOMENDACIONES<\/b><\/p>\n<ul>\n<li><strong>Maridaje<\/strong>: Pescados, pastas, arroces y quesos semicurados.<\/li>\n<li><strong>T\u00aa\u00a0Servicio<\/strong>: 8-10 \u00baC.<\/li>\n<\/ul>\n<p><b>ESPECIFICACIONES T\u00c9CNICAS<\/b><\/p>\n<ul>\n<li><strong>Variedad<\/strong>:\u00a0Chardonnay-Sauvignon blanc<\/li>\n<li><strong>Edad del vi\u00f1edo<\/strong>: &gt;15 a\u00f1os<\/li>\n<li><strong>Temperatura fermentaci\u00f3n<\/strong>:\u00a0&lt;\u00a014 \u00baC<\/li>\n<li><strong>Tiempo de maceraci\u00f3n<\/strong>:\u00a011\u00a0horas x 10\u00baC<\/li>\n<li><strong>Tiempo de barrica<\/strong>:\u00a04 meses (25% del vino)<\/li>\n<li><strong>Alcohol<\/strong>: Alc. 13% Vol.<\/li>\n<li><strong>Acidez<\/strong>: 6,0 g\/l.<\/li>\n<li><strong>SO2 total<\/strong>:\u00a0120 ppm<\/li>\n<\/ul>\n","protected":false},"excerpt":{"rendered":"<p><b><i>Combinaci\u00f3n de grandes varietales\u2026 blanco frutal, amplio y estructurado\u2026\u00a0<\/i><\/b><\/p>\n<p>Con un atractivo color amarillo pajizo y ribete dorado, es un vino amplio y persistente donde se combinan fruta c\u00edtrica con sutiles notas de vainilla y pasteler\u00eda, delicioso al maridarlo con pescados, pasta, arroces y queso semicurado.<\/p>\n","protected":false},"featured_media":23290,"template":"","meta":[],"product_brand":[],"product_cat":[75],"product_tag":[],"class_list":{"0":"post-23288","1":"product","2":"type-product","3":"status-publish","4":"has-post-thumbnail","6":"product_cat-finca-munoz","8":"first","9":"instock","10":"taxable","11":"shipping-taxable","12":"purchasable","13":"product-type-simple"},"yoast_head":"<!-- This site is optimized with the Yoast SEO plugin v27.3 - https:\/\/yoast.com\/product\/yoast-seo-wordpress\/ -->\n<title>Finca Mu\u00f1oz Colecci\u00f3n de la familia Blanco 2024 - Bodegas Mu\u00f1oz<\/title>\n<meta name=\"robots\" content=\"index, follow, max-snippet:-1, max-image-preview:large, max-video-preview:-1\" \/>\n<link rel=\"canonical\" href=\"https:\/\/prueba.bodegasmunoz.com\/producto\/finca-munoz-coleccion-de-la-familia-blanco-2024\/\" \/>\n<meta property=\"og:locale\" content=\"en_US\" \/>\n<meta property=\"og:type\" content=\"article\" \/>\n<meta property=\"og:title\" content=\"Finca Mu\u00f1oz Colecci\u00f3n de la familia Blanco 2024 - Bodegas Mu\u00f1oz\" \/>\n<meta property=\"og:description\" content=\"Combinaci\u00f3n de grandes varietales\u2026 blanco frutal, amplio y estructurado\u2026\u00a0  Con un atractivo color amarillo pajizo y ribete dorado, es un vino amplio y persistente donde se combinan fruta c\u00edtrica con sutiles notas de vainilla y pasteler\u00eda, delicioso al maridarlo con pescados, pasta, arroces y queso semicurado.\" \/>\n<meta property=\"og:url\" content=\"https:\/\/prueba.bodegasmunoz.com\/producto\/finca-munoz-coleccion-de-la-familia-blanco-2024\/\" \/>\n<meta property=\"og:site_name\" content=\"Bodegas Mu\u00f1oz\" \/>\n<meta property=\"article:publisher\" content=\"https:\/\/www.facebook.com\/bodegasmunoz\" \/>\n<meta property=\"article:modified_time\" content=\"2026-01-23T11:28:20+00:00\" \/>\n<meta property=\"og:image\" content=\"https:\/\/prueba.bodegasmunoz.com\/wp-content\/uploads\/2025\/06\/Finca-Munoz-Coleccion-de-la-familia-Blanco-2024.jpg\" \/>\n\t<meta property=\"og:image:width\" content=\"1000\" \/>\n\t<meta property=\"og:image:height\" content=\"1000\" \/>\n\t<meta property=\"og:image:type\" content=\"image\/jpeg\" \/>\n<meta name=\"twitter:card\" content=\"summary_large_image\" \/>\n<meta name=\"twitter:label1\" content=\"Est. reading time\" \/>\n\t<meta name=\"twitter:data1\" content=\"1 minute\" \/>\n<script type=\"application\/ld+json\" class=\"yoast-schema-graph\">{\"@context\":\"https:\\\/\\\/schema.org\",\"@graph\":[{\"@type\":\"WebPage\",\"@id\":\"https:\\\/\\\/prueba.bodegasmunoz.com\\\/producto\\\/finca-munoz-coleccion-de-la-familia-blanco-2024\\\/\",\"url\":\"https:\\\/\\\/prueba.bodegasmunoz.com\\\/producto\\\/finca-munoz-coleccion-de-la-familia-blanco-2024\\\/\",\"name\":\"Finca Mu\u00f1oz Colecci\u00f3n de la familia Blanco 2024 - Bodegas Mu\u00f1oz\",\"isPartOf\":{\"@id\":\"https:\\\/\\\/prueba.bodegasmunoz.com\\\/#website\"},\"primaryImageOfPage\":{\"@id\":\"https:\\\/\\\/prueba.bodegasmunoz.com\\\/producto\\\/finca-munoz-coleccion-de-la-familia-blanco-2024\\\/#primaryimage\"},\"image\":{\"@id\":\"https:\\\/\\\/prueba.bodegasmunoz.com\\\/producto\\\/finca-munoz-coleccion-de-la-familia-blanco-2024\\\/#primaryimage\"},\"thumbnailUrl\":\"https:\\\/\\\/prueba.bodegasmunoz.com\\\/wp-content\\\/uploads\\\/2025\\\/06\\\/Finca-Munoz-Coleccion-de-la-familia-Blanco-2024.jpg\",\"datePublished\":\"2025-06-26T09:02:34+00:00\",\"dateModified\":\"2026-01-23T11:28:20+00:00\",\"breadcrumb\":{\"@id\":\"https:\\\/\\\/prueba.bodegasmunoz.com\\\/producto\\\/finca-munoz-coleccion-de-la-familia-blanco-2024\\\/#breadcrumb\"},\"inLanguage\":\"en-US\",\"potentialAction\":[{\"@type\":\"ReadAction\",\"target\":[\"https:\\\/\\\/prueba.bodegasmunoz.com\\\/producto\\\/finca-munoz-coleccion-de-la-familia-blanco-2024\\\/\"]}]},{\"@type\":\"ImageObject\",\"inLanguage\":\"en-US\",\"@id\":\"https:\\\/\\\/prueba.bodegasmunoz.com\\\/producto\\\/finca-munoz-coleccion-de-la-familia-blanco-2024\\\/#primaryimage\",\"url\":\"https:\\\/\\\/prueba.bodegasmunoz.com\\\/wp-content\\\/uploads\\\/2025\\\/06\\\/Finca-Munoz-Coleccion-de-la-familia-Blanco-2024.jpg\",\"contentUrl\":\"https:\\\/\\\/prueba.bodegasmunoz.com\\\/wp-content\\\/uploads\\\/2025\\\/06\\\/Finca-Munoz-Coleccion-de-la-familia-Blanco-2024.jpg\",\"width\":1000,\"height\":1000},{\"@type\":\"BreadcrumbList\",\"@id\":\"https:\\\/\\\/prueba.bodegasmunoz.com\\\/producto\\\/finca-munoz-coleccion-de-la-familia-blanco-2024\\\/#breadcrumb\",\"itemListElement\":[{\"@type\":\"ListItem\",\"position\":1,\"name\":\"Portada\",\"item\":\"https:\\\/\\\/prueba.bodegasmunoz.com\\\/\"},{\"@type\":\"ListItem\",\"position\":2,\"name\":\"Tienda\",\"item\":\"https:\\\/\\\/prueba.bodegasmunoz.com\\\/tienda\\\/\"},{\"@type\":\"ListItem\",\"position\":3,\"name\":\"Finca Mu\u00f1oz Colecci\u00f3n de la familia Blanco 2024\"}]},{\"@type\":\"WebSite\",\"@id\":\"https:\\\/\\\/prueba.bodegasmunoz.com\\\/#website\",\"url\":\"https:\\\/\\\/prueba.bodegasmunoz.com\\\/\",\"name\":\"Bodegas Mu\u00f1oz\",\"description\":\"Vinos Premium en la Provincia de Toledo\",\"potentialAction\":[{\"@type\":\"SearchAction\",\"target\":{\"@type\":\"EntryPoint\",\"urlTemplate\":\"https:\\\/\\\/prueba.bodegasmunoz.com\\\/?s={search_term_string}\"},\"query-input\":{\"@type\":\"PropertyValueSpecification\",\"valueRequired\":true,\"valueName\":\"search_term_string\"}}],\"inLanguage\":\"en-US\"}]}<\/script>\n<!-- \/ Yoast SEO plugin. -->","yoast_head_json":{"title":"Finca Mu\u00f1oz Colecci\u00f3n de la familia Blanco 2024 - Bodegas Mu\u00f1oz","robots":{"index":"index","follow":"follow","max-snippet":"max-snippet:-1","max-image-preview":"max-image-preview:large","max-video-preview":"max-video-preview:-1"},"canonical":"https:\/\/prueba.bodegasmunoz.com\/producto\/finca-munoz-coleccion-de-la-familia-blanco-2024\/","og_locale":"en_US","og_type":"article","og_title":"Finca Mu\u00f1oz Colecci\u00f3n de la familia Blanco 2024 - Bodegas Mu\u00f1oz","og_description":"Combinaci\u00f3n de grandes varietales\u2026 blanco frutal, amplio y estructurado\u2026\u00a0  Con un atractivo color amarillo pajizo y ribete dorado, es un vino amplio y persistente donde se combinan fruta c\u00edtrica con sutiles notas de vainilla y pasteler\u00eda, delicioso al maridarlo con pescados, pasta, arroces y queso semicurado.","og_url":"https:\/\/prueba.bodegasmunoz.com\/producto\/finca-munoz-coleccion-de-la-familia-blanco-2024\/","og_site_name":"Bodegas Mu\u00f1oz","article_publisher":"https:\/\/www.facebook.com\/bodegasmunoz","article_modified_time":"2026-01-23T11:28:20+00:00","og_image":[{"width":1000,"height":1000,"url":"https:\/\/prueba.bodegasmunoz.com\/wp-content\/uploads\/2025\/06\/Finca-Munoz-Coleccion-de-la-familia-Blanco-2024.jpg","type":"image\/jpeg"}],"twitter_card":"summary_large_image","twitter_misc":{"Est. reading time":"1 minute"},"schema":{"@context":"https:\/\/schema.org","@graph":[{"@type":"WebPage","@id":"https:\/\/prueba.bodegasmunoz.com\/producto\/finca-munoz-coleccion-de-la-familia-blanco-2024\/","url":"https:\/\/prueba.bodegasmunoz.com\/producto\/finca-munoz-coleccion-de-la-familia-blanco-2024\/","name":"Finca Mu\u00f1oz Colecci\u00f3n de la familia Blanco 2024 - Bodegas Mu\u00f1oz","isPartOf":{"@id":"https:\/\/prueba.bodegasmunoz.com\/#website"},"primaryImageOfPage":{"@id":"https:\/\/prueba.bodegasmunoz.com\/producto\/finca-munoz-coleccion-de-la-familia-blanco-2024\/#primaryimage"},"image":{"@id":"https:\/\/prueba.bodegasmunoz.com\/producto\/finca-munoz-coleccion-de-la-familia-blanco-2024\/#primaryimage"},"thumbnailUrl":"https:\/\/prueba.bodegasmunoz.com\/wp-content\/uploads\/2025\/06\/Finca-Munoz-Coleccion-de-la-familia-Blanco-2024.jpg","datePublished":"2025-06-26T09:02:34+00:00","dateModified":"2026-01-23T11:28:20+00:00","breadcrumb":{"@id":"https:\/\/prueba.bodegasmunoz.com\/producto\/finca-munoz-coleccion-de-la-familia-blanco-2024\/#breadcrumb"},"inLanguage":"en-US","potentialAction":[{"@type":"ReadAction","target":["https:\/\/prueba.bodegasmunoz.com\/producto\/finca-munoz-coleccion-de-la-familia-blanco-2024\/"]}]},{"@type":"ImageObject","inLanguage":"en-US","@id":"https:\/\/prueba.bodegasmunoz.com\/producto\/finca-munoz-coleccion-de-la-familia-blanco-2024\/#primaryimage","url":"https:\/\/prueba.bodegasmunoz.com\/wp-content\/uploads\/2025\/06\/Finca-Munoz-Coleccion-de-la-familia-Blanco-2024.jpg","contentUrl":"https:\/\/prueba.bodegasmunoz.com\/wp-content\/uploads\/2025\/06\/Finca-Munoz-Coleccion-de-la-familia-Blanco-2024.jpg","width":1000,"height":1000},{"@type":"BreadcrumbList","@id":"https:\/\/prueba.bodegasmunoz.com\/producto\/finca-munoz-coleccion-de-la-familia-blanco-2024\/#breadcrumb","itemListElement":[{"@type":"ListItem","position":1,"name":"Portada","item":"https:\/\/prueba.bodegasmunoz.com\/"},{"@type":"ListItem","position":2,"name":"Tienda","item":"https:\/\/prueba.bodegasmunoz.com\/tienda\/"},{"@type":"ListItem","position":3,"name":"Finca Mu\u00f1oz Colecci\u00f3n de la familia Blanco 2024"}]},{"@type":"WebSite","@id":"https:\/\/prueba.bodegasmunoz.com\/#website","url":"https:\/\/prueba.bodegasmunoz.com\/","name":"Bodegas Mu\u00f1oz","description":"Vinos Premium en la Provincia de Toledo","potentialAction":[{"@type":"SearchAction","target":{"@type":"EntryPoint","urlTemplate":"https:\/\/prueba.bodegasmunoz.com\/?s={search_term_string}"},"query-input":{"@type":"PropertyValueSpecification","valueRequired":true,"valueName":"search_term_string"}}],"inLanguage":"en-US"}]}},"_links":{"self":[{"href":"https:\/\/prueba.bodegasmunoz.com\/en\/wp-json\/wp\/v2\/product\/23288","targetHints":{"allow":["GET"]}}],"collection":[{"href":"https:\/\/prueba.bodegasmunoz.com\/en\/wp-json\/wp\/v2\/product"}],"about":[{"href":"https:\/\/prueba.bodegasmunoz.com\/en\/wp-json\/wp\/v2\/types\/product"}],"version-history":[{"count":2,"href":"https:\/\/prueba.bodegasmunoz.com\/en\/wp-json\/wp\/v2\/product\/23288\/revisions"}],"predecessor-version":[{"id":23293,"href":"https:\/\/prueba.bodegasmunoz.com\/en\/wp-json\/wp\/v2\/product\/23288\/revisions\/23293"}],"wp:featuredmedia":[{"embeddable":true,"href":"https:\/\/prueba.bodegasmunoz.com\/en\/wp-json\/wp\/v2\/media\/23290"}],"wp:attachment":[{"href":"https:\/\/prueba.bodegasmunoz.com\/en\/wp-json\/wp\/v2\/media?parent=23288"}],"wp:term":[{"taxonomy":"product_brand","embeddable":true,"href":"https:\/\/prueba.bodegasmunoz.com\/en\/wp-json\/wp\/v2\/product_brand?post=23288"},{"taxonomy":"product_cat","embeddable":true,"href":"https:\/\/prueba.bodegasmunoz.com\/en\/wp-json\/wp\/v2\/product_cat?post=23288"},{"taxonomy":"product_tag","embeddable":true,"href":"https:\/\/prueba.bodegasmunoz.com\/en\/wp-json\/wp\/v2\/product_tag?post=23288"}],"curies":[{"name":"wp","href":"https:\/\/api.w.org\/{rel}","templated":true}]}}