{"id":23130,"date":"2025-06-03T10:42:07","date_gmt":"2025-06-03T08:42:07","guid":{"rendered":"http:\/\/prueba.bodegasmunoz.com\/?post_type=product&#038;p=23130"},"modified":"2026-01-23T12:27:23","modified_gmt":"2026-01-23T11:27:23","slug":"legado-munoz-chardonnay-2024","status":"publish","type":"product","link":"https:\/\/prueba.bodegasmunoz.com\/en\/producto\/legado-munoz-chardonnay-2024\/","title":{"rendered":"Legado Mu\u00f1oz Chardonnay 2024"},"content":{"rendered":"<p><b>A\u00d1ADA<\/b><\/p>\n<p>La a\u00f1ada 2024 representa un regreso al equilibrio tras a\u00f1os de extremos clim\u00e1ticos. Las lluvias oto\u00f1ales e invernales permitieron reponer las reservas h\u00eddricas del suelo, favoreciendo un ciclo vegetativo sin estr\u00e9s h\u00eddrico significativo. Aunque el calor hizo acto de presencia en verano, las temperaturas moderadas facilitaron una maduraci\u00f3n equilibrada.<\/p>\n<p><b>NOTAS DE CATA<\/b><\/p>\n<ul>\n<li><strong>Visual<\/strong>:\u00a0Limpio y brillante. Color amarillo pajizo de capa media con bonitos reflejos dorados.<\/li>\n<li><strong>Nariz<\/strong>:\u00a0Aromas complejos de fruta tropical, pl\u00e1tano y melocot\u00f3n. Con un atractivo fondo de c\u00edtricos.<\/li>\n<li><strong>Boca<\/strong>: Expresivo, amplio y goloso, con una buena acidez que le proporciona una agradable frescura.<\/li>\n<\/ul>\n<p><b>RECOMENDACIONES<\/b><\/p>\n<ul>\n<li><strong>Maridaje<\/strong>: Ideal con platos de Pescado, Mariscos, Ahumados, Verduras, Foie-gras, Arroces y Cremas<\/li>\n<li><strong>T\u00aa\u00a0Servicio<\/strong>: 8-10\u00baC.<\/li>\n<\/ul>\n<p><b>ESPECIFICACIONES T\u00c9CNICAS<\/b><\/p>\n<ul>\n<li><strong>Variedad<\/strong>:\u00a0Chardonnay<\/li>\n<li><strong>Edad del vi\u00f1edo<\/strong>: 20 a\u00f1os<\/li>\n<li><strong>Temperatura fermentaci\u00f3n<\/strong>:\u00a014\u00baC<\/li>\n<li><strong>Tiempo de maceraci\u00f3n<\/strong>:<\/li>\n<li><strong>Tiempo\u00a0en barrica<\/strong>:\u00a0Sin\u00a0crianza<\/li>\n<li><strong>Alcohol<\/strong>: Alc. 13,60% Vol.<\/li>\n<li><strong>Acidez<\/strong>:\u00a06,5 g\/l.<\/li>\n<li><strong>SO2 total<\/strong>:\u00a0139 ppm<\/li>\n<\/ul>\n","protected":false},"excerpt":{"rendered":"<p><strong><em>Blanco monovarietal de una variedad internacional\u2026 fruta y estructura.<\/em><\/strong><\/p>\n<p>Con bello color amarillo pajizo con reflejos met\u00e1licos este vino tiene un aroma salpicado de frutas tropicales. Sabroso y expresivo es ideal para platos de pescado blanco, mariscos, pescado azul, ahumados, verduras, foie-gras, sopas, cremas.<\/p>\n","protected":false},"featured_media":23294,"template":"","meta":[],"product_brand":[],"product_cat":[74],"product_tag":[],"class_list":{"0":"post-23130","1":"product","2":"type-product","3":"status-publish","4":"has-post-thumbnail","6":"product_cat-legado-munoz","8":"first","9":"instock","10":"taxable","11":"shipping-taxable","12":"purchasable","13":"product-type-simple"},"yoast_head":"<!-- This site is optimized with the Yoast SEO plugin v27.3 - https:\/\/yoast.com\/product\/yoast-seo-wordpress\/ -->\n<title>Legado Mu\u00f1oz Chardonnay 2024 - Bodegas Mu\u00f1oz<\/title>\n<meta name=\"robots\" content=\"index, follow, max-snippet:-1, max-image-preview:large, max-video-preview:-1\" \/>\n<link rel=\"canonical\" href=\"https:\/\/prueba.bodegasmunoz.com\/en\/producto\/legado-munoz-chardonnay-2024\/\" \/>\n<meta property=\"og:locale\" content=\"en_US\" \/>\n<meta property=\"og:type\" content=\"article\" \/>\n<meta property=\"og:title\" content=\"Legado Mu\u00f1oz Chardonnay 2024 - Bodegas Mu\u00f1oz\" \/>\n<meta property=\"og:description\" content=\"Blanco monovarietal de una variedad internacional\u2026 fruta y estructura.  Con bello color amarillo pajizo con reflejos met\u00e1licos este vino tiene un aroma salpicado de frutas tropicales. Sabroso y expresivo es ideal para platos de pescado blanco, mariscos, pescado azul, ahumados, verduras, foie-gras, sopas, cremas.\" \/>\n<meta property=\"og:url\" content=\"https:\/\/prueba.bodegasmunoz.com\/en\/producto\/legado-munoz-chardonnay-2024\/\" \/>\n<meta property=\"og:site_name\" content=\"Bodegas Mu\u00f1oz\" \/>\n<meta property=\"article:publisher\" content=\"https:\/\/www.facebook.com\/bodegasmunoz\" \/>\n<meta property=\"article:modified_time\" content=\"2026-01-23T11:27:23+00:00\" \/>\n<meta property=\"og:image\" content=\"https:\/\/prueba.bodegasmunoz.com\/wp-content\/uploads\/2025\/06\/Legado-Munoz-Chardonnay-2024.jpg\" \/>\n\t<meta property=\"og:image:width\" content=\"1000\" \/>\n\t<meta property=\"og:image:height\" content=\"1000\" \/>\n\t<meta property=\"og:image:type\" content=\"image\/jpeg\" \/>\n<meta name=\"twitter:card\" content=\"summary_large_image\" \/>\n<meta name=\"twitter:label1\" content=\"Est. reading time\" \/>\n\t<meta name=\"twitter:data1\" content=\"1 minute\" \/>\n<script type=\"application\/ld+json\" class=\"yoast-schema-graph\">{\"@context\":\"https:\\\/\\\/schema.org\",\"@graph\":[{\"@type\":\"WebPage\",\"@id\":\"https:\\\/\\\/prueba.bodegasmunoz.com\\\/en\\\/producto\\\/legado-munoz-chardonnay-2024\\\/\",\"url\":\"https:\\\/\\\/prueba.bodegasmunoz.com\\\/en\\\/producto\\\/legado-munoz-chardonnay-2024\\\/\",\"name\":\"Legado Mu\u00f1oz Chardonnay 2024 - Bodegas Mu\u00f1oz\",\"isPartOf\":{\"@id\":\"https:\\\/\\\/prueba.bodegasmunoz.com\\\/#website\"},\"primaryImageOfPage\":{\"@id\":\"https:\\\/\\\/prueba.bodegasmunoz.com\\\/en\\\/producto\\\/legado-munoz-chardonnay-2024\\\/#primaryimage\"},\"image\":{\"@id\":\"https:\\\/\\\/prueba.bodegasmunoz.com\\\/en\\\/producto\\\/legado-munoz-chardonnay-2024\\\/#primaryimage\"},\"thumbnailUrl\":\"https:\\\/\\\/prueba.bodegasmunoz.com\\\/wp-content\\\/uploads\\\/2025\\\/06\\\/Legado-Munoz-Chardonnay-2024.jpg\",\"datePublished\":\"2025-06-03T08:42:07+00:00\",\"dateModified\":\"2026-01-23T11:27:23+00:00\",\"breadcrumb\":{\"@id\":\"https:\\\/\\\/prueba.bodegasmunoz.com\\\/en\\\/producto\\\/legado-munoz-chardonnay-2024\\\/#breadcrumb\"},\"inLanguage\":\"en-US\",\"potentialAction\":[{\"@type\":\"ReadAction\",\"target\":[\"https:\\\/\\\/prueba.bodegasmunoz.com\\\/en\\\/producto\\\/legado-munoz-chardonnay-2024\\\/\"]}]},{\"@type\":\"ImageObject\",\"inLanguage\":\"en-US\",\"@id\":\"https:\\\/\\\/prueba.bodegasmunoz.com\\\/en\\\/producto\\\/legado-munoz-chardonnay-2024\\\/#primaryimage\",\"url\":\"https:\\\/\\\/prueba.bodegasmunoz.com\\\/wp-content\\\/uploads\\\/2025\\\/06\\\/Legado-Munoz-Chardonnay-2024.jpg\",\"contentUrl\":\"https:\\\/\\\/prueba.bodegasmunoz.com\\\/wp-content\\\/uploads\\\/2025\\\/06\\\/Legado-Munoz-Chardonnay-2024.jpg\",\"width\":1000,\"height\":1000,\"caption\":\"Legado-Mu\u00f1oz-Chardonnay-2024\"},{\"@type\":\"BreadcrumbList\",\"@id\":\"https:\\\/\\\/prueba.bodegasmunoz.com\\\/en\\\/producto\\\/legado-munoz-chardonnay-2024\\\/#breadcrumb\",\"itemListElement\":[{\"@type\":\"ListItem\",\"position\":1,\"name\":\"Portada\",\"item\":\"https:\\\/\\\/prueba.bodegasmunoz.com\\\/\"},{\"@type\":\"ListItem\",\"position\":2,\"name\":\"Tienda\",\"item\":\"https:\\\/\\\/prueba.bodegasmunoz.com\\\/tienda\\\/\"},{\"@type\":\"ListItem\",\"position\":3,\"name\":\"Legado Mu\u00f1oz Chardonnay 2024\"}]},{\"@type\":\"WebSite\",\"@id\":\"https:\\\/\\\/prueba.bodegasmunoz.com\\\/#website\",\"url\":\"https:\\\/\\\/prueba.bodegasmunoz.com\\\/\",\"name\":\"Bodegas Mu\u00f1oz\",\"description\":\"Vinos Premium en la Provincia de Toledo\",\"potentialAction\":[{\"@type\":\"SearchAction\",\"target\":{\"@type\":\"EntryPoint\",\"urlTemplate\":\"https:\\\/\\\/prueba.bodegasmunoz.com\\\/?s={search_term_string}\"},\"query-input\":{\"@type\":\"PropertyValueSpecification\",\"valueRequired\":true,\"valueName\":\"search_term_string\"}}],\"inLanguage\":\"en-US\"}]}<\/script>\n<!-- \/ Yoast SEO plugin. -->","yoast_head_json":{"title":"Legado Mu\u00f1oz Chardonnay 2024 - Bodegas Mu\u00f1oz","robots":{"index":"index","follow":"follow","max-snippet":"max-snippet:-1","max-image-preview":"max-image-preview:large","max-video-preview":"max-video-preview:-1"},"canonical":"https:\/\/prueba.bodegasmunoz.com\/en\/producto\/legado-munoz-chardonnay-2024\/","og_locale":"en_US","og_type":"article","og_title":"Legado Mu\u00f1oz Chardonnay 2024 - Bodegas Mu\u00f1oz","og_description":"Blanco monovarietal de una variedad internacional\u2026 fruta y estructura.  Con bello color amarillo pajizo con reflejos met\u00e1licos este vino tiene un aroma salpicado de frutas tropicales. Sabroso y expresivo es ideal para platos de pescado blanco, mariscos, pescado azul, ahumados, verduras, foie-gras, sopas, cremas.","og_url":"https:\/\/prueba.bodegasmunoz.com\/en\/producto\/legado-munoz-chardonnay-2024\/","og_site_name":"Bodegas Mu\u00f1oz","article_publisher":"https:\/\/www.facebook.com\/bodegasmunoz","article_modified_time":"2026-01-23T11:27:23+00:00","og_image":[{"width":1000,"height":1000,"url":"https:\/\/prueba.bodegasmunoz.com\/wp-content\/uploads\/2025\/06\/Legado-Munoz-Chardonnay-2024.jpg","type":"image\/jpeg"}],"twitter_card":"summary_large_image","twitter_misc":{"Est. reading time":"1 minute"},"schema":{"@context":"https:\/\/schema.org","@graph":[{"@type":"WebPage","@id":"https:\/\/prueba.bodegasmunoz.com\/en\/producto\/legado-munoz-chardonnay-2024\/","url":"https:\/\/prueba.bodegasmunoz.com\/en\/producto\/legado-munoz-chardonnay-2024\/","name":"Legado Mu\u00f1oz Chardonnay 2024 - Bodegas Mu\u00f1oz","isPartOf":{"@id":"https:\/\/prueba.bodegasmunoz.com\/#website"},"primaryImageOfPage":{"@id":"https:\/\/prueba.bodegasmunoz.com\/en\/producto\/legado-munoz-chardonnay-2024\/#primaryimage"},"image":{"@id":"https:\/\/prueba.bodegasmunoz.com\/en\/producto\/legado-munoz-chardonnay-2024\/#primaryimage"},"thumbnailUrl":"https:\/\/prueba.bodegasmunoz.com\/wp-content\/uploads\/2025\/06\/Legado-Munoz-Chardonnay-2024.jpg","datePublished":"2025-06-03T08:42:07+00:00","dateModified":"2026-01-23T11:27:23+00:00","breadcrumb":{"@id":"https:\/\/prueba.bodegasmunoz.com\/en\/producto\/legado-munoz-chardonnay-2024\/#breadcrumb"},"inLanguage":"en-US","potentialAction":[{"@type":"ReadAction","target":["https:\/\/prueba.bodegasmunoz.com\/en\/producto\/legado-munoz-chardonnay-2024\/"]}]},{"@type":"ImageObject","inLanguage":"en-US","@id":"https:\/\/prueba.bodegasmunoz.com\/en\/producto\/legado-munoz-chardonnay-2024\/#primaryimage","url":"https:\/\/prueba.bodegasmunoz.com\/wp-content\/uploads\/2025\/06\/Legado-Munoz-Chardonnay-2024.jpg","contentUrl":"https:\/\/prueba.bodegasmunoz.com\/wp-content\/uploads\/2025\/06\/Legado-Munoz-Chardonnay-2024.jpg","width":1000,"height":1000,"caption":"Legado-Mu\u00f1oz-Chardonnay-2024"},{"@type":"BreadcrumbList","@id":"https:\/\/prueba.bodegasmunoz.com\/en\/producto\/legado-munoz-chardonnay-2024\/#breadcrumb","itemListElement":[{"@type":"ListItem","position":1,"name":"Portada","item":"https:\/\/prueba.bodegasmunoz.com\/"},{"@type":"ListItem","position":2,"name":"Tienda","item":"https:\/\/prueba.bodegasmunoz.com\/tienda\/"},{"@type":"ListItem","position":3,"name":"Legado Mu\u00f1oz Chardonnay 2024"}]},{"@type":"WebSite","@id":"https:\/\/prueba.bodegasmunoz.com\/#website","url":"https:\/\/prueba.bodegasmunoz.com\/","name":"Bodegas Mu\u00f1oz","description":"Vinos Premium en la Provincia de Toledo","potentialAction":[{"@type":"SearchAction","target":{"@type":"EntryPoint","urlTemplate":"https:\/\/prueba.bodegasmunoz.com\/?s={search_term_string}"},"query-input":{"@type":"PropertyValueSpecification","valueRequired":true,"valueName":"search_term_string"}}],"inLanguage":"en-US"}]}},"_links":{"self":[{"href":"https:\/\/prueba.bodegasmunoz.com\/en\/wp-json\/wp\/v2\/product\/23130","targetHints":{"allow":["GET"]}}],"collection":[{"href":"https:\/\/prueba.bodegasmunoz.com\/en\/wp-json\/wp\/v2\/product"}],"about":[{"href":"https:\/\/prueba.bodegasmunoz.com\/en\/wp-json\/wp\/v2\/types\/product"}],"version-history":[{"count":1,"href":"https:\/\/prueba.bodegasmunoz.com\/en\/wp-json\/wp\/v2\/product\/23130\/revisions"}],"predecessor-version":[{"id":23131,"href":"https:\/\/prueba.bodegasmunoz.com\/en\/wp-json\/wp\/v2\/product\/23130\/revisions\/23131"}],"wp:featuredmedia":[{"embeddable":true,"href":"https:\/\/prueba.bodegasmunoz.com\/en\/wp-json\/wp\/v2\/media\/23294"}],"wp:attachment":[{"href":"https:\/\/prueba.bodegasmunoz.com\/en\/wp-json\/wp\/v2\/media?parent=23130"}],"wp:term":[{"taxonomy":"product_brand","embeddable":true,"href":"https:\/\/prueba.bodegasmunoz.com\/en\/wp-json\/wp\/v2\/product_brand?post=23130"},{"taxonomy":"product_cat","embeddable":true,"href":"https:\/\/prueba.bodegasmunoz.com\/en\/wp-json\/wp\/v2\/product_cat?post=23130"},{"taxonomy":"product_tag","embeddable":true,"href":"https:\/\/prueba.bodegasmunoz.com\/en\/wp-json\/wp\/v2\/product_tag?post=23130"}],"curies":[{"name":"wp","href":"https:\/\/api.w.org\/{rel}","templated":true}]}}