{"id":22957,"date":"2025-05-14T13:44:53","date_gmt":"2025-05-14T11:44:53","guid":{"rendered":"http:\/\/prueba.bodegasmunoz.com\/?post_type=product&#038;p=22957"},"modified":"2025-05-25T12:58:13","modified_gmt":"2025-05-25T10:58:13","slug":"blas-munoz-chardonnay-2024","status":"publish","type":"product","link":"https:\/\/prueba.bodegasmunoz.com\/en\/producto\/blas-munoz-chardonnay-2024\/","title":{"rendered":"Blas Mu\u00f1oz Chardonnay 2024"},"content":{"rendered":"<p><b>A\u00d1ADA<\/b><\/p>\n<p>La a\u00f1ada 2024 representa un regreso al equilibrio tras a\u00f1os de extremos clim\u00e1ticos. Las lluvias oto\u00f1ales e invernales permitieron reponer las reservas h\u00eddricas del suelo, favoreciendo un ciclo vegetativo sin estr\u00e9s h\u00eddrico significativo. Aunque el calor hizo acto de presencia en verano, las temperaturas moderadas facilitaron una maduraci\u00f3n equilibrada.<\/p>\n<p><b>VI\u00d1EDO<\/b><\/p>\n<p>Situado en la mesa de Oca\u00f1a, al norte de la provincia de Toledo, se encuentra nuestro vi\u00f1edo de Chardonnay a una altitud de 730 m. sobre suelos arcillo-calc\u00e1reos del terciario.<\/p>\n<p>La plantaci\u00f3n se hizo en los a\u00f1os 1.998 y 2.005 y est\u00e1 conducida en espaldera vertical a una densidad de plantaci\u00f3n de 2.747 cepas\/ha.<\/p>\n<p><b>NOTAS DE CATA<\/b><\/p>\n<ul>\n<li><strong>Visual<\/strong>: Amarillo lim\u00f3n con ribete dorado.<\/li>\n<li><strong>Nariz<\/strong>: Aroma complejo con predominio de fruta de hueso, especias dulces y toques de pasteler\u00eda combinado con notas tostadas y de vainilla<\/li>\n<li><strong>Boca<\/strong>: C\u00e1lido y graso, envolviendo el paladar con un final de buena crianza. Su persistencia en boca es prolongada.<\/li>\n<\/ul>\n<p><b>RECOMENDACIONES<\/b><\/p>\n<ul>\n<li><strong>Maridaje<\/strong>: Platos elaborados con pescados de todo tipo, mariscos y arroces. Perfecto tambi\u00e9n con carnes blancas asadas<\/li>\n<li><strong>Temperatura servicio<\/strong>: 11-13 \u00baC.<\/li>\n<\/ul>\n<p><strong>ESPECIFICACIONES T\u00c9CNICAS<\/strong><\/p>\n<ul>\n<li><strong>Variedad:<\/strong> Chardonnay<\/li>\n<li><strong>Edad del vi\u00f1edo:<\/strong> 20 a\u00f1os<\/li>\n<li><strong>Temperatura fermentaci\u00f3n:<\/strong> 14-22 \u00baC<\/li>\n<li><strong>Tiempo de maceraci\u00f3n:<\/strong> 10 horas<\/li>\n<li><strong>Tiempo de barrica:<\/strong> 6 meses<\/li>\n<li><strong>Alcohol:<\/strong> Alc. 14,40% Vol.<\/li>\n<li><strong>Acidez:<\/strong> 7,1 g\/l.<\/li>\n<li><strong>SO2 total:<\/strong> 136 ppm<\/li>\n<\/ul>\n","protected":false},"excerpt":{"rendered":"<p><strong>Blanco fermentado y criado en roble\u2026 elegante y potente.<\/strong><\/p>\n<p>De atractivo color amarillo con reflejos dorados, este vino es c\u00e1lido y glic\u00e9rico, con notas de fruta de hueso y pasteler\u00eda. Puede tomarse con platos elaborados de pescados y mariscos, arroces, incluso con carnes asadas, como cordero, cabrito&#8230; etc..<\/p>\n","protected":false},"featured_media":22884,"template":"","meta":[],"product_brand":[],"product_cat":[116],"product_tag":[],"class_list":{"0":"post-22957","1":"product","2":"type-product","3":"status-publish","4":"has-post-thumbnail","6":"product_cat-blas-munoz","8":"first","9":"instock","10":"taxable","11":"shipping-taxable","12":"purchasable","13":"product-type-simple"},"yoast_head":"<!-- This site is optimized with the Yoast SEO plugin v27.3 - https:\/\/yoast.com\/product\/yoast-seo-wordpress\/ -->\n<title>Blas Mu\u00f1oz Chardonnay 2024 - Bodegas Mu\u00f1oz<\/title>\n<meta name=\"robots\" content=\"index, follow, max-snippet:-1, max-image-preview:large, max-video-preview:-1\" \/>\n<link rel=\"canonical\" href=\"https:\/\/prueba.bodegasmunoz.com\/producto\/blas-munoz-chardonnay-2024\/\" \/>\n<meta property=\"og:locale\" content=\"en_US\" \/>\n<meta property=\"og:type\" content=\"article\" \/>\n<meta property=\"og:title\" content=\"Blas Mu\u00f1oz Chardonnay 2024 - Bodegas Mu\u00f1oz\" \/>\n<meta property=\"og:description\" content=\"Blanco fermentado y criado en roble\u2026 elegante y potente.  De atractivo color amarillo con reflejos dorados, este vino es c\u00e1lido y glic\u00e9rico, con notas de fruta de hueso y pasteler\u00eda. Puede tomarse con platos elaborados de pescados y mariscos, arroces, incluso con carnes asadas, como cordero, cabrito... etc..\" \/>\n<meta property=\"og:url\" content=\"https:\/\/prueba.bodegasmunoz.com\/producto\/blas-munoz-chardonnay-2024\/\" \/>\n<meta property=\"og:site_name\" content=\"Bodegas Mu\u00f1oz\" \/>\n<meta property=\"article:publisher\" content=\"https:\/\/www.facebook.com\/bodegasmunoz\" \/>\n<meta property=\"article:modified_time\" content=\"2025-05-25T10:58:13+00:00\" \/>\n<meta property=\"og:image\" content=\"https:\/\/prueba.bodegasmunoz.com\/wp-content\/uploads\/2024\/05\/Blas-Munoz-Chardonnay-sin-anada-cuadrado.jpg\" \/>\n\t<meta property=\"og:image:width\" content=\"1024\" \/>\n\t<meta property=\"og:image:height\" content=\"1024\" \/>\n\t<meta property=\"og:image:type\" content=\"image\/jpeg\" \/>\n<meta name=\"twitter:card\" content=\"summary_large_image\" \/>\n<meta name=\"twitter:label1\" content=\"Est. reading time\" \/>\n\t<meta name=\"twitter:data1\" content=\"2 minutes\" \/>\n<script type=\"application\/ld+json\" class=\"yoast-schema-graph\">{\"@context\":\"https:\\\/\\\/schema.org\",\"@graph\":[{\"@type\":\"WebPage\",\"@id\":\"https:\\\/\\\/prueba.bodegasmunoz.com\\\/producto\\\/blas-munoz-chardonnay-2024\\\/\",\"url\":\"https:\\\/\\\/prueba.bodegasmunoz.com\\\/producto\\\/blas-munoz-chardonnay-2024\\\/\",\"name\":\"Blas Mu\u00f1oz Chardonnay 2024 - Bodegas Mu\u00f1oz\",\"isPartOf\":{\"@id\":\"https:\\\/\\\/prueba.bodegasmunoz.com\\\/#website\"},\"primaryImageOfPage\":{\"@id\":\"https:\\\/\\\/prueba.bodegasmunoz.com\\\/producto\\\/blas-munoz-chardonnay-2024\\\/#primaryimage\"},\"image\":{\"@id\":\"https:\\\/\\\/prueba.bodegasmunoz.com\\\/producto\\\/blas-munoz-chardonnay-2024\\\/#primaryimage\"},\"thumbnailUrl\":\"https:\\\/\\\/prueba.bodegasmunoz.com\\\/wp-content\\\/uploads\\\/2024\\\/05\\\/Blas-Munoz-Chardonnay-sin-anada-cuadrado.jpg\",\"datePublished\":\"2025-05-14T11:44:53+00:00\",\"dateModified\":\"2025-05-25T10:58:13+00:00\",\"breadcrumb\":{\"@id\":\"https:\\\/\\\/prueba.bodegasmunoz.com\\\/producto\\\/blas-munoz-chardonnay-2024\\\/#breadcrumb\"},\"inLanguage\":\"en-US\",\"potentialAction\":[{\"@type\":\"ReadAction\",\"target\":[\"https:\\\/\\\/prueba.bodegasmunoz.com\\\/producto\\\/blas-munoz-chardonnay-2024\\\/\"]}]},{\"@type\":\"ImageObject\",\"inLanguage\":\"en-US\",\"@id\":\"https:\\\/\\\/prueba.bodegasmunoz.com\\\/producto\\\/blas-munoz-chardonnay-2024\\\/#primaryimage\",\"url\":\"https:\\\/\\\/prueba.bodegasmunoz.com\\\/wp-content\\\/uploads\\\/2024\\\/05\\\/Blas-Munoz-Chardonnay-sin-anada-cuadrado.jpg\",\"contentUrl\":\"https:\\\/\\\/prueba.bodegasmunoz.com\\\/wp-content\\\/uploads\\\/2024\\\/05\\\/Blas-Munoz-Chardonnay-sin-anada-cuadrado.jpg\",\"width\":1024,\"height\":1024,\"caption\":\"Blas Mu\u00f1oz Chardonnay - Bodegas Mu\u00f1oz\"},{\"@type\":\"BreadcrumbList\",\"@id\":\"https:\\\/\\\/prueba.bodegasmunoz.com\\\/producto\\\/blas-munoz-chardonnay-2024\\\/#breadcrumb\",\"itemListElement\":[{\"@type\":\"ListItem\",\"position\":1,\"name\":\"Portada\",\"item\":\"https:\\\/\\\/prueba.bodegasmunoz.com\\\/\"},{\"@type\":\"ListItem\",\"position\":2,\"name\":\"Tienda\",\"item\":\"https:\\\/\\\/prueba.bodegasmunoz.com\\\/tienda\\\/\"},{\"@type\":\"ListItem\",\"position\":3,\"name\":\"Blas Mu\u00f1oz Chardonnay 2024\"}]},{\"@type\":\"WebSite\",\"@id\":\"https:\\\/\\\/prueba.bodegasmunoz.com\\\/#website\",\"url\":\"https:\\\/\\\/prueba.bodegasmunoz.com\\\/\",\"name\":\"Bodegas Mu\u00f1oz\",\"description\":\"Vinos Premium en la Provincia de Toledo\",\"potentialAction\":[{\"@type\":\"SearchAction\",\"target\":{\"@type\":\"EntryPoint\",\"urlTemplate\":\"https:\\\/\\\/prueba.bodegasmunoz.com\\\/?s={search_term_string}\"},\"query-input\":{\"@type\":\"PropertyValueSpecification\",\"valueRequired\":true,\"valueName\":\"search_term_string\"}}],\"inLanguage\":\"en-US\"}]}<\/script>\n<!-- \/ Yoast SEO plugin. -->","yoast_head_json":{"title":"Blas Mu\u00f1oz Chardonnay 2024 - Bodegas Mu\u00f1oz","robots":{"index":"index","follow":"follow","max-snippet":"max-snippet:-1","max-image-preview":"max-image-preview:large","max-video-preview":"max-video-preview:-1"},"canonical":"https:\/\/prueba.bodegasmunoz.com\/producto\/blas-munoz-chardonnay-2024\/","og_locale":"en_US","og_type":"article","og_title":"Blas Mu\u00f1oz Chardonnay 2024 - Bodegas Mu\u00f1oz","og_description":"Blanco fermentado y criado en roble\u2026 elegante y potente.  De atractivo color amarillo con reflejos dorados, este vino es c\u00e1lido y glic\u00e9rico, con notas de fruta de hueso y pasteler\u00eda. Puede tomarse con platos elaborados de pescados y mariscos, arroces, incluso con carnes asadas, como cordero, cabrito... etc..","og_url":"https:\/\/prueba.bodegasmunoz.com\/producto\/blas-munoz-chardonnay-2024\/","og_site_name":"Bodegas Mu\u00f1oz","article_publisher":"https:\/\/www.facebook.com\/bodegasmunoz","article_modified_time":"2025-05-25T10:58:13+00:00","og_image":[{"width":1024,"height":1024,"url":"https:\/\/prueba.bodegasmunoz.com\/wp-content\/uploads\/2024\/05\/Blas-Munoz-Chardonnay-sin-anada-cuadrado.jpg","type":"image\/jpeg"}],"twitter_card":"summary_large_image","twitter_misc":{"Est. reading time":"2 minutes"},"schema":{"@context":"https:\/\/schema.org","@graph":[{"@type":"WebPage","@id":"https:\/\/prueba.bodegasmunoz.com\/producto\/blas-munoz-chardonnay-2024\/","url":"https:\/\/prueba.bodegasmunoz.com\/producto\/blas-munoz-chardonnay-2024\/","name":"Blas Mu\u00f1oz Chardonnay 2024 - Bodegas Mu\u00f1oz","isPartOf":{"@id":"https:\/\/prueba.bodegasmunoz.com\/#website"},"primaryImageOfPage":{"@id":"https:\/\/prueba.bodegasmunoz.com\/producto\/blas-munoz-chardonnay-2024\/#primaryimage"},"image":{"@id":"https:\/\/prueba.bodegasmunoz.com\/producto\/blas-munoz-chardonnay-2024\/#primaryimage"},"thumbnailUrl":"https:\/\/prueba.bodegasmunoz.com\/wp-content\/uploads\/2024\/05\/Blas-Munoz-Chardonnay-sin-anada-cuadrado.jpg","datePublished":"2025-05-14T11:44:53+00:00","dateModified":"2025-05-25T10:58:13+00:00","breadcrumb":{"@id":"https:\/\/prueba.bodegasmunoz.com\/producto\/blas-munoz-chardonnay-2024\/#breadcrumb"},"inLanguage":"en-US","potentialAction":[{"@type":"ReadAction","target":["https:\/\/prueba.bodegasmunoz.com\/producto\/blas-munoz-chardonnay-2024\/"]}]},{"@type":"ImageObject","inLanguage":"en-US","@id":"https:\/\/prueba.bodegasmunoz.com\/producto\/blas-munoz-chardonnay-2024\/#primaryimage","url":"https:\/\/prueba.bodegasmunoz.com\/wp-content\/uploads\/2024\/05\/Blas-Munoz-Chardonnay-sin-anada-cuadrado.jpg","contentUrl":"https:\/\/prueba.bodegasmunoz.com\/wp-content\/uploads\/2024\/05\/Blas-Munoz-Chardonnay-sin-anada-cuadrado.jpg","width":1024,"height":1024,"caption":"Blas Mu\u00f1oz Chardonnay - Bodegas Mu\u00f1oz"},{"@type":"BreadcrumbList","@id":"https:\/\/prueba.bodegasmunoz.com\/producto\/blas-munoz-chardonnay-2024\/#breadcrumb","itemListElement":[{"@type":"ListItem","position":1,"name":"Portada","item":"https:\/\/prueba.bodegasmunoz.com\/"},{"@type":"ListItem","position":2,"name":"Tienda","item":"https:\/\/prueba.bodegasmunoz.com\/tienda\/"},{"@type":"ListItem","position":3,"name":"Blas Mu\u00f1oz Chardonnay 2024"}]},{"@type":"WebSite","@id":"https:\/\/prueba.bodegasmunoz.com\/#website","url":"https:\/\/prueba.bodegasmunoz.com\/","name":"Bodegas Mu\u00f1oz","description":"Vinos Premium en la Provincia de Toledo","potentialAction":[{"@type":"SearchAction","target":{"@type":"EntryPoint","urlTemplate":"https:\/\/prueba.bodegasmunoz.com\/?s={search_term_string}"},"query-input":{"@type":"PropertyValueSpecification","valueRequired":true,"valueName":"search_term_string"}}],"inLanguage":"en-US"}]}},"_links":{"self":[{"href":"https:\/\/prueba.bodegasmunoz.com\/en\/wp-json\/wp\/v2\/product\/22957","targetHints":{"allow":["GET"]}}],"collection":[{"href":"https:\/\/prueba.bodegasmunoz.com\/en\/wp-json\/wp\/v2\/product"}],"about":[{"href":"https:\/\/prueba.bodegasmunoz.com\/en\/wp-json\/wp\/v2\/types\/product"}],"version-history":[{"count":2,"href":"https:\/\/prueba.bodegasmunoz.com\/en\/wp-json\/wp\/v2\/product\/22957\/revisions"}],"predecessor-version":[{"id":22959,"href":"https:\/\/prueba.bodegasmunoz.com\/en\/wp-json\/wp\/v2\/product\/22957\/revisions\/22959"}],"wp:featuredmedia":[{"embeddable":true,"href":"https:\/\/prueba.bodegasmunoz.com\/en\/wp-json\/wp\/v2\/media\/22884"}],"wp:attachment":[{"href":"https:\/\/prueba.bodegasmunoz.com\/en\/wp-json\/wp\/v2\/media?parent=22957"}],"wp:term":[{"taxonomy":"product_brand","embeddable":true,"href":"https:\/\/prueba.bodegasmunoz.com\/en\/wp-json\/wp\/v2\/product_brand?post=22957"},{"taxonomy":"product_cat","embeddable":true,"href":"https:\/\/prueba.bodegasmunoz.com\/en\/wp-json\/wp\/v2\/product_cat?post=22957"},{"taxonomy":"product_tag","embeddable":true,"href":"https:\/\/prueba.bodegasmunoz.com\/en\/wp-json\/wp\/v2\/product_tag?post=22957"}],"curies":[{"name":"wp","href":"https:\/\/api.w.org\/{rel}","templated":true}]}}