{"id":22919,"date":"2025-05-08T08:42:23","date_gmt":"2025-05-08T06:42:23","guid":{"rendered":"http:\/\/prueba.bodegasmunoz.com\/?post_type=product&#038;p=22919"},"modified":"2025-11-11T12:57:02","modified_gmt":"2025-11-11T11:57:02","slug":"legado-munoz-macabeo-verdejo-2024","status":"publish","type":"product","link":"https:\/\/prueba.bodegasmunoz.com\/en\/producto\/legado-munoz-macabeo-verdejo-2024\/","title":{"rendered":"Legado Mu\u00f1oz Macabeo &#038; Verdejo 2024"},"content":{"rendered":"<p><b>A\u00d1ADA<\/b><\/p>\n<p>La a\u00f1ada 2024 representa un regreso al equilibrio tras a\u00f1os de extremos clim\u00e1ticos. Las lluvias oto\u00f1ales e invernales permitieron reponer las reservas h\u00eddricas del suelo, favoreciendo un ciclo vegetativo sin estr\u00e9s h\u00eddrico significativo. Aunque el calor hizo acto de presencia en verano, las temperaturas moderadas facilitaron una maduraci\u00f3n equilibrada.<\/p>\n<p><b>NOTAS DE CATA<\/b><\/p>\n<ul>\n<li><strong>Visual<\/strong>:\u00a0Amarillo pajizo de capa baja con ribete acerado.<\/li>\n<li><strong>Nariz<\/strong>:\u00a0Aroma de intensidad alta dominado por notas de frutos c\u00edtricos y tropicales.<\/li>\n<li><strong>Boca<\/strong>: Frutal, Fresco y equilibrado, con buena acidez y amplio paso de boca.<\/li>\n<\/ul>\n<p><b>RECOMENDACIONES<\/b><\/p>\n<ul>\n<li><strong>Maridaje<\/strong>:\u00a0Pescados, pastas, arroces, verduras y quesos tiernos y semicurados.<\/li>\n<li><strong>T\u00aa\u00a0Servicio<\/strong>: 6-8 \u00baC.<\/li>\n<\/ul>\n<p><b>ESPECIFICACIONES T\u00c9CNICAS<\/b><\/p>\n<ul>\n<li><strong>Variedad<\/strong>:\u00a0Macabeo &amp; Verdejo<\/li>\n<li><strong>Edad del vi\u00f1edo<\/strong>: 11 &#8211; 20 a\u00f1os<\/li>\n<li><strong>Temperatura fermentaci\u00f3n<\/strong>:\u00a014\u00baC<\/li>\n<li><strong>Tiempo de maceraci\u00f3n<\/strong>:\u00a011 horas<\/li>\n<li><strong>Tiempo\u00a0en barrica<\/strong>:\u00a0Sin\u00a0barrica<\/li>\n<li><strong>Alcohol<\/strong>: Alc. 12,50% Vol.<\/li>\n<li><strong>Acidez<\/strong>: 5,89 g\/l.<\/li>\n<li><strong>SO2 total<\/strong>: 115 ppm.<\/li>\n<\/ul>\n","protected":false},"excerpt":{"rendered":"<p><em><strong>Coupage de varietales arom\u00e1ticas\u2026 un vino fresco para cualquier ocasi\u00f3n<\/strong><\/em><\/p>\n<p>Este vino que presenta un color amarillo pajizo p\u00e1lido, y un intenso aroma donde predominan los frutos c\u00edtricos y tropicales, es fresco a la vez que amplio en su paso de boca. Resulta ideal para acompa\u00f1ar pescados, pastas y arroces.<\/p>\n","protected":false},"featured_media":22888,"template":"","meta":[],"product_brand":[],"product_cat":[74],"product_tag":[],"class_list":{"0":"post-22919","1":"product","2":"type-product","3":"status-publish","4":"has-post-thumbnail","6":"product_cat-legado-munoz","8":"first","9":"instock","10":"taxable","11":"shipping-taxable","12":"purchasable","13":"product-type-simple"},"yoast_head":"<!-- This site is optimized with the Yoast SEO plugin v27.3 - https:\/\/yoast.com\/product\/yoast-seo-wordpress\/ -->\n<title>Legado Mu\u00f1oz Macabeo &amp; Verdejo 2024 - Bodegas Mu\u00f1oz<\/title>\n<meta name=\"robots\" content=\"index, follow, max-snippet:-1, max-image-preview:large, max-video-preview:-1\" \/>\n<link rel=\"canonical\" href=\"https:\/\/prueba.bodegasmunoz.com\/en\/producto\/legado-munoz-macabeo-verdejo-2024\/\" \/>\n<meta property=\"og:locale\" content=\"en_US\" \/>\n<meta property=\"og:type\" content=\"article\" \/>\n<meta property=\"og:title\" content=\"Legado Mu\u00f1oz Macabeo &amp; Verdejo 2024 - Bodegas Mu\u00f1oz\" \/>\n<meta property=\"og:description\" content=\"Coupage de varietales arom\u00e1ticas\u2026 un vino fresco para cualquier ocasi\u00f3n  Este vino que presenta un color amarillo pajizo p\u00e1lido, y un intenso aroma donde predominan los frutos c\u00edtricos y tropicales, es fresco a la vez que amplio en su paso de boca. Resulta ideal para acompa\u00f1ar pescados, pastas y arroces.\" \/>\n<meta property=\"og:url\" content=\"https:\/\/prueba.bodegasmunoz.com\/en\/producto\/legado-munoz-macabeo-verdejo-2024\/\" \/>\n<meta property=\"og:site_name\" content=\"Bodegas Mu\u00f1oz\" \/>\n<meta property=\"article:publisher\" content=\"https:\/\/www.facebook.com\/bodegasmunoz\" \/>\n<meta property=\"article:modified_time\" content=\"2025-11-11T11:57:02+00:00\" \/>\n<meta property=\"og:image\" content=\"https:\/\/prueba.bodegasmunoz.com\/wp-content\/uploads\/2024\/03\/Bodegas-Munoz-Legado-Munoz-Macabeo-y-Verdejo-sin-anada-cuadrado.jpg\" \/>\n\t<meta property=\"og:image:width\" content=\"1024\" \/>\n\t<meta property=\"og:image:height\" content=\"1024\" \/>\n\t<meta property=\"og:image:type\" content=\"image\/jpeg\" \/>\n<meta name=\"twitter:card\" content=\"summary_large_image\" \/>\n<meta name=\"twitter:label1\" content=\"Est. reading time\" \/>\n\t<meta name=\"twitter:data1\" content=\"1 minute\" \/>\n<script type=\"application\/ld+json\" class=\"yoast-schema-graph\">{\"@context\":\"https:\\\/\\\/schema.org\",\"@graph\":[{\"@type\":\"WebPage\",\"@id\":\"https:\\\/\\\/prueba.bodegasmunoz.com\\\/en\\\/producto\\\/legado-munoz-macabeo-verdejo-2024\\\/\",\"url\":\"https:\\\/\\\/prueba.bodegasmunoz.com\\\/en\\\/producto\\\/legado-munoz-macabeo-verdejo-2024\\\/\",\"name\":\"Legado Mu\u00f1oz Macabeo & Verdejo 2024 - Bodegas Mu\u00f1oz\",\"isPartOf\":{\"@id\":\"https:\\\/\\\/prueba.bodegasmunoz.com\\\/#website\"},\"primaryImageOfPage\":{\"@id\":\"https:\\\/\\\/prueba.bodegasmunoz.com\\\/en\\\/producto\\\/legado-munoz-macabeo-verdejo-2024\\\/#primaryimage\"},\"image\":{\"@id\":\"https:\\\/\\\/prueba.bodegasmunoz.com\\\/en\\\/producto\\\/legado-munoz-macabeo-verdejo-2024\\\/#primaryimage\"},\"thumbnailUrl\":\"https:\\\/\\\/prueba.bodegasmunoz.com\\\/wp-content\\\/uploads\\\/2024\\\/03\\\/Bodegas-Munoz-Legado-Munoz-Macabeo-y-Verdejo-sin-anada-cuadrado.jpg\",\"datePublished\":\"2025-05-08T06:42:23+00:00\",\"dateModified\":\"2025-11-11T11:57:02+00:00\",\"breadcrumb\":{\"@id\":\"https:\\\/\\\/prueba.bodegasmunoz.com\\\/en\\\/producto\\\/legado-munoz-macabeo-verdejo-2024\\\/#breadcrumb\"},\"inLanguage\":\"en-US\",\"potentialAction\":[{\"@type\":\"ReadAction\",\"target\":[\"https:\\\/\\\/prueba.bodegasmunoz.com\\\/en\\\/producto\\\/legado-munoz-macabeo-verdejo-2024\\\/\"]}]},{\"@type\":\"ImageObject\",\"inLanguage\":\"en-US\",\"@id\":\"https:\\\/\\\/prueba.bodegasmunoz.com\\\/en\\\/producto\\\/legado-munoz-macabeo-verdejo-2024\\\/#primaryimage\",\"url\":\"https:\\\/\\\/prueba.bodegasmunoz.com\\\/wp-content\\\/uploads\\\/2024\\\/03\\\/Bodegas-Munoz-Legado-Munoz-Macabeo-y-Verdejo-sin-anada-cuadrado.jpg\",\"contentUrl\":\"https:\\\/\\\/prueba.bodegasmunoz.com\\\/wp-content\\\/uploads\\\/2024\\\/03\\\/Bodegas-Munoz-Legado-Munoz-Macabeo-y-Verdejo-sin-anada-cuadrado.jpg\",\"width\":1024,\"height\":1024,\"caption\":\"Bodegas Mu\u00f1oz - Legado Mu\u00f1oz Macabeo y Verdejo\"},{\"@type\":\"BreadcrumbList\",\"@id\":\"https:\\\/\\\/prueba.bodegasmunoz.com\\\/en\\\/producto\\\/legado-munoz-macabeo-verdejo-2024\\\/#breadcrumb\",\"itemListElement\":[{\"@type\":\"ListItem\",\"position\":1,\"name\":\"Portada\",\"item\":\"https:\\\/\\\/prueba.bodegasmunoz.com\\\/\"},{\"@type\":\"ListItem\",\"position\":2,\"name\":\"Tienda\",\"item\":\"https:\\\/\\\/prueba.bodegasmunoz.com\\\/tienda\\\/\"},{\"@type\":\"ListItem\",\"position\":3,\"name\":\"Legado Mu\u00f1oz Macabeo &#038; Verdejo 2024\"}]},{\"@type\":\"WebSite\",\"@id\":\"https:\\\/\\\/prueba.bodegasmunoz.com\\\/#website\",\"url\":\"https:\\\/\\\/prueba.bodegasmunoz.com\\\/\",\"name\":\"Bodegas Mu\u00f1oz\",\"description\":\"Vinos Premium en la Provincia de Toledo\",\"potentialAction\":[{\"@type\":\"SearchAction\",\"target\":{\"@type\":\"EntryPoint\",\"urlTemplate\":\"https:\\\/\\\/prueba.bodegasmunoz.com\\\/?s={search_term_string}\"},\"query-input\":{\"@type\":\"PropertyValueSpecification\",\"valueRequired\":true,\"valueName\":\"search_term_string\"}}],\"inLanguage\":\"en-US\"}]}<\/script>\n<!-- \/ Yoast SEO plugin. -->","yoast_head_json":{"title":"Legado Mu\u00f1oz Macabeo & Verdejo 2024 - Bodegas Mu\u00f1oz","robots":{"index":"index","follow":"follow","max-snippet":"max-snippet:-1","max-image-preview":"max-image-preview:large","max-video-preview":"max-video-preview:-1"},"canonical":"https:\/\/prueba.bodegasmunoz.com\/en\/producto\/legado-munoz-macabeo-verdejo-2024\/","og_locale":"en_US","og_type":"article","og_title":"Legado Mu\u00f1oz Macabeo & Verdejo 2024 - Bodegas Mu\u00f1oz","og_description":"Coupage de varietales arom\u00e1ticas\u2026 un vino fresco para cualquier ocasi\u00f3n  Este vino que presenta un color amarillo pajizo p\u00e1lido, y un intenso aroma donde predominan los frutos c\u00edtricos y tropicales, es fresco a la vez que amplio en su paso de boca. Resulta ideal para acompa\u00f1ar pescados, pastas y arroces.","og_url":"https:\/\/prueba.bodegasmunoz.com\/en\/producto\/legado-munoz-macabeo-verdejo-2024\/","og_site_name":"Bodegas Mu\u00f1oz","article_publisher":"https:\/\/www.facebook.com\/bodegasmunoz","article_modified_time":"2025-11-11T11:57:02+00:00","og_image":[{"width":1024,"height":1024,"url":"https:\/\/prueba.bodegasmunoz.com\/wp-content\/uploads\/2024\/03\/Bodegas-Munoz-Legado-Munoz-Macabeo-y-Verdejo-sin-anada-cuadrado.jpg","type":"image\/jpeg"}],"twitter_card":"summary_large_image","twitter_misc":{"Est. reading time":"1 minute"},"schema":{"@context":"https:\/\/schema.org","@graph":[{"@type":"WebPage","@id":"https:\/\/prueba.bodegasmunoz.com\/en\/producto\/legado-munoz-macabeo-verdejo-2024\/","url":"https:\/\/prueba.bodegasmunoz.com\/en\/producto\/legado-munoz-macabeo-verdejo-2024\/","name":"Legado Mu\u00f1oz Macabeo & Verdejo 2024 - Bodegas Mu\u00f1oz","isPartOf":{"@id":"https:\/\/prueba.bodegasmunoz.com\/#website"},"primaryImageOfPage":{"@id":"https:\/\/prueba.bodegasmunoz.com\/en\/producto\/legado-munoz-macabeo-verdejo-2024\/#primaryimage"},"image":{"@id":"https:\/\/prueba.bodegasmunoz.com\/en\/producto\/legado-munoz-macabeo-verdejo-2024\/#primaryimage"},"thumbnailUrl":"https:\/\/prueba.bodegasmunoz.com\/wp-content\/uploads\/2024\/03\/Bodegas-Munoz-Legado-Munoz-Macabeo-y-Verdejo-sin-anada-cuadrado.jpg","datePublished":"2025-05-08T06:42:23+00:00","dateModified":"2025-11-11T11:57:02+00:00","breadcrumb":{"@id":"https:\/\/prueba.bodegasmunoz.com\/en\/producto\/legado-munoz-macabeo-verdejo-2024\/#breadcrumb"},"inLanguage":"en-US","potentialAction":[{"@type":"ReadAction","target":["https:\/\/prueba.bodegasmunoz.com\/en\/producto\/legado-munoz-macabeo-verdejo-2024\/"]}]},{"@type":"ImageObject","inLanguage":"en-US","@id":"https:\/\/prueba.bodegasmunoz.com\/en\/producto\/legado-munoz-macabeo-verdejo-2024\/#primaryimage","url":"https:\/\/prueba.bodegasmunoz.com\/wp-content\/uploads\/2024\/03\/Bodegas-Munoz-Legado-Munoz-Macabeo-y-Verdejo-sin-anada-cuadrado.jpg","contentUrl":"https:\/\/prueba.bodegasmunoz.com\/wp-content\/uploads\/2024\/03\/Bodegas-Munoz-Legado-Munoz-Macabeo-y-Verdejo-sin-anada-cuadrado.jpg","width":1024,"height":1024,"caption":"Bodegas Mu\u00f1oz - Legado Mu\u00f1oz Macabeo y Verdejo"},{"@type":"BreadcrumbList","@id":"https:\/\/prueba.bodegasmunoz.com\/en\/producto\/legado-munoz-macabeo-verdejo-2024\/#breadcrumb","itemListElement":[{"@type":"ListItem","position":1,"name":"Portada","item":"https:\/\/prueba.bodegasmunoz.com\/"},{"@type":"ListItem","position":2,"name":"Tienda","item":"https:\/\/prueba.bodegasmunoz.com\/tienda\/"},{"@type":"ListItem","position":3,"name":"Legado Mu\u00f1oz Macabeo &#038; Verdejo 2024"}]},{"@type":"WebSite","@id":"https:\/\/prueba.bodegasmunoz.com\/#website","url":"https:\/\/prueba.bodegasmunoz.com\/","name":"Bodegas Mu\u00f1oz","description":"Vinos Premium en la Provincia de Toledo","potentialAction":[{"@type":"SearchAction","target":{"@type":"EntryPoint","urlTemplate":"https:\/\/prueba.bodegasmunoz.com\/?s={search_term_string}"},"query-input":{"@type":"PropertyValueSpecification","valueRequired":true,"valueName":"search_term_string"}}],"inLanguage":"en-US"}]}},"_links":{"self":[{"href":"https:\/\/prueba.bodegasmunoz.com\/en\/wp-json\/wp\/v2\/product\/22919","targetHints":{"allow":["GET"]}}],"collection":[{"href":"https:\/\/prueba.bodegasmunoz.com\/en\/wp-json\/wp\/v2\/product"}],"about":[{"href":"https:\/\/prueba.bodegasmunoz.com\/en\/wp-json\/wp\/v2\/types\/product"}],"version-history":[{"count":1,"href":"https:\/\/prueba.bodegasmunoz.com\/en\/wp-json\/wp\/v2\/product\/22919\/revisions"}],"predecessor-version":[{"id":22920,"href":"https:\/\/prueba.bodegasmunoz.com\/en\/wp-json\/wp\/v2\/product\/22919\/revisions\/22920"}],"wp:featuredmedia":[{"embeddable":true,"href":"https:\/\/prueba.bodegasmunoz.com\/en\/wp-json\/wp\/v2\/media\/22888"}],"wp:attachment":[{"href":"https:\/\/prueba.bodegasmunoz.com\/en\/wp-json\/wp\/v2\/media?parent=22919"}],"wp:term":[{"taxonomy":"product_brand","embeddable":true,"href":"https:\/\/prueba.bodegasmunoz.com\/en\/wp-json\/wp\/v2\/product_brand?post=22919"},{"taxonomy":"product_cat","embeddable":true,"href":"https:\/\/prueba.bodegasmunoz.com\/en\/wp-json\/wp\/v2\/product_cat?post=22919"},{"taxonomy":"product_tag","embeddable":true,"href":"https:\/\/prueba.bodegasmunoz.com\/en\/wp-json\/wp\/v2\/product_tag?post=22919"}],"curies":[{"name":"wp","href":"https:\/\/api.w.org\/{rel}","templated":true}]}}