{"id":22869,"date":"2025-04-23T12:53:31","date_gmt":"2025-04-23T10:53:31","guid":{"rendered":"http:\/\/prueba.bodegasmunoz.com\/?post_type=product&#038;p=22869"},"modified":"2026-01-23T12:27:02","modified_gmt":"2026-01-23T11:27:02","slug":"legado-munoz-garnacha-2023","status":"publish","type":"product","link":"https:\/\/prueba.bodegasmunoz.com\/en\/producto\/legado-munoz-garnacha-2023\/","title":{"rendered":"Legado Mu\u00f1oz Garnacha 2023"},"content":{"rendered":"<p><b>A\u00d1ADA<\/b><\/p>\n<p>A\u00f1ada 2023 estuvo caracterizada por un invierno suave, primavera h\u00fameda y verano extremadamente caluroso, lo que redujo la producci\u00f3n pero concentr\u00f3 la calidad. Los blancos destacan por su frescura, acidez equilibrada y aromas limpios; los tintos, por su fruta madura, taninos pulidos y buena estructura. Es una a\u00f1ada de calidad media-alta con potencial de guarda.<\/p>\n<p><b>NOTAS DE CATA<\/b><\/p>\n<ul>\n<li><strong>Visual<\/strong>:\u00a0Atractivo color rojo cereza de capa alta con ribete violeta.<\/li>\n<li><strong>Nariz<\/strong>:\u00a0Aroma intenso que recuerda a fresas y frambuesas, con un toque especiado (nuez moscada, pimienta&#8230;). Finas notas tostadas y cremosas del roble. Combinando toques de vainilla y caf\u00e9 moka<\/li>\n<li><strong>Boca<\/strong>: Boca carnosa, fruta y roble bien fundidos, con taninos bien pulidos. Buen peso de la fruta. Especiado. Persistente.<\/li>\n<\/ul>\n<p><b>RECOMENDACIONES<\/b><\/p>\n<ul>\n<li><strong>Maridaje<\/strong>:\u00a0Carnes a la brasa, asadas o estofadas, pastas y quesos no excesivamente curados. Perfecto acompan\u0303amiento con tapas.<\/li>\n<li><strong>T\u00aa\u00a0Servicio<\/strong>: 14-16 \u00baC.<\/li>\n<\/ul>\n<p><b>ESPECIFICACIONES T\u00c9CNICAS<\/b><\/p>\n<ul>\n<li><strong>Variedad<\/strong>:\u00a0Garnacha<\/li>\n<li><strong>Edad del vi\u00f1edo<\/strong>: 15 &#8211; 30 a\u00f1os<\/li>\n<li><strong>Temperatura fermentaci\u00f3n<\/strong>: 25 &#8211; 28 \u00baC<\/li>\n<li><strong>Tiempo de maceraci\u00f3n<\/strong>:\u00a08 d\u00edas<\/li>\n<li><strong>Alcohol<\/strong>: Alc. 13,50% Vol.<\/li>\n<li><strong>Acidez<\/strong>: 5,6 g\/l.<\/li>\n<li><strong>SO2 total<\/strong>:\u00a096 ppm<\/li>\n<\/ul>\n","protected":false},"excerpt":{"rendered":"<p><em><strong>Redondo y equilibrado\u2026 toda la fruta de la garnacha con tanino bien pulidos.<\/strong><\/em><\/p>\n<p>De color cereza muy vivo con ribete violeta y aroma intenso que recuerda a fresas y frambuesas este vino es ideal para tomar con carnes a la brasa, asadas o estofadas, pastas y quesos no excesivamente curados. Perfecto acompa\u00f1amiento con tapas.<\/p>\n","protected":false},"featured_media":22873,"template":"","meta":[],"product_brand":[],"product_cat":[74],"product_tag":[],"class_list":{"0":"post-22869","1":"product","2":"type-product","3":"status-publish","4":"has-post-thumbnail","6":"product_cat-legado-munoz","8":"first","9":"instock","10":"taxable","11":"shipping-taxable","12":"purchasable","13":"product-type-simple"},"yoast_head":"<!-- This site is optimized with the Yoast SEO plugin v27.3 - https:\/\/yoast.com\/product\/yoast-seo-wordpress\/ -->\n<title>Legado Mu\u00f1oz Garnacha 2023 - Bodegas Mu\u00f1oz<\/title>\n<meta name=\"description\" content=\"Legado Mu\u00f1oz Garnacha 2022. La a\u00f1ada 2022 de Bodegas Mu\u00f1oz est\u00e1 caracterizada por ser una de las m\u00e1s c\u00e1lidas y secas que se recuerdan.\" \/>\n<meta name=\"robots\" content=\"index, follow, max-snippet:-1, max-image-preview:large, max-video-preview:-1\" \/>\n<link rel=\"canonical\" href=\"https:\/\/prueba.bodegasmunoz.com\/en\/producto\/legado-munoz-garnacha-2023\/\" \/>\n<meta property=\"og:locale\" content=\"en_US\" \/>\n<meta property=\"og:type\" content=\"article\" \/>\n<meta property=\"og:title\" content=\"Legado Mu\u00f1oz Garnacha 2023 - Bodegas Mu\u00f1oz\" \/>\n<meta property=\"og:description\" content=\"Legado Mu\u00f1oz Garnacha 2022. La a\u00f1ada 2022 de Bodegas Mu\u00f1oz est\u00e1 caracterizada por ser una de las m\u00e1s c\u00e1lidas y secas que se recuerdan.\" \/>\n<meta property=\"og:url\" content=\"https:\/\/prueba.bodegasmunoz.com\/en\/producto\/legado-munoz-garnacha-2023\/\" \/>\n<meta property=\"og:site_name\" content=\"Bodegas Mu\u00f1oz\" \/>\n<meta property=\"article:publisher\" content=\"https:\/\/www.facebook.com\/bodegasmunoz\" \/>\n<meta property=\"article:modified_time\" content=\"2026-01-23T11:27:02+00:00\" \/>\n<meta property=\"og:image\" content=\"https:\/\/prueba.bodegasmunoz.com\/wp-content\/uploads\/2025\/04\/Bodegas-Munoz-Legado-Munoz-Garnacha-sin-anada-cuadrado.jpg\" \/>\n\t<meta property=\"og:image:width\" content=\"1024\" \/>\n\t<meta property=\"og:image:height\" content=\"1024\" \/>\n\t<meta property=\"og:image:type\" content=\"image\/jpeg\" \/>\n<meta name=\"twitter:card\" content=\"summary_large_image\" \/>\n<meta name=\"twitter:label1\" content=\"Est. reading time\" \/>\n\t<meta name=\"twitter:data1\" content=\"1 minute\" \/>\n<script type=\"application\/ld+json\" class=\"yoast-schema-graph\">{\"@context\":\"https:\\\/\\\/schema.org\",\"@graph\":[{\"@type\":\"WebPage\",\"@id\":\"https:\\\/\\\/prueba.bodegasmunoz.com\\\/en\\\/producto\\\/legado-munoz-garnacha-2023\\\/\",\"url\":\"https:\\\/\\\/prueba.bodegasmunoz.com\\\/en\\\/producto\\\/legado-munoz-garnacha-2023\\\/\",\"name\":\"Legado Mu\u00f1oz Garnacha 2023 - Bodegas Mu\u00f1oz\",\"isPartOf\":{\"@id\":\"https:\\\/\\\/prueba.bodegasmunoz.com\\\/#website\"},\"primaryImageOfPage\":{\"@id\":\"https:\\\/\\\/prueba.bodegasmunoz.com\\\/en\\\/producto\\\/legado-munoz-garnacha-2023\\\/#primaryimage\"},\"image\":{\"@id\":\"https:\\\/\\\/prueba.bodegasmunoz.com\\\/en\\\/producto\\\/legado-munoz-garnacha-2023\\\/#primaryimage\"},\"thumbnailUrl\":\"https:\\\/\\\/prueba.bodegasmunoz.com\\\/wp-content\\\/uploads\\\/2025\\\/04\\\/Bodegas-Munoz-Legado-Munoz-Garnacha-sin-anada-cuadrado.jpg\",\"datePublished\":\"2025-04-23T10:53:31+00:00\",\"dateModified\":\"2026-01-23T11:27:02+00:00\",\"description\":\"Legado Mu\u00f1oz Garnacha 2022. La a\u00f1ada 2022 de Bodegas Mu\u00f1oz est\u00e1 caracterizada por ser una de las m\u00e1s c\u00e1lidas y secas que se recuerdan.\",\"breadcrumb\":{\"@id\":\"https:\\\/\\\/prueba.bodegasmunoz.com\\\/en\\\/producto\\\/legado-munoz-garnacha-2023\\\/#breadcrumb\"},\"inLanguage\":\"en-US\",\"potentialAction\":[{\"@type\":\"ReadAction\",\"target\":[\"https:\\\/\\\/prueba.bodegasmunoz.com\\\/en\\\/producto\\\/legado-munoz-garnacha-2023\\\/\"]}]},{\"@type\":\"ImageObject\",\"inLanguage\":\"en-US\",\"@id\":\"https:\\\/\\\/prueba.bodegasmunoz.com\\\/en\\\/producto\\\/legado-munoz-garnacha-2023\\\/#primaryimage\",\"url\":\"https:\\\/\\\/prueba.bodegasmunoz.com\\\/wp-content\\\/uploads\\\/2025\\\/04\\\/Bodegas-Munoz-Legado-Munoz-Garnacha-sin-anada-cuadrado.jpg\",\"contentUrl\":\"https:\\\/\\\/prueba.bodegasmunoz.com\\\/wp-content\\\/uploads\\\/2025\\\/04\\\/Bodegas-Munoz-Legado-Munoz-Garnacha-sin-anada-cuadrado.jpg\",\"width\":1024,\"height\":1024,\"caption\":\"Bodegas Mu\u00f1oz Legado Mu\u00f1oz Garnacha\"},{\"@type\":\"BreadcrumbList\",\"@id\":\"https:\\\/\\\/prueba.bodegasmunoz.com\\\/en\\\/producto\\\/legado-munoz-garnacha-2023\\\/#breadcrumb\",\"itemListElement\":[{\"@type\":\"ListItem\",\"position\":1,\"name\":\"Portada\",\"item\":\"https:\\\/\\\/prueba.bodegasmunoz.com\\\/\"},{\"@type\":\"ListItem\",\"position\":2,\"name\":\"Tienda\",\"item\":\"https:\\\/\\\/prueba.bodegasmunoz.com\\\/tienda\\\/\"},{\"@type\":\"ListItem\",\"position\":3,\"name\":\"Legado Mu\u00f1oz Garnacha 2023\"}]},{\"@type\":\"WebSite\",\"@id\":\"https:\\\/\\\/prueba.bodegasmunoz.com\\\/#website\",\"url\":\"https:\\\/\\\/prueba.bodegasmunoz.com\\\/\",\"name\":\"Bodegas Mu\u00f1oz\",\"description\":\"Vinos Premium en la Provincia de Toledo\",\"potentialAction\":[{\"@type\":\"SearchAction\",\"target\":{\"@type\":\"EntryPoint\",\"urlTemplate\":\"https:\\\/\\\/prueba.bodegasmunoz.com\\\/?s={search_term_string}\"},\"query-input\":{\"@type\":\"PropertyValueSpecification\",\"valueRequired\":true,\"valueName\":\"search_term_string\"}}],\"inLanguage\":\"en-US\"}]}<\/script>\n<!-- \/ Yoast SEO plugin. -->","yoast_head_json":{"title":"Legado Mu\u00f1oz Garnacha 2023 - Bodegas Mu\u00f1oz","description":"Legado Mu\u00f1oz Garnacha 2022. La a\u00f1ada 2022 de Bodegas Mu\u00f1oz est\u00e1 caracterizada por ser una de las m\u00e1s c\u00e1lidas y secas que se recuerdan.","robots":{"index":"index","follow":"follow","max-snippet":"max-snippet:-1","max-image-preview":"max-image-preview:large","max-video-preview":"max-video-preview:-1"},"canonical":"https:\/\/prueba.bodegasmunoz.com\/en\/producto\/legado-munoz-garnacha-2023\/","og_locale":"en_US","og_type":"article","og_title":"Legado Mu\u00f1oz Garnacha 2023 - Bodegas Mu\u00f1oz","og_description":"Legado Mu\u00f1oz Garnacha 2022. La a\u00f1ada 2022 de Bodegas Mu\u00f1oz est\u00e1 caracterizada por ser una de las m\u00e1s c\u00e1lidas y secas que se recuerdan.","og_url":"https:\/\/prueba.bodegasmunoz.com\/en\/producto\/legado-munoz-garnacha-2023\/","og_site_name":"Bodegas Mu\u00f1oz","article_publisher":"https:\/\/www.facebook.com\/bodegasmunoz","article_modified_time":"2026-01-23T11:27:02+00:00","og_image":[{"width":1024,"height":1024,"url":"https:\/\/prueba.bodegasmunoz.com\/wp-content\/uploads\/2025\/04\/Bodegas-Munoz-Legado-Munoz-Garnacha-sin-anada-cuadrado.jpg","type":"image\/jpeg"}],"twitter_card":"summary_large_image","twitter_misc":{"Est. reading time":"1 minute"},"schema":{"@context":"https:\/\/schema.org","@graph":[{"@type":"WebPage","@id":"https:\/\/prueba.bodegasmunoz.com\/en\/producto\/legado-munoz-garnacha-2023\/","url":"https:\/\/prueba.bodegasmunoz.com\/en\/producto\/legado-munoz-garnacha-2023\/","name":"Legado Mu\u00f1oz Garnacha 2023 - Bodegas Mu\u00f1oz","isPartOf":{"@id":"https:\/\/prueba.bodegasmunoz.com\/#website"},"primaryImageOfPage":{"@id":"https:\/\/prueba.bodegasmunoz.com\/en\/producto\/legado-munoz-garnacha-2023\/#primaryimage"},"image":{"@id":"https:\/\/prueba.bodegasmunoz.com\/en\/producto\/legado-munoz-garnacha-2023\/#primaryimage"},"thumbnailUrl":"https:\/\/prueba.bodegasmunoz.com\/wp-content\/uploads\/2025\/04\/Bodegas-Munoz-Legado-Munoz-Garnacha-sin-anada-cuadrado.jpg","datePublished":"2025-04-23T10:53:31+00:00","dateModified":"2026-01-23T11:27:02+00:00","description":"Legado Mu\u00f1oz Garnacha 2022. La a\u00f1ada 2022 de Bodegas Mu\u00f1oz est\u00e1 caracterizada por ser una de las m\u00e1s c\u00e1lidas y secas que se recuerdan.","breadcrumb":{"@id":"https:\/\/prueba.bodegasmunoz.com\/en\/producto\/legado-munoz-garnacha-2023\/#breadcrumb"},"inLanguage":"en-US","potentialAction":[{"@type":"ReadAction","target":["https:\/\/prueba.bodegasmunoz.com\/en\/producto\/legado-munoz-garnacha-2023\/"]}]},{"@type":"ImageObject","inLanguage":"en-US","@id":"https:\/\/prueba.bodegasmunoz.com\/en\/producto\/legado-munoz-garnacha-2023\/#primaryimage","url":"https:\/\/prueba.bodegasmunoz.com\/wp-content\/uploads\/2025\/04\/Bodegas-Munoz-Legado-Munoz-Garnacha-sin-anada-cuadrado.jpg","contentUrl":"https:\/\/prueba.bodegasmunoz.com\/wp-content\/uploads\/2025\/04\/Bodegas-Munoz-Legado-Munoz-Garnacha-sin-anada-cuadrado.jpg","width":1024,"height":1024,"caption":"Bodegas Mu\u00f1oz Legado Mu\u00f1oz Garnacha"},{"@type":"BreadcrumbList","@id":"https:\/\/prueba.bodegasmunoz.com\/en\/producto\/legado-munoz-garnacha-2023\/#breadcrumb","itemListElement":[{"@type":"ListItem","position":1,"name":"Portada","item":"https:\/\/prueba.bodegasmunoz.com\/"},{"@type":"ListItem","position":2,"name":"Tienda","item":"https:\/\/prueba.bodegasmunoz.com\/tienda\/"},{"@type":"ListItem","position":3,"name":"Legado Mu\u00f1oz Garnacha 2023"}]},{"@type":"WebSite","@id":"https:\/\/prueba.bodegasmunoz.com\/#website","url":"https:\/\/prueba.bodegasmunoz.com\/","name":"Bodegas Mu\u00f1oz","description":"Vinos Premium en la Provincia de Toledo","potentialAction":[{"@type":"SearchAction","target":{"@type":"EntryPoint","urlTemplate":"https:\/\/prueba.bodegasmunoz.com\/?s={search_term_string}"},"query-input":{"@type":"PropertyValueSpecification","valueRequired":true,"valueName":"search_term_string"}}],"inLanguage":"en-US"}]}},"_links":{"self":[{"href":"https:\/\/prueba.bodegasmunoz.com\/en\/wp-json\/wp\/v2\/product\/22869","targetHints":{"allow":["GET"]}}],"collection":[{"href":"https:\/\/prueba.bodegasmunoz.com\/en\/wp-json\/wp\/v2\/product"}],"about":[{"href":"https:\/\/prueba.bodegasmunoz.com\/en\/wp-json\/wp\/v2\/types\/product"}],"version-history":[{"count":2,"href":"https:\/\/prueba.bodegasmunoz.com\/en\/wp-json\/wp\/v2\/product\/22869\/revisions"}],"predecessor-version":[{"id":22875,"href":"https:\/\/prueba.bodegasmunoz.com\/en\/wp-json\/wp\/v2\/product\/22869\/revisions\/22875"}],"wp:featuredmedia":[{"embeddable":true,"href":"https:\/\/prueba.bodegasmunoz.com\/en\/wp-json\/wp\/v2\/media\/22873"}],"wp:attachment":[{"href":"https:\/\/prueba.bodegasmunoz.com\/en\/wp-json\/wp\/v2\/media?parent=22869"}],"wp:term":[{"taxonomy":"product_brand","embeddable":true,"href":"https:\/\/prueba.bodegasmunoz.com\/en\/wp-json\/wp\/v2\/product_brand?post=22869"},{"taxonomy":"product_cat","embeddable":true,"href":"https:\/\/prueba.bodegasmunoz.com\/en\/wp-json\/wp\/v2\/product_cat?post=22869"},{"taxonomy":"product_tag","embeddable":true,"href":"https:\/\/prueba.bodegasmunoz.com\/en\/wp-json\/wp\/v2\/product_tag?post=22869"}],"curies":[{"name":"wp","href":"https:\/\/api.w.org\/{rel}","templated":true}]}}