{"id":22495,"date":"2025-02-21T10:33:00","date_gmt":"2025-02-21T09:33:00","guid":{"rendered":"http:\/\/prueba.bodegasmunoz.com\/?post_type=product&#038;p=22495"},"modified":"2026-01-21T10:41:07","modified_gmt":"2026-01-21T09:41:07","slug":"pack-6-botellas-legado-munoz-cencibel-9-meses","status":"publish","type":"product","link":"https:\/\/prueba.bodegasmunoz.com\/en\/producto\/pack-6-botellas-legado-munoz-cencibel-9-meses\/","title":{"rendered":"Pack 6 botellas Legado Mu\u00f1oz Cencibel 9 meses"},"content":{"rendered":"<p><b>A\u00d1ADA<\/b><\/p>\n<p>El a\u00f1o vit\u00edcola 2021 es un a\u00f1o de extremos, comenzando por un invierno marcado por el frio y la nieve y terminando con episodios muy c\u00e1lidos en maduraci\u00f3n, la vid ha estado sometida a condiciones extremas que se han traducido en una cosecha muy corta, pero con una concentraci\u00f3n a la que favorecer\u00e1 el paso del tiempo.<\/p>\n<p><b>NOTAS DE CATA<\/b><\/p>\n<ul>\n<li><strong>Visual<\/strong>: Rojo cereza de con ribete viol\u00e1ceo.<\/li>\n<li><strong>Nariz<\/strong>: Aroma intenso de fruta roja y regaliz con fondo de caramelo y torrefactos.<\/li>\n<li><strong>Boca<\/strong>: Redondo, equilibrado y persistente.<\/li>\n<\/ul>\n<p><b>RECOMENDACIONES<\/b><\/p>\n<ul>\n<li><strong>Maridaje<\/strong>: Caza, estofados, carnes a la brasa, legumbres y quesos curados o azules.<\/li>\n<li><strong>T\u00aa\u00a0Servicio<\/strong>: 16-18 \u00baC.<\/li>\n<\/ul>\n<p><b>ESPECIFICACIONES T\u00c9CNICAS<\/b><\/p>\n<ul>\n<li><strong>Variedad<\/strong>: Cencibel<\/li>\n<li><strong>Edad del vi\u00f1edo<\/strong>: 15 &#8211; 30 a\u00f1os<\/li>\n<li><strong>Temperatura fermentaci\u00f3n<\/strong>: &lt; 28\u00a0 \u00baC<\/li>\n<li><strong>Tiempo de maceraci\u00f3n<\/strong>: 12 d\u00edas<\/li>\n<li><strong>Tiempo\u00a0en barrica<\/strong>: 9 meses<\/li>\n<li><strong>Alcohol<\/strong>: Alc. 14,00% Vol.<\/li>\n<li><strong>Acidez<\/strong>: 5,0 g\/l.<\/li>\n<li><strong>SO2 total<\/strong>: 50 ppm<\/li>\n<\/ul>\n","protected":false},"excerpt":{"rendered":"<p><em><strong>Procedente de vi\u00f1edos ecol\u00f3gicos&#8230; combinaci\u00f3n de fruta y roble.\u00a0 <\/strong><\/em><i style=\"color: #222222; font-family: Arial, Helvetica, sans-serif; font-size: small; background-color: #ffffff;\">\u00a0<\/i><\/p>\n<p>Elaborado con vi\u00f1edos de Cencibel cultivados de forma ecol\u00f3gica, este vino expresa la combinaci\u00f3n perfecta entre los caracteres propios de la variedad, la calidez del clima con la sutileza del aporte del roble. Muy apropiado como acompa\u00f1amiento de estofados y caza.<\/p>\n","protected":false},"featured_media":22502,"template":"","meta":[],"product_brand":[],"product_cat":[74,72],"product_tag":[],"class_list":{"0":"post-22495","1":"product","2":"type-product","3":"status-publish","4":"has-post-thumbnail","6":"product_cat-legado-munoz","7":"product_cat-packs-de-vinos","9":"first","10":"outofstock","11":"sale","12":"taxable","13":"shipping-taxable","14":"purchasable","15":"product-type-simple"},"yoast_head":"<!-- This site is optimized with the Yoast SEO plugin v27.3 - https:\/\/yoast.com\/product\/yoast-seo-wordpress\/ -->\n<title>Pack 6 botellas Legado Mu\u00f1oz Cencibel 9 meses - Bodegas Mu\u00f1oz<\/title>\n<meta name=\"robots\" content=\"index, follow, max-snippet:-1, max-image-preview:large, max-video-preview:-1\" \/>\n<link rel=\"canonical\" href=\"https:\/\/prueba.bodegasmunoz.com\/producto\/pack-6-botellas-legado-munoz-cencibel-9-meses\/\" \/>\n<meta property=\"og:locale\" content=\"en_US\" \/>\n<meta property=\"og:type\" content=\"article\" \/>\n<meta property=\"og:title\" content=\"Pack 6 botellas Legado Mu\u00f1oz Cencibel 9 meses - Bodegas Mu\u00f1oz\" \/>\n<meta property=\"og:description\" content=\"Procedente de vi\u00f1edos ecol\u00f3gicos... combinaci\u00f3n de fruta y roble.\u00a0 \u00a0  Elaborado con vi\u00f1edos de Cencibel cultivados de forma ecol\u00f3gica, este vino expresa la combinaci\u00f3n perfecta entre los caracteres propios de la variedad, la calidez del clima con la sutileza del aporte del roble. Muy apropiado como acompa\u00f1amiento de estofados y caza.\" \/>\n<meta property=\"og:url\" content=\"https:\/\/prueba.bodegasmunoz.com\/producto\/pack-6-botellas-legado-munoz-cencibel-9-meses\/\" \/>\n<meta property=\"og:site_name\" content=\"Bodegas Mu\u00f1oz\" \/>\n<meta property=\"article:publisher\" content=\"https:\/\/www.facebook.com\/bodegasmunoz\" \/>\n<meta property=\"article:modified_time\" content=\"2026-01-21T09:41:07+00:00\" \/>\n<meta property=\"og:image\" content=\"https:\/\/prueba.bodegasmunoz.com\/wp-content\/uploads\/2025\/02\/6-botellas-Legado-Munoz-Cencibel-Bodegas-Munoz-1.png\" \/>\n\t<meta property=\"og:image:width\" content=\"1024\" \/>\n\t<meta property=\"og:image:height\" content=\"1024\" \/>\n\t<meta property=\"og:image:type\" content=\"image\/png\" \/>\n<meta name=\"twitter:card\" content=\"summary_large_image\" \/>\n<meta name=\"twitter:label1\" content=\"Est. reading time\" \/>\n\t<meta name=\"twitter:data1\" content=\"1 minute\" \/>\n<script type=\"application\/ld+json\" class=\"yoast-schema-graph\">{\"@context\":\"https:\\\/\\\/schema.org\",\"@graph\":[{\"@type\":\"WebPage\",\"@id\":\"https:\\\/\\\/prueba.bodegasmunoz.com\\\/producto\\\/pack-6-botellas-legado-munoz-cencibel-9-meses\\\/\",\"url\":\"https:\\\/\\\/prueba.bodegasmunoz.com\\\/producto\\\/pack-6-botellas-legado-munoz-cencibel-9-meses\\\/\",\"name\":\"Pack 6 botellas Legado Mu\u00f1oz Cencibel 9 meses - Bodegas Mu\u00f1oz\",\"isPartOf\":{\"@id\":\"https:\\\/\\\/prueba.bodegasmunoz.com\\\/#website\"},\"primaryImageOfPage\":{\"@id\":\"https:\\\/\\\/prueba.bodegasmunoz.com\\\/producto\\\/pack-6-botellas-legado-munoz-cencibel-9-meses\\\/#primaryimage\"},\"image\":{\"@id\":\"https:\\\/\\\/prueba.bodegasmunoz.com\\\/producto\\\/pack-6-botellas-legado-munoz-cencibel-9-meses\\\/#primaryimage\"},\"thumbnailUrl\":\"https:\\\/\\\/prueba.bodegasmunoz.com\\\/wp-content\\\/uploads\\\/2025\\\/02\\\/6-botellas-Legado-Munoz-Cencibel-Bodegas-Munoz-1.png\",\"datePublished\":\"2025-02-21T09:33:00+00:00\",\"dateModified\":\"2026-01-21T09:41:07+00:00\",\"breadcrumb\":{\"@id\":\"https:\\\/\\\/prueba.bodegasmunoz.com\\\/producto\\\/pack-6-botellas-legado-munoz-cencibel-9-meses\\\/#breadcrumb\"},\"inLanguage\":\"en-US\",\"potentialAction\":[{\"@type\":\"ReadAction\",\"target\":[\"https:\\\/\\\/prueba.bodegasmunoz.com\\\/producto\\\/pack-6-botellas-legado-munoz-cencibel-9-meses\\\/\"]}]},{\"@type\":\"ImageObject\",\"inLanguage\":\"en-US\",\"@id\":\"https:\\\/\\\/prueba.bodegasmunoz.com\\\/producto\\\/pack-6-botellas-legado-munoz-cencibel-9-meses\\\/#primaryimage\",\"url\":\"https:\\\/\\\/prueba.bodegasmunoz.com\\\/wp-content\\\/uploads\\\/2025\\\/02\\\/6-botellas-Legado-Munoz-Cencibel-Bodegas-Munoz-1.png\",\"contentUrl\":\"https:\\\/\\\/prueba.bodegasmunoz.com\\\/wp-content\\\/uploads\\\/2025\\\/02\\\/6-botellas-Legado-Munoz-Cencibel-Bodegas-Munoz-1.png\",\"width\":1024,\"height\":1024,\"caption\":\"6 botellas Legado Mu\u00f1oz Cencibel Bodegas Mu\u00f1oz\"},{\"@type\":\"BreadcrumbList\",\"@id\":\"https:\\\/\\\/prueba.bodegasmunoz.com\\\/producto\\\/pack-6-botellas-legado-munoz-cencibel-9-meses\\\/#breadcrumb\",\"itemListElement\":[{\"@type\":\"ListItem\",\"position\":1,\"name\":\"Portada\",\"item\":\"https:\\\/\\\/prueba.bodegasmunoz.com\\\/\"},{\"@type\":\"ListItem\",\"position\":2,\"name\":\"Tienda\",\"item\":\"https:\\\/\\\/prueba.bodegasmunoz.com\\\/tienda\\\/\"},{\"@type\":\"ListItem\",\"position\":3,\"name\":\"Pack 6 botellas Legado Mu\u00f1oz Cencibel 9 meses\"}]},{\"@type\":\"WebSite\",\"@id\":\"https:\\\/\\\/prueba.bodegasmunoz.com\\\/#website\",\"url\":\"https:\\\/\\\/prueba.bodegasmunoz.com\\\/\",\"name\":\"Bodegas Mu\u00f1oz\",\"description\":\"Vinos Premium en la Provincia de Toledo\",\"potentialAction\":[{\"@type\":\"SearchAction\",\"target\":{\"@type\":\"EntryPoint\",\"urlTemplate\":\"https:\\\/\\\/prueba.bodegasmunoz.com\\\/?s={search_term_string}\"},\"query-input\":{\"@type\":\"PropertyValueSpecification\",\"valueRequired\":true,\"valueName\":\"search_term_string\"}}],\"inLanguage\":\"en-US\"}]}<\/script>\n<!-- \/ Yoast SEO plugin. -->","yoast_head_json":{"title":"Pack 6 botellas Legado Mu\u00f1oz Cencibel 9 meses - Bodegas Mu\u00f1oz","robots":{"index":"index","follow":"follow","max-snippet":"max-snippet:-1","max-image-preview":"max-image-preview:large","max-video-preview":"max-video-preview:-1"},"canonical":"https:\/\/prueba.bodegasmunoz.com\/producto\/pack-6-botellas-legado-munoz-cencibel-9-meses\/","og_locale":"en_US","og_type":"article","og_title":"Pack 6 botellas Legado Mu\u00f1oz Cencibel 9 meses - Bodegas Mu\u00f1oz","og_description":"Procedente de vi\u00f1edos ecol\u00f3gicos... combinaci\u00f3n de fruta y roble.\u00a0 \u00a0  Elaborado con vi\u00f1edos de Cencibel cultivados de forma ecol\u00f3gica, este vino expresa la combinaci\u00f3n perfecta entre los caracteres propios de la variedad, la calidez del clima con la sutileza del aporte del roble. Muy apropiado como acompa\u00f1amiento de estofados y caza.","og_url":"https:\/\/prueba.bodegasmunoz.com\/producto\/pack-6-botellas-legado-munoz-cencibel-9-meses\/","og_site_name":"Bodegas Mu\u00f1oz","article_publisher":"https:\/\/www.facebook.com\/bodegasmunoz","article_modified_time":"2026-01-21T09:41:07+00:00","og_image":[{"width":1024,"height":1024,"url":"https:\/\/prueba.bodegasmunoz.com\/wp-content\/uploads\/2025\/02\/6-botellas-Legado-Munoz-Cencibel-Bodegas-Munoz-1.png","type":"image\/png"}],"twitter_card":"summary_large_image","twitter_misc":{"Est. reading time":"1 minute"},"schema":{"@context":"https:\/\/schema.org","@graph":[{"@type":"WebPage","@id":"https:\/\/prueba.bodegasmunoz.com\/producto\/pack-6-botellas-legado-munoz-cencibel-9-meses\/","url":"https:\/\/prueba.bodegasmunoz.com\/producto\/pack-6-botellas-legado-munoz-cencibel-9-meses\/","name":"Pack 6 botellas Legado Mu\u00f1oz Cencibel 9 meses - Bodegas Mu\u00f1oz","isPartOf":{"@id":"https:\/\/prueba.bodegasmunoz.com\/#website"},"primaryImageOfPage":{"@id":"https:\/\/prueba.bodegasmunoz.com\/producto\/pack-6-botellas-legado-munoz-cencibel-9-meses\/#primaryimage"},"image":{"@id":"https:\/\/prueba.bodegasmunoz.com\/producto\/pack-6-botellas-legado-munoz-cencibel-9-meses\/#primaryimage"},"thumbnailUrl":"https:\/\/prueba.bodegasmunoz.com\/wp-content\/uploads\/2025\/02\/6-botellas-Legado-Munoz-Cencibel-Bodegas-Munoz-1.png","datePublished":"2025-02-21T09:33:00+00:00","dateModified":"2026-01-21T09:41:07+00:00","breadcrumb":{"@id":"https:\/\/prueba.bodegasmunoz.com\/producto\/pack-6-botellas-legado-munoz-cencibel-9-meses\/#breadcrumb"},"inLanguage":"en-US","potentialAction":[{"@type":"ReadAction","target":["https:\/\/prueba.bodegasmunoz.com\/producto\/pack-6-botellas-legado-munoz-cencibel-9-meses\/"]}]},{"@type":"ImageObject","inLanguage":"en-US","@id":"https:\/\/prueba.bodegasmunoz.com\/producto\/pack-6-botellas-legado-munoz-cencibel-9-meses\/#primaryimage","url":"https:\/\/prueba.bodegasmunoz.com\/wp-content\/uploads\/2025\/02\/6-botellas-Legado-Munoz-Cencibel-Bodegas-Munoz-1.png","contentUrl":"https:\/\/prueba.bodegasmunoz.com\/wp-content\/uploads\/2025\/02\/6-botellas-Legado-Munoz-Cencibel-Bodegas-Munoz-1.png","width":1024,"height":1024,"caption":"6 botellas Legado Mu\u00f1oz Cencibel Bodegas Mu\u00f1oz"},{"@type":"BreadcrumbList","@id":"https:\/\/prueba.bodegasmunoz.com\/producto\/pack-6-botellas-legado-munoz-cencibel-9-meses\/#breadcrumb","itemListElement":[{"@type":"ListItem","position":1,"name":"Portada","item":"https:\/\/prueba.bodegasmunoz.com\/"},{"@type":"ListItem","position":2,"name":"Tienda","item":"https:\/\/prueba.bodegasmunoz.com\/tienda\/"},{"@type":"ListItem","position":3,"name":"Pack 6 botellas Legado Mu\u00f1oz Cencibel 9 meses"}]},{"@type":"WebSite","@id":"https:\/\/prueba.bodegasmunoz.com\/#website","url":"https:\/\/prueba.bodegasmunoz.com\/","name":"Bodegas Mu\u00f1oz","description":"Vinos Premium en la Provincia de Toledo","potentialAction":[{"@type":"SearchAction","target":{"@type":"EntryPoint","urlTemplate":"https:\/\/prueba.bodegasmunoz.com\/?s={search_term_string}"},"query-input":{"@type":"PropertyValueSpecification","valueRequired":true,"valueName":"search_term_string"}}],"inLanguage":"en-US"}]}},"_links":{"self":[{"href":"https:\/\/prueba.bodegasmunoz.com\/en\/wp-json\/wp\/v2\/product\/22495","targetHints":{"allow":["GET"]}}],"collection":[{"href":"https:\/\/prueba.bodegasmunoz.com\/en\/wp-json\/wp\/v2\/product"}],"about":[{"href":"https:\/\/prueba.bodegasmunoz.com\/en\/wp-json\/wp\/v2\/types\/product"}],"version-history":[{"count":1,"href":"https:\/\/prueba.bodegasmunoz.com\/en\/wp-json\/wp\/v2\/product\/22495\/revisions"}],"predecessor-version":[{"id":22499,"href":"https:\/\/prueba.bodegasmunoz.com\/en\/wp-json\/wp\/v2\/product\/22495\/revisions\/22499"}],"wp:featuredmedia":[{"embeddable":true,"href":"https:\/\/prueba.bodegasmunoz.com\/en\/wp-json\/wp\/v2\/media\/22502"}],"wp:attachment":[{"href":"https:\/\/prueba.bodegasmunoz.com\/en\/wp-json\/wp\/v2\/media?parent=22495"}],"wp:term":[{"taxonomy":"product_brand","embeddable":true,"href":"https:\/\/prueba.bodegasmunoz.com\/en\/wp-json\/wp\/v2\/product_brand?post=22495"},{"taxonomy":"product_cat","embeddable":true,"href":"https:\/\/prueba.bodegasmunoz.com\/en\/wp-json\/wp\/v2\/product_cat?post=22495"},{"taxonomy":"product_tag","embeddable":true,"href":"https:\/\/prueba.bodegasmunoz.com\/en\/wp-json\/wp\/v2\/product_tag?post=22495"}],"curies":[{"name":"wp","href":"https:\/\/api.w.org\/{rel}","templated":true}]}}