{"id":21812,"date":"2024-11-07T09:43:30","date_gmt":"2024-11-07T08:43:30","guid":{"rendered":"http:\/\/prueba.bodegasmunoz.com\/?post_type=product&#038;p=21812"},"modified":"2024-11-07T09:49:49","modified_gmt":"2024-11-07T08:49:49","slug":"finca-munoz-coleccion-de-la-familia-12-meses-barrica-2022","status":"publish","type":"product","link":"https:\/\/prueba.bodegasmunoz.com\/en\/producto\/finca-munoz-coleccion-de-la-familia-12-meses-barrica-2022\/","title":{"rendered":"Finca Mu\u00f1oz Colecci\u00f3n de la familia 12 meses barrica 2022"},"content":{"rendered":"<p><b>A\u00d1ADA<\/b><\/p>\n<p>La a\u00f1ada 2022 est\u00e1 caracterizada por ser una de las m\u00e1s c\u00e1lidas y secas que se recuerdan. El invierno c\u00e1lido y seco dio paso a una primavera muy lluviosa, pero con la llegada de mayo cesaron totalmente las lluvias y comenzaron a sucederse olas de calor durante todo el verano hasta la maduraci\u00f3n de la uva. En estas condiciones la vid ha sufrido condiciones extremas para producir una cosecha corta y de una calidad que podr\u00eda clasificarse como buena.<\/p>\n<p><b>NOTAS DE CATA<\/b><\/p>\n<ul>\n<li><strong>Visual<\/strong>: Rojo cereza intenso con ribete viol\u00e1ceo.<\/li>\n<li><strong>Nariz<\/strong>: Aromas de frutos rojos combinado con notas l\u00e1cticas, roble cremoso y caramelo.<\/li>\n<li><strong>Boca<\/strong>:\u00a0Amplio, redondo sabroso y persistente.<\/li>\n<\/ul>\n<p><b>RECOMENDACIONES<\/b><\/p>\n<ul>\n<li><strong>Maridaje<\/strong>: Carnes rojas, platos de caza, quesos curados y tapas.<\/li>\n<li><strong>T\u00aa\u00a0Servicio<\/strong>: 16-18 \u00baC.<\/li>\n<\/ul>\n<p><b>ESPECIFICACIONES T\u00c9CNICAS<\/b><\/p>\n<ul>\n<li><strong>Variedad<\/strong>: Tempranillo y Merlot<\/li>\n<li><strong>Edad del vi\u00f1edo<\/strong>: &gt;30 a\u00f1os<\/li>\n<li><strong>Temperatura fermentaci\u00f3n<\/strong>: &lt; 28 \u00baC<\/li>\n<li><strong>Tiempo de maceraci\u00f3n<\/strong>: 12 d\u00edas<\/li>\n<li><strong>Tiempo de barrica<\/strong>: 12 meses<\/li>\n<li><strong>Alcohol<\/strong>: Alc. 14,5 % Vol.<\/li>\n<li><strong>Acidez<\/strong>: 5,5 g\/l.<\/li>\n<li><strong>SO2 total<\/strong>: 80ppm<\/li>\n<\/ul>\n","protected":false},"excerpt":{"rendered":"<p><em><strong>Estructurado, intenso y goloso\u2026 el equilibrio entre la fruta y roble.<\/strong><\/em><\/p>\n<p>Con un intenso color rojo cereza con ribete viol\u00e1ceo, este vino es un punto de encuentro entre el aroma de fruta roja con notas de roble cremoso para acabar con un paso de boca redondo y persistente. Perfecto para acompa\u00f1ar una carne roja, caza y quesos curados.<\/p>\n","protected":false},"featured_media":18676,"template":"","meta":[],"product_brand":[],"product_cat":[75],"product_tag":[],"class_list":{"0":"post-21812","1":"product","2":"type-product","3":"status-publish","4":"has-post-thumbnail","6":"product_cat-finca-munoz","8":"first","9":"instock","10":"taxable","11":"shipping-taxable","12":"purchasable","13":"product-type-simple"},"yoast_head":"<!-- This site is optimized with the Yoast SEO plugin v27.3 - https:\/\/yoast.com\/product\/yoast-seo-wordpress\/ -->\n<title>Finca Mu\u00f1oz Colecci\u00f3n de la familia 12 meses barrica 2022 - Bodegas Mu\u00f1oz<\/title>\n<meta name=\"robots\" content=\"index, follow, max-snippet:-1, max-image-preview:large, max-video-preview:-1\" \/>\n<link rel=\"canonical\" href=\"https:\/\/prueba.bodegasmunoz.com\/producto\/finca-munoz-coleccion-de-la-familia-12-meses-barrica-2022\/\" \/>\n<meta property=\"og:locale\" content=\"en_US\" \/>\n<meta property=\"og:type\" content=\"article\" \/>\n<meta property=\"og:title\" content=\"Finca Mu\u00f1oz Colecci\u00f3n de la familia 12 meses barrica 2022 - Bodegas Mu\u00f1oz\" \/>\n<meta property=\"og:description\" content=\"Estructurado, intenso y goloso\u2026 el equilibrio entre la fruta y roble.  Con un intenso color rojo cereza con ribete viol\u00e1ceo, este vino es un punto de encuentro entre el aroma de fruta roja con notas de roble cremoso para acabar con un paso de boca redondo y persistente. Perfecto para acompa\u00f1ar una carne roja, caza y quesos curados.\" \/>\n<meta property=\"og:url\" content=\"https:\/\/prueba.bodegasmunoz.com\/producto\/finca-munoz-coleccion-de-la-familia-12-meses-barrica-2022\/\" \/>\n<meta property=\"og:site_name\" content=\"Bodegas Mu\u00f1oz\" \/>\n<meta property=\"article:publisher\" content=\"https:\/\/www.facebook.com\/bodegasmunoz\" \/>\n<meta property=\"article:modified_time\" content=\"2024-11-07T08:49:49+00:00\" \/>\n<meta property=\"og:image\" content=\"https:\/\/prueba.bodegasmunoz.com\/wp-content\/uploads\/2023\/12\/Finca-Munoz-Coleccion-de-la-familia-12-meses-barrica-2021.jpg\" \/>\n\t<meta property=\"og:image:width\" content=\"1000\" \/>\n\t<meta property=\"og:image:height\" content=\"1000\" \/>\n\t<meta property=\"og:image:type\" content=\"image\/jpeg\" \/>\n<meta name=\"twitter:card\" content=\"summary_large_image\" \/>\n<meta name=\"twitter:label1\" content=\"Est. reading time\" \/>\n\t<meta name=\"twitter:data1\" content=\"1 minute\" \/>\n<script type=\"application\/ld+json\" class=\"yoast-schema-graph\">{\"@context\":\"https:\\\/\\\/schema.org\",\"@graph\":[{\"@type\":\"WebPage\",\"@id\":\"https:\\\/\\\/prueba.bodegasmunoz.com\\\/producto\\\/finca-munoz-coleccion-de-la-familia-12-meses-barrica-2022\\\/\",\"url\":\"https:\\\/\\\/prueba.bodegasmunoz.com\\\/producto\\\/finca-munoz-coleccion-de-la-familia-12-meses-barrica-2022\\\/\",\"name\":\"Finca Mu\u00f1oz Colecci\u00f3n de la familia 12 meses barrica 2022 - Bodegas Mu\u00f1oz\",\"isPartOf\":{\"@id\":\"https:\\\/\\\/prueba.bodegasmunoz.com\\\/#website\"},\"primaryImageOfPage\":{\"@id\":\"https:\\\/\\\/prueba.bodegasmunoz.com\\\/producto\\\/finca-munoz-coleccion-de-la-familia-12-meses-barrica-2022\\\/#primaryimage\"},\"image\":{\"@id\":\"https:\\\/\\\/prueba.bodegasmunoz.com\\\/producto\\\/finca-munoz-coleccion-de-la-familia-12-meses-barrica-2022\\\/#primaryimage\"},\"thumbnailUrl\":\"https:\\\/\\\/prueba.bodegasmunoz.com\\\/wp-content\\\/uploads\\\/2023\\\/12\\\/Finca-Munoz-Coleccion-de-la-familia-12-meses-barrica-2021.jpg\",\"datePublished\":\"2024-11-07T08:43:30+00:00\",\"dateModified\":\"2024-11-07T08:49:49+00:00\",\"breadcrumb\":{\"@id\":\"https:\\\/\\\/prueba.bodegasmunoz.com\\\/producto\\\/finca-munoz-coleccion-de-la-familia-12-meses-barrica-2022\\\/#breadcrumb\"},\"inLanguage\":\"en-US\",\"potentialAction\":[{\"@type\":\"ReadAction\",\"target\":[\"https:\\\/\\\/prueba.bodegasmunoz.com\\\/producto\\\/finca-munoz-coleccion-de-la-familia-12-meses-barrica-2022\\\/\"]}]},{\"@type\":\"ImageObject\",\"inLanguage\":\"en-US\",\"@id\":\"https:\\\/\\\/prueba.bodegasmunoz.com\\\/producto\\\/finca-munoz-coleccion-de-la-familia-12-meses-barrica-2022\\\/#primaryimage\",\"url\":\"https:\\\/\\\/prueba.bodegasmunoz.com\\\/wp-content\\\/uploads\\\/2023\\\/12\\\/Finca-Munoz-Coleccion-de-la-familia-12-meses-barrica-2021.jpg\",\"contentUrl\":\"https:\\\/\\\/prueba.bodegasmunoz.com\\\/wp-content\\\/uploads\\\/2023\\\/12\\\/Finca-Munoz-Coleccion-de-la-familia-12-meses-barrica-2021.jpg\",\"width\":1000,\"height\":1000},{\"@type\":\"BreadcrumbList\",\"@id\":\"https:\\\/\\\/prueba.bodegasmunoz.com\\\/producto\\\/finca-munoz-coleccion-de-la-familia-12-meses-barrica-2022\\\/#breadcrumb\",\"itemListElement\":[{\"@type\":\"ListItem\",\"position\":1,\"name\":\"Portada\",\"item\":\"https:\\\/\\\/prueba.bodegasmunoz.com\\\/\"},{\"@type\":\"ListItem\",\"position\":2,\"name\":\"Tienda\",\"item\":\"https:\\\/\\\/prueba.bodegasmunoz.com\\\/tienda\\\/\"},{\"@type\":\"ListItem\",\"position\":3,\"name\":\"Finca Mu\u00f1oz Colecci\u00f3n de la familia 12 meses barrica 2022\"}]},{\"@type\":\"WebSite\",\"@id\":\"https:\\\/\\\/prueba.bodegasmunoz.com\\\/#website\",\"url\":\"https:\\\/\\\/prueba.bodegasmunoz.com\\\/\",\"name\":\"Bodegas Mu\u00f1oz\",\"description\":\"Vinos Premium en la Provincia de Toledo\",\"potentialAction\":[{\"@type\":\"SearchAction\",\"target\":{\"@type\":\"EntryPoint\",\"urlTemplate\":\"https:\\\/\\\/prueba.bodegasmunoz.com\\\/?s={search_term_string}\"},\"query-input\":{\"@type\":\"PropertyValueSpecification\",\"valueRequired\":true,\"valueName\":\"search_term_string\"}}],\"inLanguage\":\"en-US\"}]}<\/script>\n<!-- \/ Yoast SEO plugin. -->","yoast_head_json":{"title":"Finca Mu\u00f1oz Colecci\u00f3n de la familia 12 meses barrica 2022 - Bodegas Mu\u00f1oz","robots":{"index":"index","follow":"follow","max-snippet":"max-snippet:-1","max-image-preview":"max-image-preview:large","max-video-preview":"max-video-preview:-1"},"canonical":"https:\/\/prueba.bodegasmunoz.com\/producto\/finca-munoz-coleccion-de-la-familia-12-meses-barrica-2022\/","og_locale":"en_US","og_type":"article","og_title":"Finca Mu\u00f1oz Colecci\u00f3n de la familia 12 meses barrica 2022 - Bodegas Mu\u00f1oz","og_description":"Estructurado, intenso y goloso\u2026 el equilibrio entre la fruta y roble.  Con un intenso color rojo cereza con ribete viol\u00e1ceo, este vino es un punto de encuentro entre el aroma de fruta roja con notas de roble cremoso para acabar con un paso de boca redondo y persistente. Perfecto para acompa\u00f1ar una carne roja, caza y quesos curados.","og_url":"https:\/\/prueba.bodegasmunoz.com\/producto\/finca-munoz-coleccion-de-la-familia-12-meses-barrica-2022\/","og_site_name":"Bodegas Mu\u00f1oz","article_publisher":"https:\/\/www.facebook.com\/bodegasmunoz","article_modified_time":"2024-11-07T08:49:49+00:00","og_image":[{"width":1000,"height":1000,"url":"https:\/\/prueba.bodegasmunoz.com\/wp-content\/uploads\/2023\/12\/Finca-Munoz-Coleccion-de-la-familia-12-meses-barrica-2021.jpg","type":"image\/jpeg"}],"twitter_card":"summary_large_image","twitter_misc":{"Est. reading time":"1 minute"},"schema":{"@context":"https:\/\/schema.org","@graph":[{"@type":"WebPage","@id":"https:\/\/prueba.bodegasmunoz.com\/producto\/finca-munoz-coleccion-de-la-familia-12-meses-barrica-2022\/","url":"https:\/\/prueba.bodegasmunoz.com\/producto\/finca-munoz-coleccion-de-la-familia-12-meses-barrica-2022\/","name":"Finca Mu\u00f1oz Colecci\u00f3n de la familia 12 meses barrica 2022 - Bodegas Mu\u00f1oz","isPartOf":{"@id":"https:\/\/prueba.bodegasmunoz.com\/#website"},"primaryImageOfPage":{"@id":"https:\/\/prueba.bodegasmunoz.com\/producto\/finca-munoz-coleccion-de-la-familia-12-meses-barrica-2022\/#primaryimage"},"image":{"@id":"https:\/\/prueba.bodegasmunoz.com\/producto\/finca-munoz-coleccion-de-la-familia-12-meses-barrica-2022\/#primaryimage"},"thumbnailUrl":"https:\/\/prueba.bodegasmunoz.com\/wp-content\/uploads\/2023\/12\/Finca-Munoz-Coleccion-de-la-familia-12-meses-barrica-2021.jpg","datePublished":"2024-11-07T08:43:30+00:00","dateModified":"2024-11-07T08:49:49+00:00","breadcrumb":{"@id":"https:\/\/prueba.bodegasmunoz.com\/producto\/finca-munoz-coleccion-de-la-familia-12-meses-barrica-2022\/#breadcrumb"},"inLanguage":"en-US","potentialAction":[{"@type":"ReadAction","target":["https:\/\/prueba.bodegasmunoz.com\/producto\/finca-munoz-coleccion-de-la-familia-12-meses-barrica-2022\/"]}]},{"@type":"ImageObject","inLanguage":"en-US","@id":"https:\/\/prueba.bodegasmunoz.com\/producto\/finca-munoz-coleccion-de-la-familia-12-meses-barrica-2022\/#primaryimage","url":"https:\/\/prueba.bodegasmunoz.com\/wp-content\/uploads\/2023\/12\/Finca-Munoz-Coleccion-de-la-familia-12-meses-barrica-2021.jpg","contentUrl":"https:\/\/prueba.bodegasmunoz.com\/wp-content\/uploads\/2023\/12\/Finca-Munoz-Coleccion-de-la-familia-12-meses-barrica-2021.jpg","width":1000,"height":1000},{"@type":"BreadcrumbList","@id":"https:\/\/prueba.bodegasmunoz.com\/producto\/finca-munoz-coleccion-de-la-familia-12-meses-barrica-2022\/#breadcrumb","itemListElement":[{"@type":"ListItem","position":1,"name":"Portada","item":"https:\/\/prueba.bodegasmunoz.com\/"},{"@type":"ListItem","position":2,"name":"Tienda","item":"https:\/\/prueba.bodegasmunoz.com\/tienda\/"},{"@type":"ListItem","position":3,"name":"Finca Mu\u00f1oz Colecci\u00f3n de la familia 12 meses barrica 2022"}]},{"@type":"WebSite","@id":"https:\/\/prueba.bodegasmunoz.com\/#website","url":"https:\/\/prueba.bodegasmunoz.com\/","name":"Bodegas Mu\u00f1oz","description":"Vinos Premium en la Provincia de Toledo","potentialAction":[{"@type":"SearchAction","target":{"@type":"EntryPoint","urlTemplate":"https:\/\/prueba.bodegasmunoz.com\/?s={search_term_string}"},"query-input":{"@type":"PropertyValueSpecification","valueRequired":true,"valueName":"search_term_string"}}],"inLanguage":"en-US"}]}},"_links":{"self":[{"href":"https:\/\/prueba.bodegasmunoz.com\/en\/wp-json\/wp\/v2\/product\/21812","targetHints":{"allow":["GET"]}}],"collection":[{"href":"https:\/\/prueba.bodegasmunoz.com\/en\/wp-json\/wp\/v2\/product"}],"about":[{"href":"https:\/\/prueba.bodegasmunoz.com\/en\/wp-json\/wp\/v2\/types\/product"}],"version-history":[{"count":0,"href":"https:\/\/prueba.bodegasmunoz.com\/en\/wp-json\/wp\/v2\/product\/21812\/revisions"}],"wp:featuredmedia":[{"embeddable":true,"href":"https:\/\/prueba.bodegasmunoz.com\/en\/wp-json\/wp\/v2\/media\/18676"}],"wp:attachment":[{"href":"https:\/\/prueba.bodegasmunoz.com\/en\/wp-json\/wp\/v2\/media?parent=21812"}],"wp:term":[{"taxonomy":"product_brand","embeddable":true,"href":"https:\/\/prueba.bodegasmunoz.com\/en\/wp-json\/wp\/v2\/product_brand?post=21812"},{"taxonomy":"product_cat","embeddable":true,"href":"https:\/\/prueba.bodegasmunoz.com\/en\/wp-json\/wp\/v2\/product_cat?post=21812"},{"taxonomy":"product_tag","embeddable":true,"href":"https:\/\/prueba.bodegasmunoz.com\/en\/wp-json\/wp\/v2\/product_tag?post=21812"}],"curies":[{"name":"wp","href":"https:\/\/api.w.org\/{rel}","templated":true}]}}