{"id":21049,"date":"2024-06-30T08:02:55","date_gmt":"2024-06-30T06:02:55","guid":{"rendered":"http:\/\/prueba.bodegasmunoz.com\/?post_type=product&#038;p=21049"},"modified":"2025-06-10T12:03:52","modified_gmt":"2025-06-10T10:03:52","slug":"pack-abuelo-blas-munoz","status":"publish","type":"product","link":"https:\/\/prueba.bodegasmunoz.com\/en\/producto\/pack-abuelo-blas-munoz\/","title":{"rendered":"Pack Abuelo Blas Mu\u00f1oz"},"content":{"rendered":"<p>El pack del Abuelo Blas Mu\u00f1oz se compone de:<\/p>\n<ul>\n<li>1 botella de <span style=\"text-decoration: underline;\"><strong><a href=\"http:\/\/prueba.bodegasmunoz.com\/producto\/blas-munoz-essentia\/\">Blas Mu\u00f1oz Essentia<\/a><\/strong><\/span><\/li>\n<li>1 botella de <a href=\"http:\/\/prueba.bodegasmunoz.com\/producto\/blas-munoz-chardonnay-2023\/\"><span style=\"text-decoration: underline;\"><strong>Blas Mu\u00f1oz Chardonnay<\/strong><\/span><\/a><\/li>\n<li>1 botella de <span style=\"text-decoration: underline;\"><strong><a href=\"http:\/\/prueba.bodegasmunoz.com\/producto\/blas-munoz-cepas-viejas-2021\/\">Blas Mu\u00f1oz Cepas Viejas<\/a><\/strong><\/span><\/li>\n<\/ul>\n<p>\u00a1Pincha en cada uno de ellos para acceder a su ficha y descripci\u00f3n, y prep\u00e1rate para disfrutar!<\/p>\n","protected":false},"excerpt":{"rendered":"<p>Un <strong>homenaje<\/strong>, como no pod\u00eda ser de otra manera, a mi <strong>Abuelo Blas<\/strong>. Compuesto por los <strong>3 vinos de la gama Blas Mu\u00f1oz<\/strong>, es reflejo del cuidado, esfuerzo, dedicaci\u00f3n y mimo que pon\u00eda mi abuelo en todo lo que hac\u00eda, y que ha sabido transmitir de padres a hijos. Hoy somos la<strong> tercera generaci\u00f3n<\/strong> de una familia orgullosa de un apellido y queremos compartir nuestros mejores vinos contigo. <strong>Los vinos del Abuelo Blas.<\/strong><\/p>\n","protected":false},"featured_media":22521,"template":"","meta":[],"product_brand":[],"product_cat":[72],"product_tag":[],"class_list":{"0":"post-21049","1":"product","2":"type-product","3":"status-publish","4":"has-post-thumbnail","6":"product_cat-packs-de-vinos","8":"first","9":"instock","10":"sale","11":"taxable","12":"shipping-taxable","13":"purchasable","14":"product-type-simple"},"yoast_head":"<!-- This site is optimized with the Yoast SEO plugin v27.3 - https:\/\/yoast.com\/product\/yoast-seo-wordpress\/ -->\n<title>Pack Abuelo Blas Mu\u00f1oz - Bodegas Mu\u00f1oz<\/title>\n<meta name=\"robots\" content=\"index, follow, max-snippet:-1, max-image-preview:large, max-video-preview:-1\" \/>\n<link rel=\"canonical\" href=\"https:\/\/prueba.bodegasmunoz.com\/en\/producto\/pack-abuelo-blas-munoz\/\" \/>\n<meta property=\"og:locale\" content=\"en_US\" \/>\n<meta property=\"og:type\" content=\"article\" \/>\n<meta property=\"og:title\" content=\"Pack Abuelo Blas Mu\u00f1oz - Bodegas Mu\u00f1oz\" \/>\n<meta property=\"og:description\" content=\"Un homenaje, como no pod\u00eda ser de otra manera, a mi Abuelo Blas. Compuesto por los 3 vinos de la gama Blas Mu\u00f1oz, es reflejo del cuidado, esfuerzo, dedicaci\u00f3n y mimo que pon\u00eda mi abuelo en todo lo que hac\u00eda, y que ha sabido transmitir de padres a hijos. Hoy somos la tercera generaci\u00f3n de una familia orgullosa de un apellido y queremos compartir nuestros mejores vinos contigo. Los vinos del Abuelo Blas.\" \/>\n<meta property=\"og:url\" content=\"https:\/\/prueba.bodegasmunoz.com\/en\/producto\/pack-abuelo-blas-munoz\/\" \/>\n<meta property=\"og:site_name\" content=\"Bodegas Mu\u00f1oz\" \/>\n<meta property=\"article:publisher\" content=\"https:\/\/www.facebook.com\/bodegasmunoz\" \/>\n<meta property=\"article:modified_time\" content=\"2025-06-10T10:03:52+00:00\" \/>\n<meta property=\"og:image\" content=\"https:\/\/prueba.bodegasmunoz.com\/wp-content\/uploads\/2024\/06\/Pack-Abuelo-Blas-Munoz-sin-anada.jpg\" \/>\n\t<meta property=\"og:image:width\" content=\"1000\" \/>\n\t<meta property=\"og:image:height\" content=\"1000\" \/>\n\t<meta property=\"og:image:type\" content=\"image\/jpeg\" \/>\n<meta name=\"twitter:card\" content=\"summary_large_image\" \/>\n<meta name=\"twitter:label1\" content=\"Est. reading time\" \/>\n\t<meta name=\"twitter:data1\" content=\"1 minute\" \/>\n<script type=\"application\/ld+json\" class=\"yoast-schema-graph\">{\"@context\":\"https:\\\/\\\/schema.org\",\"@graph\":[{\"@type\":\"WebPage\",\"@id\":\"https:\\\/\\\/prueba.bodegasmunoz.com\\\/en\\\/producto\\\/pack-abuelo-blas-munoz\\\/\",\"url\":\"https:\\\/\\\/prueba.bodegasmunoz.com\\\/en\\\/producto\\\/pack-abuelo-blas-munoz\\\/\",\"name\":\"Pack Abuelo Blas Mu\u00f1oz - Bodegas Mu\u00f1oz\",\"isPartOf\":{\"@id\":\"https:\\\/\\\/prueba.bodegasmunoz.com\\\/#website\"},\"primaryImageOfPage\":{\"@id\":\"https:\\\/\\\/prueba.bodegasmunoz.com\\\/en\\\/producto\\\/pack-abuelo-blas-munoz\\\/#primaryimage\"},\"image\":{\"@id\":\"https:\\\/\\\/prueba.bodegasmunoz.com\\\/en\\\/producto\\\/pack-abuelo-blas-munoz\\\/#primaryimage\"},\"thumbnailUrl\":\"https:\\\/\\\/prueba.bodegasmunoz.com\\\/wp-content\\\/uploads\\\/2024\\\/06\\\/Pack-Abuelo-Blas-Munoz-sin-anada.jpg\",\"datePublished\":\"2024-06-30T06:02:55+00:00\",\"dateModified\":\"2025-06-10T10:03:52+00:00\",\"breadcrumb\":{\"@id\":\"https:\\\/\\\/prueba.bodegasmunoz.com\\\/en\\\/producto\\\/pack-abuelo-blas-munoz\\\/#breadcrumb\"},\"inLanguage\":\"en-US\",\"potentialAction\":[{\"@type\":\"ReadAction\",\"target\":[\"https:\\\/\\\/prueba.bodegasmunoz.com\\\/en\\\/producto\\\/pack-abuelo-blas-munoz\\\/\"]}]},{\"@type\":\"ImageObject\",\"inLanguage\":\"en-US\",\"@id\":\"https:\\\/\\\/prueba.bodegasmunoz.com\\\/en\\\/producto\\\/pack-abuelo-blas-munoz\\\/#primaryimage\",\"url\":\"https:\\\/\\\/prueba.bodegasmunoz.com\\\/wp-content\\\/uploads\\\/2024\\\/06\\\/Pack-Abuelo-Blas-Munoz-sin-anada.jpg\",\"contentUrl\":\"https:\\\/\\\/prueba.bodegasmunoz.com\\\/wp-content\\\/uploads\\\/2024\\\/06\\\/Pack-Abuelo-Blas-Munoz-sin-anada.jpg\",\"width\":1000,\"height\":1000,\"caption\":\"Pack-Abuelo-Blas-Mu\u00f1oz sin a\u00f1ada Bodegas Mu\u00f1oz\"},{\"@type\":\"BreadcrumbList\",\"@id\":\"https:\\\/\\\/prueba.bodegasmunoz.com\\\/en\\\/producto\\\/pack-abuelo-blas-munoz\\\/#breadcrumb\",\"itemListElement\":[{\"@type\":\"ListItem\",\"position\":1,\"name\":\"Portada\",\"item\":\"https:\\\/\\\/prueba.bodegasmunoz.com\\\/\"},{\"@type\":\"ListItem\",\"position\":2,\"name\":\"Tienda\",\"item\":\"https:\\\/\\\/prueba.bodegasmunoz.com\\\/tienda\\\/\"},{\"@type\":\"ListItem\",\"position\":3,\"name\":\"Pack Abuelo Blas Mu\u00f1oz\"}]},{\"@type\":\"WebSite\",\"@id\":\"https:\\\/\\\/prueba.bodegasmunoz.com\\\/#website\",\"url\":\"https:\\\/\\\/prueba.bodegasmunoz.com\\\/\",\"name\":\"Bodegas Mu\u00f1oz\",\"description\":\"Vinos Premium en la Provincia de Toledo\",\"potentialAction\":[{\"@type\":\"SearchAction\",\"target\":{\"@type\":\"EntryPoint\",\"urlTemplate\":\"https:\\\/\\\/prueba.bodegasmunoz.com\\\/?s={search_term_string}\"},\"query-input\":{\"@type\":\"PropertyValueSpecification\",\"valueRequired\":true,\"valueName\":\"search_term_string\"}}],\"inLanguage\":\"en-US\"}]}<\/script>\n<!-- \/ Yoast SEO plugin. -->","yoast_head_json":{"title":"Pack Abuelo Blas Mu\u00f1oz - Bodegas Mu\u00f1oz","robots":{"index":"index","follow":"follow","max-snippet":"max-snippet:-1","max-image-preview":"max-image-preview:large","max-video-preview":"max-video-preview:-1"},"canonical":"https:\/\/prueba.bodegasmunoz.com\/en\/producto\/pack-abuelo-blas-munoz\/","og_locale":"en_US","og_type":"article","og_title":"Pack Abuelo Blas Mu\u00f1oz - Bodegas Mu\u00f1oz","og_description":"Un homenaje, como no pod\u00eda ser de otra manera, a mi Abuelo Blas. Compuesto por los 3 vinos de la gama Blas Mu\u00f1oz, es reflejo del cuidado, esfuerzo, dedicaci\u00f3n y mimo que pon\u00eda mi abuelo en todo lo que hac\u00eda, y que ha sabido transmitir de padres a hijos. Hoy somos la tercera generaci\u00f3n de una familia orgullosa de un apellido y queremos compartir nuestros mejores vinos contigo. Los vinos del Abuelo Blas.","og_url":"https:\/\/prueba.bodegasmunoz.com\/en\/producto\/pack-abuelo-blas-munoz\/","og_site_name":"Bodegas Mu\u00f1oz","article_publisher":"https:\/\/www.facebook.com\/bodegasmunoz","article_modified_time":"2025-06-10T10:03:52+00:00","og_image":[{"width":1000,"height":1000,"url":"https:\/\/prueba.bodegasmunoz.com\/wp-content\/uploads\/2024\/06\/Pack-Abuelo-Blas-Munoz-sin-anada.jpg","type":"image\/jpeg"}],"twitter_card":"summary_large_image","twitter_misc":{"Est. reading time":"1 minute"},"schema":{"@context":"https:\/\/schema.org","@graph":[{"@type":"WebPage","@id":"https:\/\/prueba.bodegasmunoz.com\/en\/producto\/pack-abuelo-blas-munoz\/","url":"https:\/\/prueba.bodegasmunoz.com\/en\/producto\/pack-abuelo-blas-munoz\/","name":"Pack Abuelo Blas Mu\u00f1oz - Bodegas Mu\u00f1oz","isPartOf":{"@id":"https:\/\/prueba.bodegasmunoz.com\/#website"},"primaryImageOfPage":{"@id":"https:\/\/prueba.bodegasmunoz.com\/en\/producto\/pack-abuelo-blas-munoz\/#primaryimage"},"image":{"@id":"https:\/\/prueba.bodegasmunoz.com\/en\/producto\/pack-abuelo-blas-munoz\/#primaryimage"},"thumbnailUrl":"https:\/\/prueba.bodegasmunoz.com\/wp-content\/uploads\/2024\/06\/Pack-Abuelo-Blas-Munoz-sin-anada.jpg","datePublished":"2024-06-30T06:02:55+00:00","dateModified":"2025-06-10T10:03:52+00:00","breadcrumb":{"@id":"https:\/\/prueba.bodegasmunoz.com\/en\/producto\/pack-abuelo-blas-munoz\/#breadcrumb"},"inLanguage":"en-US","potentialAction":[{"@type":"ReadAction","target":["https:\/\/prueba.bodegasmunoz.com\/en\/producto\/pack-abuelo-blas-munoz\/"]}]},{"@type":"ImageObject","inLanguage":"en-US","@id":"https:\/\/prueba.bodegasmunoz.com\/en\/producto\/pack-abuelo-blas-munoz\/#primaryimage","url":"https:\/\/prueba.bodegasmunoz.com\/wp-content\/uploads\/2024\/06\/Pack-Abuelo-Blas-Munoz-sin-anada.jpg","contentUrl":"https:\/\/prueba.bodegasmunoz.com\/wp-content\/uploads\/2024\/06\/Pack-Abuelo-Blas-Munoz-sin-anada.jpg","width":1000,"height":1000,"caption":"Pack-Abuelo-Blas-Mu\u00f1oz sin a\u00f1ada Bodegas Mu\u00f1oz"},{"@type":"BreadcrumbList","@id":"https:\/\/prueba.bodegasmunoz.com\/en\/producto\/pack-abuelo-blas-munoz\/#breadcrumb","itemListElement":[{"@type":"ListItem","position":1,"name":"Portada","item":"https:\/\/prueba.bodegasmunoz.com\/"},{"@type":"ListItem","position":2,"name":"Tienda","item":"https:\/\/prueba.bodegasmunoz.com\/tienda\/"},{"@type":"ListItem","position":3,"name":"Pack Abuelo Blas Mu\u00f1oz"}]},{"@type":"WebSite","@id":"https:\/\/prueba.bodegasmunoz.com\/#website","url":"https:\/\/prueba.bodegasmunoz.com\/","name":"Bodegas Mu\u00f1oz","description":"Vinos Premium en la Provincia de Toledo","potentialAction":[{"@type":"SearchAction","target":{"@type":"EntryPoint","urlTemplate":"https:\/\/prueba.bodegasmunoz.com\/?s={search_term_string}"},"query-input":{"@type":"PropertyValueSpecification","valueRequired":true,"valueName":"search_term_string"}}],"inLanguage":"en-US"}]}},"_links":{"self":[{"href":"https:\/\/prueba.bodegasmunoz.com\/en\/wp-json\/wp\/v2\/product\/21049","targetHints":{"allow":["GET"]}}],"collection":[{"href":"https:\/\/prueba.bodegasmunoz.com\/en\/wp-json\/wp\/v2\/product"}],"about":[{"href":"https:\/\/prueba.bodegasmunoz.com\/en\/wp-json\/wp\/v2\/types\/product"}],"version-history":[{"count":1,"href":"https:\/\/prueba.bodegasmunoz.com\/en\/wp-json\/wp\/v2\/product\/21049\/revisions"}],"predecessor-version":[{"id":22518,"href":"https:\/\/prueba.bodegasmunoz.com\/en\/wp-json\/wp\/v2\/product\/21049\/revisions\/22518"}],"wp:featuredmedia":[{"embeddable":true,"href":"https:\/\/prueba.bodegasmunoz.com\/en\/wp-json\/wp\/v2\/media\/22521"}],"wp:attachment":[{"href":"https:\/\/prueba.bodegasmunoz.com\/en\/wp-json\/wp\/v2\/media?parent=21049"}],"wp:term":[{"taxonomy":"product_brand","embeddable":true,"href":"https:\/\/prueba.bodegasmunoz.com\/en\/wp-json\/wp\/v2\/product_brand?post=21049"},{"taxonomy":"product_cat","embeddable":true,"href":"https:\/\/prueba.bodegasmunoz.com\/en\/wp-json\/wp\/v2\/product_cat?post=21049"},{"taxonomy":"product_tag","embeddable":true,"href":"https:\/\/prueba.bodegasmunoz.com\/en\/wp-json\/wp\/v2\/product_tag?post=21049"}],"curies":[{"name":"wp","href":"https:\/\/api.w.org\/{rel}","templated":true}]}}