{"id":20829,"date":"2024-05-15T18:01:52","date_gmt":"2024-05-15T16:01:52","guid":{"rendered":"http:\/\/prueba.bodegasmunoz.com\/?post_type=product&#038;p=20829"},"modified":"2026-01-21T10:45:25","modified_gmt":"2026-01-21T09:45:25","slug":"pack-top-tintos","status":"publish","type":"product","link":"https:\/\/prueba.bodegasmunoz.com\/en\/producto\/pack-top-tintos\/","title":{"rendered":"Pack Top Tintos"},"content":{"rendered":"<p>Este Lote se compone de:<\/p>\n<ul>\n<li>1 botellas de Legado Cencibel 2021<\/li>\n<li>1 botella de Finca Mu\u00f1oz Colecci\u00f3n de la Familia Tinto 2021<\/li>\n<li>2 botellas de Blas Mu\u00f1oz Cepas Viejas 2021<\/li>\n<li>2 botellas de Blas Mu\u00f1oz Essentia 2020<\/li>\n<\/ul>\n<p>&nbsp;<\/p>\n","protected":false},"excerpt":{"rendered":"<p>Para los amantes de los vinos tintos, presentamos un lote con nuestros mejores vinos tintos. Desde el complejo &#8220;Essentia&#8221; (un gran vino al estilo franc\u00e9s), hasta el gran &#8220;Cepas Viejas&#8221; (nosotros solo podemos calificarlo de &#8220;vinazo&#8221;.. Ahora te toca a ti decirlo), pasando por el vers\u00e1til &#8220;Finca Mu\u00f1oz&#8221; (personalidad y car\u00e1cter elegante) y finalizando con nuestro &#8220;Legado Cencibel&#8221; (nuestro &#8220;joven&#8221; con un toque de madera m\u00e1s desenfadado para cualquier ocasi\u00f3n).<\/p>\n","protected":false},"featured_media":20833,"template":"","meta":[],"product_brand":[],"product_cat":[72],"product_tag":[],"class_list":{"0":"post-20829","1":"product","2":"type-product","3":"status-publish","4":"has-post-thumbnail","6":"product_cat-packs-de-vinos","8":"first","9":"outofstock","10":"sale","11":"taxable","12":"shipping-taxable","13":"purchasable","14":"product-type-simple"},"yoast_head":"<!-- This site is optimized with the Yoast SEO plugin v27.3 - https:\/\/yoast.com\/product\/yoast-seo-wordpress\/ -->\n<title>Pack Top Tintos - Bodegas Mu\u00f1oz<\/title>\n<meta name=\"robots\" content=\"index, follow, max-snippet:-1, max-image-preview:large, max-video-preview:-1\" \/>\n<link rel=\"canonical\" href=\"https:\/\/prueba.bodegasmunoz.com\/producto\/pack-top-tintos\/\" \/>\n<meta property=\"og:locale\" content=\"en_US\" \/>\n<meta property=\"og:type\" content=\"article\" \/>\n<meta property=\"og:title\" content=\"Pack Top Tintos - Bodegas Mu\u00f1oz\" \/>\n<meta property=\"og:description\" content=\"Para los amantes de los vinos tintos, presentamos un lote con nuestros mejores vinos tintos. Desde el complejo &quot;Essentia&quot; (un gran vino al estilo franc\u00e9s), hasta el gran &quot;Cepas Viejas&quot; (nosotros solo podemos calificarlo de &quot;vinazo&quot;.. Ahora te toca a ti decirlo), pasando por el vers\u00e1til &quot;Finca Mu\u00f1oz&quot; (personalidad y car\u00e1cter elegante) y finalizando con nuestro &quot;Legado Cencibel&quot; (nuestro &quot;joven&quot; con un toque de madera m\u00e1s desenfadado para cualquier ocasi\u00f3n).\" \/>\n<meta property=\"og:url\" content=\"https:\/\/prueba.bodegasmunoz.com\/producto\/pack-top-tintos\/\" \/>\n<meta property=\"og:site_name\" content=\"Bodegas Mu\u00f1oz\" \/>\n<meta property=\"article:publisher\" content=\"https:\/\/www.facebook.com\/bodegasmunoz\" \/>\n<meta property=\"article:modified_time\" content=\"2026-01-21T09:45:25+00:00\" \/>\n<meta property=\"og:image\" content=\"https:\/\/prueba.bodegasmunoz.com\/wp-content\/uploads\/2024\/05\/Pack-Top-Tintos-web.jpg\" \/>\n\t<meta property=\"og:image:width\" content=\"1000\" \/>\n\t<meta property=\"og:image:height\" content=\"1000\" \/>\n\t<meta property=\"og:image:type\" content=\"image\/jpeg\" \/>\n<meta name=\"twitter:card\" content=\"summary_large_image\" \/>\n<meta name=\"twitter:label1\" content=\"Est. reading time\" \/>\n\t<meta name=\"twitter:data1\" content=\"1 minute\" \/>\n<script type=\"application\/ld+json\" class=\"yoast-schema-graph\">{\"@context\":\"https:\\\/\\\/schema.org\",\"@graph\":[{\"@type\":\"WebPage\",\"@id\":\"https:\\\/\\\/prueba.bodegasmunoz.com\\\/producto\\\/pack-top-tintos\\\/\",\"url\":\"https:\\\/\\\/prueba.bodegasmunoz.com\\\/producto\\\/pack-top-tintos\\\/\",\"name\":\"Pack Top Tintos - Bodegas Mu\u00f1oz\",\"isPartOf\":{\"@id\":\"https:\\\/\\\/prueba.bodegasmunoz.com\\\/#website\"},\"primaryImageOfPage\":{\"@id\":\"https:\\\/\\\/prueba.bodegasmunoz.com\\\/producto\\\/pack-top-tintos\\\/#primaryimage\"},\"image\":{\"@id\":\"https:\\\/\\\/prueba.bodegasmunoz.com\\\/producto\\\/pack-top-tintos\\\/#primaryimage\"},\"thumbnailUrl\":\"https:\\\/\\\/prueba.bodegasmunoz.com\\\/wp-content\\\/uploads\\\/2024\\\/05\\\/Pack-Top-Tintos-web.jpg\",\"datePublished\":\"2024-05-15T16:01:52+00:00\",\"dateModified\":\"2026-01-21T09:45:25+00:00\",\"breadcrumb\":{\"@id\":\"https:\\\/\\\/prueba.bodegasmunoz.com\\\/producto\\\/pack-top-tintos\\\/#breadcrumb\"},\"inLanguage\":\"en-US\",\"potentialAction\":[{\"@type\":\"ReadAction\",\"target\":[\"https:\\\/\\\/prueba.bodegasmunoz.com\\\/producto\\\/pack-top-tintos\\\/\"]}]},{\"@type\":\"ImageObject\",\"inLanguage\":\"en-US\",\"@id\":\"https:\\\/\\\/prueba.bodegasmunoz.com\\\/producto\\\/pack-top-tintos\\\/#primaryimage\",\"url\":\"https:\\\/\\\/prueba.bodegasmunoz.com\\\/wp-content\\\/uploads\\\/2024\\\/05\\\/Pack-Top-Tintos-web.jpg\",\"contentUrl\":\"https:\\\/\\\/prueba.bodegasmunoz.com\\\/wp-content\\\/uploads\\\/2024\\\/05\\\/Pack-Top-Tintos-web.jpg\",\"width\":1000,\"height\":1000,\"caption\":\"Pack Top Tintos Bodegas Mu\u00f1oz\"},{\"@type\":\"BreadcrumbList\",\"@id\":\"https:\\\/\\\/prueba.bodegasmunoz.com\\\/producto\\\/pack-top-tintos\\\/#breadcrumb\",\"itemListElement\":[{\"@type\":\"ListItem\",\"position\":1,\"name\":\"Portada\",\"item\":\"https:\\\/\\\/prueba.bodegasmunoz.com\\\/\"},{\"@type\":\"ListItem\",\"position\":2,\"name\":\"Tienda\",\"item\":\"https:\\\/\\\/prueba.bodegasmunoz.com\\\/tienda\\\/\"},{\"@type\":\"ListItem\",\"position\":3,\"name\":\"Pack Top Tintos\"}]},{\"@type\":\"WebSite\",\"@id\":\"https:\\\/\\\/prueba.bodegasmunoz.com\\\/#website\",\"url\":\"https:\\\/\\\/prueba.bodegasmunoz.com\\\/\",\"name\":\"Bodegas Mu\u00f1oz\",\"description\":\"Vinos Premium en la Provincia de Toledo\",\"potentialAction\":[{\"@type\":\"SearchAction\",\"target\":{\"@type\":\"EntryPoint\",\"urlTemplate\":\"https:\\\/\\\/prueba.bodegasmunoz.com\\\/?s={search_term_string}\"},\"query-input\":{\"@type\":\"PropertyValueSpecification\",\"valueRequired\":true,\"valueName\":\"search_term_string\"}}],\"inLanguage\":\"en-US\"}]}<\/script>\n<!-- \/ Yoast SEO plugin. -->","yoast_head_json":{"title":"Pack Top Tintos - Bodegas Mu\u00f1oz","robots":{"index":"index","follow":"follow","max-snippet":"max-snippet:-1","max-image-preview":"max-image-preview:large","max-video-preview":"max-video-preview:-1"},"canonical":"https:\/\/prueba.bodegasmunoz.com\/producto\/pack-top-tintos\/","og_locale":"en_US","og_type":"article","og_title":"Pack Top Tintos - Bodegas Mu\u00f1oz","og_description":"Para los amantes de los vinos tintos, presentamos un lote con nuestros mejores vinos tintos. Desde el complejo \"Essentia\" (un gran vino al estilo franc\u00e9s), hasta el gran \"Cepas Viejas\" (nosotros solo podemos calificarlo de \"vinazo\".. Ahora te toca a ti decirlo), pasando por el vers\u00e1til \"Finca Mu\u00f1oz\" (personalidad y car\u00e1cter elegante) y finalizando con nuestro \"Legado Cencibel\" (nuestro \"joven\" con un toque de madera m\u00e1s desenfadado para cualquier ocasi\u00f3n).","og_url":"https:\/\/prueba.bodegasmunoz.com\/producto\/pack-top-tintos\/","og_site_name":"Bodegas Mu\u00f1oz","article_publisher":"https:\/\/www.facebook.com\/bodegasmunoz","article_modified_time":"2026-01-21T09:45:25+00:00","og_image":[{"width":1000,"height":1000,"url":"https:\/\/prueba.bodegasmunoz.com\/wp-content\/uploads\/2024\/05\/Pack-Top-Tintos-web.jpg","type":"image\/jpeg"}],"twitter_card":"summary_large_image","twitter_misc":{"Est. reading time":"1 minute"},"schema":{"@context":"https:\/\/schema.org","@graph":[{"@type":"WebPage","@id":"https:\/\/prueba.bodegasmunoz.com\/producto\/pack-top-tintos\/","url":"https:\/\/prueba.bodegasmunoz.com\/producto\/pack-top-tintos\/","name":"Pack Top Tintos - Bodegas Mu\u00f1oz","isPartOf":{"@id":"https:\/\/prueba.bodegasmunoz.com\/#website"},"primaryImageOfPage":{"@id":"https:\/\/prueba.bodegasmunoz.com\/producto\/pack-top-tintos\/#primaryimage"},"image":{"@id":"https:\/\/prueba.bodegasmunoz.com\/producto\/pack-top-tintos\/#primaryimage"},"thumbnailUrl":"https:\/\/prueba.bodegasmunoz.com\/wp-content\/uploads\/2024\/05\/Pack-Top-Tintos-web.jpg","datePublished":"2024-05-15T16:01:52+00:00","dateModified":"2026-01-21T09:45:25+00:00","breadcrumb":{"@id":"https:\/\/prueba.bodegasmunoz.com\/producto\/pack-top-tintos\/#breadcrumb"},"inLanguage":"en-US","potentialAction":[{"@type":"ReadAction","target":["https:\/\/prueba.bodegasmunoz.com\/producto\/pack-top-tintos\/"]}]},{"@type":"ImageObject","inLanguage":"en-US","@id":"https:\/\/prueba.bodegasmunoz.com\/producto\/pack-top-tintos\/#primaryimage","url":"https:\/\/prueba.bodegasmunoz.com\/wp-content\/uploads\/2024\/05\/Pack-Top-Tintos-web.jpg","contentUrl":"https:\/\/prueba.bodegasmunoz.com\/wp-content\/uploads\/2024\/05\/Pack-Top-Tintos-web.jpg","width":1000,"height":1000,"caption":"Pack Top Tintos Bodegas Mu\u00f1oz"},{"@type":"BreadcrumbList","@id":"https:\/\/prueba.bodegasmunoz.com\/producto\/pack-top-tintos\/#breadcrumb","itemListElement":[{"@type":"ListItem","position":1,"name":"Portada","item":"https:\/\/prueba.bodegasmunoz.com\/"},{"@type":"ListItem","position":2,"name":"Tienda","item":"https:\/\/prueba.bodegasmunoz.com\/tienda\/"},{"@type":"ListItem","position":3,"name":"Pack Top Tintos"}]},{"@type":"WebSite","@id":"https:\/\/prueba.bodegasmunoz.com\/#website","url":"https:\/\/prueba.bodegasmunoz.com\/","name":"Bodegas Mu\u00f1oz","description":"Vinos Premium en la Provincia de Toledo","potentialAction":[{"@type":"SearchAction","target":{"@type":"EntryPoint","urlTemplate":"https:\/\/prueba.bodegasmunoz.com\/?s={search_term_string}"},"query-input":{"@type":"PropertyValueSpecification","valueRequired":true,"valueName":"search_term_string"}}],"inLanguage":"en-US"}]}},"_links":{"self":[{"href":"https:\/\/prueba.bodegasmunoz.com\/en\/wp-json\/wp\/v2\/product\/20829","targetHints":{"allow":["GET"]}}],"collection":[{"href":"https:\/\/prueba.bodegasmunoz.com\/en\/wp-json\/wp\/v2\/product"}],"about":[{"href":"https:\/\/prueba.bodegasmunoz.com\/en\/wp-json\/wp\/v2\/types\/product"}],"version-history":[{"count":1,"href":"https:\/\/prueba.bodegasmunoz.com\/en\/wp-json\/wp\/v2\/product\/20829\/revisions"}],"predecessor-version":[{"id":24476,"href":"https:\/\/prueba.bodegasmunoz.com\/en\/wp-json\/wp\/v2\/product\/20829\/revisions\/24476"}],"wp:featuredmedia":[{"embeddable":true,"href":"https:\/\/prueba.bodegasmunoz.com\/en\/wp-json\/wp\/v2\/media\/20833"}],"wp:attachment":[{"href":"https:\/\/prueba.bodegasmunoz.com\/en\/wp-json\/wp\/v2\/media?parent=20829"}],"wp:term":[{"taxonomy":"product_brand","embeddable":true,"href":"https:\/\/prueba.bodegasmunoz.com\/en\/wp-json\/wp\/v2\/product_brand?post=20829"},{"taxonomy":"product_cat","embeddable":true,"href":"https:\/\/prueba.bodegasmunoz.com\/en\/wp-json\/wp\/v2\/product_cat?post=20829"},{"taxonomy":"product_tag","embeddable":true,"href":"https:\/\/prueba.bodegasmunoz.com\/en\/wp-json\/wp\/v2\/product_tag?post=20829"}],"curies":[{"name":"wp","href":"https:\/\/api.w.org\/{rel}","templated":true}]}}