{"id":20532,"date":"2024-04-16T18:15:00","date_gmt":"2024-04-16T16:15:00","guid":{"rendered":"http:\/\/prueba.bodegasmunoz.com\/?post_type=product&#038;p=20532"},"modified":"2025-06-10T10:40:57","modified_gmt":"2025-06-10T08:40:57","slug":"blas-munoz-essentia","status":"publish","type":"product","link":"https:\/\/prueba.bodegasmunoz.com\/en\/producto\/blas-munoz-essentia\/","title":{"rendered":"Blas Mu\u00f1oz Essentia"},"content":{"rendered":"<p><b>A\u00d1ADA<\/b><\/p>\n<p>La a\u00f1ada 2020 se caracteriza por representar el promedio de la zona de producci\u00f3n, despu\u00e9s de sufrir un a\u00f1o anterior muy seco.<\/p>\n<p>Un verano con temperaturas moderadas pero seco, favoreci\u00f3 la formaci\u00f3n de bayas de peque\u00f1o tama\u00f1o y por consiguiente la concentraci\u00f3n, que dota de una<br \/>\ninteresante longevidad a los vinos.<\/p>\n<p><b>NOTAS DE CATA<\/b><\/p>\n<ul>\n<li><strong>VISUAL:<\/strong> Rojo picota rub\u00ed, de capa alta.<\/li>\n<li><strong>NARIZ:<\/strong> Aroma intenso con recuerdos de grosellas, ciruela madura y fruta en licor junto con notas de clavo, tabaco y torrefactos.<\/li>\n<li><strong>BOCA:<\/strong> Amplio y estructurado, con cierta frescura y tanino amable, largo y persistente.<\/li>\n<\/ul>\n<p><b>RECOMENDACIONES<\/b><\/p>\n<ul>\n<li><strong>MARIDAJE:<\/strong> Carnes rojas, asadas o la brasa, platos de caza, estofados y quesos curados.<\/li>\n<li><strong>T\u00aa SERVICIO:<\/strong> 16-18 \u00baC.\u00e7<\/li>\n<\/ul>\n<p><strong>ESPECIFICACIONES T\u00c9CNICAS:<\/strong><\/p>\n<ul>\n<li>Variedades 78% Tempranillo + 22% Merlot<\/li>\n<li>Edad del Vi\u00f1edo &gt; 30 a\u00f1os<\/li>\n<li>Temperatura Fermentaci\u00f3n: &lt; 28 \u00baC<\/li>\n<li>Tiempo de Maceraci\u00f3n: 15 d\u00edas<\/li>\n<li>Tiempo de Barrica: 18 meses<\/li>\n<li>Tipo de barrica Nueva de roble franc\u00e9s<\/li>\n<li>Alcohol: Alc. 15,4 % Vol.<\/li>\n<li>Acidez: 5,5 g\/l.<\/li>\n<li>SO2 Total: 67 ppm<\/li>\n<li>Producci\u00f3n: 3.912 bot.<\/li>\n<li>Fecha envasado: 17-ene-23<\/li>\n<\/ul>\n","protected":false},"excerpt":{"rendered":"<p>En la historia de<strong> Bodegas Mu\u00f1oz<\/strong> se entrelazan la pasi\u00f3n, el legado y el compromiso de tres generaciones dedicadas a la viticultura. En el coraz\u00f3n de este relato se encuentra la tradici\u00f3n arraigada en la tierra, donde cada vi\u00f1edo cuenta <strong>una historia \u00fanica<\/strong> de cuidado y conocimiento transmitido de padres a hijos.<\/p>\n<p>Desde las ra\u00edces profundamente arraigadas en el suelo hasta la meticulosa elaboraci\u00f3n del vino, cada paso refleja el respeto por la tierra y el <strong>deseo de compartir la excelencia<\/strong> con el mundo.<\/p>\n<p>Una historia donde cada botella es m\u00e1s que una simple bebida; es un testimonio del <strong>compromiso<\/strong>, la dedicaci\u00f3n y la experiencia que ha pasado de generaci\u00f3n en generaci\u00f3n.<\/p>\n","protected":false},"featured_media":20584,"template":"","meta":[],"product_brand":[],"product_cat":[177],"product_tag":[],"class_list":{"0":"post-20532","1":"product","2":"type-product","3":"status-publish","4":"has-post-thumbnail","6":"product_cat-sin-categorizar","8":"first","9":"outofstock","10":"taxable","11":"shipping-taxable","12":"purchasable","13":"product-type-simple"},"yoast_head":"<!-- This site is optimized with the Yoast SEO plugin v27.4 - https:\/\/yoast.com\/product\/yoast-seo-wordpress\/ -->\n<title>Blas Mu\u00f1oz Essentia - Bodegas Mu\u00f1oz<\/title>\n<meta name=\"robots\" content=\"index, follow, max-snippet:-1, max-image-preview:large, max-video-preview:-1\" \/>\n<link rel=\"canonical\" href=\"http:\/\/prueba.bodegasmunoz.com\/producto\/blas-munoz-essentia\/\" \/>\n<meta property=\"og:locale\" content=\"en_US\" \/>\n<meta property=\"og:type\" content=\"article\" \/>\n<meta property=\"og:title\" content=\"Blas Mu\u00f1oz Essentia - Bodegas Mu\u00f1oz\" \/>\n<meta property=\"og:description\" content=\"En la historia de Bodegas Mu\u00f1oz se entrelazan la pasi\u00f3n, el legado y el compromiso de tres generaciones dedicadas a la viticultura. En el coraz\u00f3n de este relato se encuentra la tradici\u00f3n arraigada en la tierra, donde cada vi\u00f1edo cuenta una historia \u00fanica de cuidado y conocimiento transmitido de padres a hijos.  Desde las ra\u00edces profundamente arraigadas en el suelo hasta la meticulosa elaboraci\u00f3n del vino, cada paso refleja el respeto por la tierra y el deseo de compartir la excelencia con el mundo.  Una historia donde cada botella es m\u00e1s que una simple bebida; es un testimonio del compromiso, la dedicaci\u00f3n y la experiencia que ha pasado de generaci\u00f3n en generaci\u00f3n.\" \/>\n<meta property=\"og:url\" content=\"http:\/\/prueba.bodegasmunoz.com\/producto\/blas-munoz-essentia\/\" \/>\n<meta property=\"og:site_name\" content=\"Bodegas Mu\u00f1oz\" \/>\n<meta property=\"article:publisher\" content=\"https:\/\/www.facebook.com\/bodegasmunoz\" \/>\n<meta property=\"article:modified_time\" content=\"2025-06-10T08:40:57+00:00\" \/>\n<meta property=\"og:image\" content=\"http:\/\/prueba.bodegasmunoz.com\/wp-content\/uploads\/2024\/04\/Blas-Munoz-Essentia.jpg\" \/>\n\t<meta property=\"og:image:width\" content=\"1000\" \/>\n\t<meta property=\"og:image:height\" content=\"1000\" \/>\n\t<meta property=\"og:image:type\" content=\"image\/jpeg\" \/>\n<meta name=\"twitter:card\" content=\"summary_large_image\" \/>\n<meta name=\"twitter:label1\" content=\"Est. reading time\" \/>\n\t<meta name=\"twitter:data1\" content=\"1 minute\" \/>\n<script type=\"application\/ld+json\" class=\"yoast-schema-graph\">{\"@context\":\"https:\\\/\\\/schema.org\",\"@graph\":[{\"@type\":\"WebPage\",\"@id\":\"http:\\\/\\\/prueba.bodegasmunoz.com\\\/producto\\\/blas-munoz-essentia\\\/\",\"url\":\"http:\\\/\\\/prueba.bodegasmunoz.com\\\/producto\\\/blas-munoz-essentia\\\/\",\"name\":\"Blas Mu\u00f1oz Essentia - Bodegas Mu\u00f1oz\",\"isPartOf\":{\"@id\":\"https:\\\/\\\/prueba.bodegasmunoz.com\\\/#website\"},\"primaryImageOfPage\":{\"@id\":\"http:\\\/\\\/prueba.bodegasmunoz.com\\\/producto\\\/blas-munoz-essentia\\\/#primaryimage\"},\"image\":{\"@id\":\"http:\\\/\\\/prueba.bodegasmunoz.com\\\/producto\\\/blas-munoz-essentia\\\/#primaryimage\"},\"thumbnailUrl\":\"https:\\\/\\\/prueba.bodegasmunoz.com\\\/wp-content\\\/uploads\\\/2024\\\/04\\\/Blas-Munoz-Essentia.jpg\",\"datePublished\":\"2024-04-16T16:15:00+00:00\",\"dateModified\":\"2025-06-10T08:40:57+00:00\",\"breadcrumb\":{\"@id\":\"http:\\\/\\\/prueba.bodegasmunoz.com\\\/producto\\\/blas-munoz-essentia\\\/#breadcrumb\"},\"inLanguage\":\"en-US\",\"potentialAction\":[{\"@type\":\"ReadAction\",\"target\":[\"http:\\\/\\\/prueba.bodegasmunoz.com\\\/producto\\\/blas-munoz-essentia\\\/\"]}]},{\"@type\":\"ImageObject\",\"inLanguage\":\"en-US\",\"@id\":\"http:\\\/\\\/prueba.bodegasmunoz.com\\\/producto\\\/blas-munoz-essentia\\\/#primaryimage\",\"url\":\"https:\\\/\\\/prueba.bodegasmunoz.com\\\/wp-content\\\/uploads\\\/2024\\\/04\\\/Blas-Munoz-Essentia.jpg\",\"contentUrl\":\"https:\\\/\\\/prueba.bodegasmunoz.com\\\/wp-content\\\/uploads\\\/2024\\\/04\\\/Blas-Munoz-Essentia.jpg\",\"width\":1000,\"height\":1000,\"caption\":\"Blas Mu\u00f1oz Essentia\"},{\"@type\":\"BreadcrumbList\",\"@id\":\"http:\\\/\\\/prueba.bodegasmunoz.com\\\/producto\\\/blas-munoz-essentia\\\/#breadcrumb\",\"itemListElement\":[{\"@type\":\"ListItem\",\"position\":1,\"name\":\"Portada\",\"item\":\"https:\\\/\\\/prueba.bodegasmunoz.com\\\/\"},{\"@type\":\"ListItem\",\"position\":2,\"name\":\"Tienda\",\"item\":\"https:\\\/\\\/prueba.bodegasmunoz.com\\\/tienda\\\/\"},{\"@type\":\"ListItem\",\"position\":3,\"name\":\"Blas Mu\u00f1oz Essentia\"}]},{\"@type\":\"WebSite\",\"@id\":\"https:\\\/\\\/prueba.bodegasmunoz.com\\\/#website\",\"url\":\"https:\\\/\\\/prueba.bodegasmunoz.com\\\/\",\"name\":\"Bodegas Mu\u00f1oz\",\"description\":\"Vinos Premium en la Provincia de Toledo\",\"potentialAction\":[{\"@type\":\"SearchAction\",\"target\":{\"@type\":\"EntryPoint\",\"urlTemplate\":\"https:\\\/\\\/prueba.bodegasmunoz.com\\\/?s={search_term_string}\"},\"query-input\":{\"@type\":\"PropertyValueSpecification\",\"valueRequired\":true,\"valueName\":\"search_term_string\"}}],\"inLanguage\":\"en-US\"}]}<\/script>\n<!-- \/ Yoast SEO plugin. -->","yoast_head_json":{"title":"Blas Mu\u00f1oz Essentia - Bodegas Mu\u00f1oz","robots":{"index":"index","follow":"follow","max-snippet":"max-snippet:-1","max-image-preview":"max-image-preview:large","max-video-preview":"max-video-preview:-1"},"canonical":"http:\/\/prueba.bodegasmunoz.com\/producto\/blas-munoz-essentia\/","og_locale":"en_US","og_type":"article","og_title":"Blas Mu\u00f1oz Essentia - Bodegas Mu\u00f1oz","og_description":"En la historia de Bodegas Mu\u00f1oz se entrelazan la pasi\u00f3n, el legado y el compromiso de tres generaciones dedicadas a la viticultura. En el coraz\u00f3n de este relato se encuentra la tradici\u00f3n arraigada en la tierra, donde cada vi\u00f1edo cuenta una historia \u00fanica de cuidado y conocimiento transmitido de padres a hijos.  Desde las ra\u00edces profundamente arraigadas en el suelo hasta la meticulosa elaboraci\u00f3n del vino, cada paso refleja el respeto por la tierra y el deseo de compartir la excelencia con el mundo.  Una historia donde cada botella es m\u00e1s que una simple bebida; es un testimonio del compromiso, la dedicaci\u00f3n y la experiencia que ha pasado de generaci\u00f3n en generaci\u00f3n.","og_url":"http:\/\/prueba.bodegasmunoz.com\/producto\/blas-munoz-essentia\/","og_site_name":"Bodegas Mu\u00f1oz","article_publisher":"https:\/\/www.facebook.com\/bodegasmunoz","article_modified_time":"2025-06-10T08:40:57+00:00","og_image":[{"width":1000,"height":1000,"url":"http:\/\/prueba.bodegasmunoz.com\/wp-content\/uploads\/2024\/04\/Blas-Munoz-Essentia.jpg","type":"image\/jpeg"}],"twitter_card":"summary_large_image","twitter_misc":{"Est. reading time":"1 minute"},"schema":{"@context":"https:\/\/schema.org","@graph":[{"@type":"WebPage","@id":"http:\/\/prueba.bodegasmunoz.com\/producto\/blas-munoz-essentia\/","url":"http:\/\/prueba.bodegasmunoz.com\/producto\/blas-munoz-essentia\/","name":"Blas Mu\u00f1oz Essentia - Bodegas Mu\u00f1oz","isPartOf":{"@id":"https:\/\/prueba.bodegasmunoz.com\/#website"},"primaryImageOfPage":{"@id":"http:\/\/prueba.bodegasmunoz.com\/producto\/blas-munoz-essentia\/#primaryimage"},"image":{"@id":"http:\/\/prueba.bodegasmunoz.com\/producto\/blas-munoz-essentia\/#primaryimage"},"thumbnailUrl":"https:\/\/prueba.bodegasmunoz.com\/wp-content\/uploads\/2024\/04\/Blas-Munoz-Essentia.jpg","datePublished":"2024-04-16T16:15:00+00:00","dateModified":"2025-06-10T08:40:57+00:00","breadcrumb":{"@id":"http:\/\/prueba.bodegasmunoz.com\/producto\/blas-munoz-essentia\/#breadcrumb"},"inLanguage":"en-US","potentialAction":[{"@type":"ReadAction","target":["http:\/\/prueba.bodegasmunoz.com\/producto\/blas-munoz-essentia\/"]}]},{"@type":"ImageObject","inLanguage":"en-US","@id":"http:\/\/prueba.bodegasmunoz.com\/producto\/blas-munoz-essentia\/#primaryimage","url":"https:\/\/prueba.bodegasmunoz.com\/wp-content\/uploads\/2024\/04\/Blas-Munoz-Essentia.jpg","contentUrl":"https:\/\/prueba.bodegasmunoz.com\/wp-content\/uploads\/2024\/04\/Blas-Munoz-Essentia.jpg","width":1000,"height":1000,"caption":"Blas Mu\u00f1oz Essentia"},{"@type":"BreadcrumbList","@id":"http:\/\/prueba.bodegasmunoz.com\/producto\/blas-munoz-essentia\/#breadcrumb","itemListElement":[{"@type":"ListItem","position":1,"name":"Portada","item":"https:\/\/prueba.bodegasmunoz.com\/"},{"@type":"ListItem","position":2,"name":"Tienda","item":"https:\/\/prueba.bodegasmunoz.com\/tienda\/"},{"@type":"ListItem","position":3,"name":"Blas Mu\u00f1oz Essentia"}]},{"@type":"WebSite","@id":"https:\/\/prueba.bodegasmunoz.com\/#website","url":"https:\/\/prueba.bodegasmunoz.com\/","name":"Bodegas Mu\u00f1oz","description":"Vinos Premium en la Provincia de Toledo","potentialAction":[{"@type":"SearchAction","target":{"@type":"EntryPoint","urlTemplate":"https:\/\/prueba.bodegasmunoz.com\/?s={search_term_string}"},"query-input":{"@type":"PropertyValueSpecification","valueRequired":true,"valueName":"search_term_string"}}],"inLanguage":"en-US"}]}},"_links":{"self":[{"href":"https:\/\/prueba.bodegasmunoz.com\/en\/wp-json\/wp\/v2\/product\/20532","targetHints":{"allow":["GET"]}}],"collection":[{"href":"https:\/\/prueba.bodegasmunoz.com\/en\/wp-json\/wp\/v2\/product"}],"about":[{"href":"https:\/\/prueba.bodegasmunoz.com\/en\/wp-json\/wp\/v2\/types\/product"}],"version-history":[{"count":1,"href":"https:\/\/prueba.bodegasmunoz.com\/en\/wp-json\/wp\/v2\/product\/20532\/revisions"}],"predecessor-version":[{"id":23090,"href":"https:\/\/prueba.bodegasmunoz.com\/en\/wp-json\/wp\/v2\/product\/20532\/revisions\/23090"}],"wp:featuredmedia":[{"embeddable":true,"href":"https:\/\/prueba.bodegasmunoz.com\/en\/wp-json\/wp\/v2\/media\/20584"}],"wp:attachment":[{"href":"https:\/\/prueba.bodegasmunoz.com\/en\/wp-json\/wp\/v2\/media?parent=20532"}],"wp:term":[{"taxonomy":"product_brand","embeddable":true,"href":"https:\/\/prueba.bodegasmunoz.com\/en\/wp-json\/wp\/v2\/product_brand?post=20532"},{"taxonomy":"product_cat","embeddable":true,"href":"https:\/\/prueba.bodegasmunoz.com\/en\/wp-json\/wp\/v2\/product_cat?post=20532"},{"taxonomy":"product_tag","embeddable":true,"href":"https:\/\/prueba.bodegasmunoz.com\/en\/wp-json\/wp\/v2\/product_tag?post=20532"}],"curies":[{"name":"wp","href":"https:\/\/api.w.org\/{rel}","templated":true}]}}