{"id":19951,"date":"2024-02-06T11:34:11","date_gmt":"2024-02-06T10:34:11","guid":{"rendered":"http:\/\/prueba.bodegasmunoz.com\/?post_type=product&#038;p=19951"},"modified":"2026-01-23T12:29:53","modified_gmt":"2026-01-23T11:29:53","slug":"blas-munoz-cepas-viejas","status":"publish","type":"product","link":"https:\/\/prueba.bodegasmunoz.com\/en\/producto\/blas-munoz-cepas-viejas\/","title":{"rendered":"Blas Mu\u00f1oz Cepas Viejas"},"content":{"rendered":"<p><strong>A\u00d1ADA<\/strong><\/p>\n<p>La a\u00f1ada 2022 est\u00e1 caracterizada por ser una de las m\u00e1s c\u00e1lidas y secas que se recuerdan. El invierno c\u00e1lido y seco dio paso a una primavera muy lluviosa, pero con la llegada de mayo cesaron totalmente las lluvias y comenzaron a sucederse olas de calor durante todo el verano hasta la maduraci\u00f3n de la uva. En estas condiciones la vid ha sufrido condiciones extremas para producir una cosecha corta y de una calidad que podr\u00eda clasificarse como buena.<\/p>\n<p><strong>NOTAS DE CATA<\/strong><\/p>\n<ul>\n<li><strong>Visual<\/strong>: Rojo cereza intenso con ribete rubi\u0301.<\/li>\n<li><strong>Nariz<\/strong>: Excelente\u00a0expresi\u00f3n varietal. Fruta roja y mora silvestre con especias y monte bajo. Agradables toques de madera tostada y vainilla.<\/li>\n<li><strong>Boca<\/strong>: Redondo y aterciopelado con buena estructura. Equilibrado y persistente.<\/li>\n<\/ul>\n<p><strong>RECOMENDACIONES<\/strong><\/p>\n<ul>\n<li><strong>Maridaje<\/strong>: Carnes rojas, asadas o la brasa, platos de caza, estofados y quesos curados.<\/li>\n<li><strong>T\u00aa Servicio<\/strong>: 16-18 \u00baC.<\/li>\n<\/ul>\n<p><strong>ESPECIFICACIONES T\u00c9CNICAS<\/strong><\/p>\n<ul>\n<li><strong>Variedad<\/strong>:\u00a0Tempranillo<\/li>\n<li><strong>Edad del vi\u00f1edo<\/strong>: &gt; 60 a\u00f1os<\/li>\n<li><strong>Temperatura fermentaci\u00f3n<\/strong>:\u00a0&lt; 28 \u00baC<\/li>\n<li><strong>Tiempo de maceraci\u00f3n<\/strong>: 15\u00a0d\u00edas<\/li>\n<li><strong>Tiempo de barrica<\/strong>:\u00a012 meses<\/li>\n<li><strong>Alcohol<\/strong>: Alc. 14,5% Vol.<\/li>\n<li><strong>Acidez<\/strong>:\u00a05,0 g\/l.<\/li>\n<li><strong>SO2 total<\/strong>: 102 ppm<\/li>\n<\/ul>\n","protected":false},"excerpt":{"rendered":"<p><em><strong>Tempranillo de cepas centenarias\u2026 estructurado y fiel a la variedad.<\/strong><\/em><\/p>\n<p>Limpio y brillante de intenso color cereza, tiene el perfecto equilibrio entre frutosidad y los matices adquiridos durante la crianza. Delicioso para acompa\u00f1ar a las carnes rojas, quesos de fuerte sabor, platos de caza, estofados.<\/p>\n","protected":false},"featured_media":22297,"template":"","meta":[],"product_brand":[],"product_cat":[116],"product_tag":[],"class_list":{"0":"post-19951","1":"product","2":"type-product","3":"status-publish","4":"has-post-thumbnail","6":"product_cat-blas-munoz","8":"first","9":"instock","10":"taxable","11":"shipping-taxable","12":"purchasable","13":"product-type-simple"},"yoast_head":"<!-- This site is optimized with the Yoast SEO plugin v27.3 - https:\/\/yoast.com\/product\/yoast-seo-wordpress\/ -->\n<title>Blas Mu\u00f1oz Cepas Viejas - Bodegas Mu\u00f1oz<\/title>\n<meta name=\"robots\" content=\"index, follow, max-snippet:-1, max-image-preview:large, max-video-preview:-1\" \/>\n<link rel=\"canonical\" href=\"https:\/\/prueba.bodegasmunoz.com\/producto\/blas-munoz-cepas-viejas\/\" \/>\n<meta property=\"og:locale\" content=\"en_US\" \/>\n<meta property=\"og:type\" content=\"article\" \/>\n<meta property=\"og:title\" content=\"Blas Mu\u00f1oz Cepas Viejas - Bodegas Mu\u00f1oz\" \/>\n<meta property=\"og:description\" content=\"Tempranillo de cepas centenarias\u2026 estructurado y fiel a la variedad.  Limpio y brillante de intenso color cereza, tiene el perfecto equilibrio entre frutosidad y los matices adquiridos durante la crianza. Delicioso para acompa\u00f1ar a las carnes rojas, quesos de fuerte sabor, platos de caza, estofados.\" \/>\n<meta property=\"og:url\" content=\"https:\/\/prueba.bodegasmunoz.com\/producto\/blas-munoz-cepas-viejas\/\" \/>\n<meta property=\"og:site_name\" content=\"Bodegas Mu\u00f1oz\" \/>\n<meta property=\"article:publisher\" content=\"https:\/\/www.facebook.com\/bodegasmunoz\" \/>\n<meta property=\"article:modified_time\" content=\"2026-01-23T11:29:53+00:00\" \/>\n<meta property=\"og:image\" content=\"https:\/\/prueba.bodegasmunoz.com\/wp-content\/uploads\/2024\/02\/Blas-Munoz-Cepas-Viejas-Bodegas-Munoz.jpg\" \/>\n\t<meta property=\"og:image:width\" content=\"1000\" \/>\n\t<meta property=\"og:image:height\" content=\"1000\" \/>\n\t<meta property=\"og:image:type\" content=\"image\/jpeg\" \/>\n<meta name=\"twitter:card\" content=\"summary_large_image\" \/>\n<meta name=\"twitter:label1\" content=\"Est. reading time\" \/>\n\t<meta name=\"twitter:data1\" content=\"1 minute\" \/>\n<script type=\"application\/ld+json\" class=\"yoast-schema-graph\">{\"@context\":\"https:\\\/\\\/schema.org\",\"@graph\":[{\"@type\":\"WebPage\",\"@id\":\"https:\\\/\\\/prueba.bodegasmunoz.com\\\/producto\\\/blas-munoz-cepas-viejas\\\/\",\"url\":\"https:\\\/\\\/prueba.bodegasmunoz.com\\\/producto\\\/blas-munoz-cepas-viejas\\\/\",\"name\":\"Blas Mu\u00f1oz Cepas Viejas - Bodegas Mu\u00f1oz\",\"isPartOf\":{\"@id\":\"https:\\\/\\\/prueba.bodegasmunoz.com\\\/#website\"},\"primaryImageOfPage\":{\"@id\":\"https:\\\/\\\/prueba.bodegasmunoz.com\\\/producto\\\/blas-munoz-cepas-viejas\\\/#primaryimage\"},\"image\":{\"@id\":\"https:\\\/\\\/prueba.bodegasmunoz.com\\\/producto\\\/blas-munoz-cepas-viejas\\\/#primaryimage\"},\"thumbnailUrl\":\"https:\\\/\\\/prueba.bodegasmunoz.com\\\/wp-content\\\/uploads\\\/2024\\\/02\\\/Blas-Munoz-Cepas-Viejas-Bodegas-Munoz.jpg\",\"datePublished\":\"2024-02-06T10:34:11+00:00\",\"dateModified\":\"2026-01-23T11:29:53+00:00\",\"breadcrumb\":{\"@id\":\"https:\\\/\\\/prueba.bodegasmunoz.com\\\/producto\\\/blas-munoz-cepas-viejas\\\/#breadcrumb\"},\"inLanguage\":\"en-US\",\"potentialAction\":[{\"@type\":\"ReadAction\",\"target\":[\"https:\\\/\\\/prueba.bodegasmunoz.com\\\/producto\\\/blas-munoz-cepas-viejas\\\/\"]}]},{\"@type\":\"ImageObject\",\"inLanguage\":\"en-US\",\"@id\":\"https:\\\/\\\/prueba.bodegasmunoz.com\\\/producto\\\/blas-munoz-cepas-viejas\\\/#primaryimage\",\"url\":\"https:\\\/\\\/prueba.bodegasmunoz.com\\\/wp-content\\\/uploads\\\/2024\\\/02\\\/Blas-Munoz-Cepas-Viejas-Bodegas-Munoz.jpg\",\"contentUrl\":\"https:\\\/\\\/prueba.bodegasmunoz.com\\\/wp-content\\\/uploads\\\/2024\\\/02\\\/Blas-Munoz-Cepas-Viejas-Bodegas-Munoz.jpg\",\"width\":1000,\"height\":1000,\"caption\":\"Blas Mu\u00f1oz Cepas Viejas Bodegas Mu\u00f1oz\"},{\"@type\":\"BreadcrumbList\",\"@id\":\"https:\\\/\\\/prueba.bodegasmunoz.com\\\/producto\\\/blas-munoz-cepas-viejas\\\/#breadcrumb\",\"itemListElement\":[{\"@type\":\"ListItem\",\"position\":1,\"name\":\"Portada\",\"item\":\"https:\\\/\\\/prueba.bodegasmunoz.com\\\/\"},{\"@type\":\"ListItem\",\"position\":2,\"name\":\"Tienda\",\"item\":\"https:\\\/\\\/prueba.bodegasmunoz.com\\\/tienda\\\/\"},{\"@type\":\"ListItem\",\"position\":3,\"name\":\"Blas Mu\u00f1oz Cepas Viejas\"}]},{\"@type\":\"WebSite\",\"@id\":\"https:\\\/\\\/prueba.bodegasmunoz.com\\\/#website\",\"url\":\"https:\\\/\\\/prueba.bodegasmunoz.com\\\/\",\"name\":\"Bodegas Mu\u00f1oz\",\"description\":\"Vinos Premium en la Provincia de Toledo\",\"potentialAction\":[{\"@type\":\"SearchAction\",\"target\":{\"@type\":\"EntryPoint\",\"urlTemplate\":\"https:\\\/\\\/prueba.bodegasmunoz.com\\\/?s={search_term_string}\"},\"query-input\":{\"@type\":\"PropertyValueSpecification\",\"valueRequired\":true,\"valueName\":\"search_term_string\"}}],\"inLanguage\":\"en-US\"}]}<\/script>\n<!-- \/ Yoast SEO plugin. -->","yoast_head_json":{"title":"Blas Mu\u00f1oz Cepas Viejas - Bodegas Mu\u00f1oz","robots":{"index":"index","follow":"follow","max-snippet":"max-snippet:-1","max-image-preview":"max-image-preview:large","max-video-preview":"max-video-preview:-1"},"canonical":"https:\/\/prueba.bodegasmunoz.com\/producto\/blas-munoz-cepas-viejas\/","og_locale":"en_US","og_type":"article","og_title":"Blas Mu\u00f1oz Cepas Viejas - Bodegas Mu\u00f1oz","og_description":"Tempranillo de cepas centenarias\u2026 estructurado y fiel a la variedad.  Limpio y brillante de intenso color cereza, tiene el perfecto equilibrio entre frutosidad y los matices adquiridos durante la crianza. Delicioso para acompa\u00f1ar a las carnes rojas, quesos de fuerte sabor, platos de caza, estofados.","og_url":"https:\/\/prueba.bodegasmunoz.com\/producto\/blas-munoz-cepas-viejas\/","og_site_name":"Bodegas Mu\u00f1oz","article_publisher":"https:\/\/www.facebook.com\/bodegasmunoz","article_modified_time":"2026-01-23T11:29:53+00:00","og_image":[{"width":1000,"height":1000,"url":"https:\/\/prueba.bodegasmunoz.com\/wp-content\/uploads\/2024\/02\/Blas-Munoz-Cepas-Viejas-Bodegas-Munoz.jpg","type":"image\/jpeg"}],"twitter_card":"summary_large_image","twitter_misc":{"Est. reading time":"1 minute"},"schema":{"@context":"https:\/\/schema.org","@graph":[{"@type":"WebPage","@id":"https:\/\/prueba.bodegasmunoz.com\/producto\/blas-munoz-cepas-viejas\/","url":"https:\/\/prueba.bodegasmunoz.com\/producto\/blas-munoz-cepas-viejas\/","name":"Blas Mu\u00f1oz Cepas Viejas - Bodegas Mu\u00f1oz","isPartOf":{"@id":"https:\/\/prueba.bodegasmunoz.com\/#website"},"primaryImageOfPage":{"@id":"https:\/\/prueba.bodegasmunoz.com\/producto\/blas-munoz-cepas-viejas\/#primaryimage"},"image":{"@id":"https:\/\/prueba.bodegasmunoz.com\/producto\/blas-munoz-cepas-viejas\/#primaryimage"},"thumbnailUrl":"https:\/\/prueba.bodegasmunoz.com\/wp-content\/uploads\/2024\/02\/Blas-Munoz-Cepas-Viejas-Bodegas-Munoz.jpg","datePublished":"2024-02-06T10:34:11+00:00","dateModified":"2026-01-23T11:29:53+00:00","breadcrumb":{"@id":"https:\/\/prueba.bodegasmunoz.com\/producto\/blas-munoz-cepas-viejas\/#breadcrumb"},"inLanguage":"en-US","potentialAction":[{"@type":"ReadAction","target":["https:\/\/prueba.bodegasmunoz.com\/producto\/blas-munoz-cepas-viejas\/"]}]},{"@type":"ImageObject","inLanguage":"en-US","@id":"https:\/\/prueba.bodegasmunoz.com\/producto\/blas-munoz-cepas-viejas\/#primaryimage","url":"https:\/\/prueba.bodegasmunoz.com\/wp-content\/uploads\/2024\/02\/Blas-Munoz-Cepas-Viejas-Bodegas-Munoz.jpg","contentUrl":"https:\/\/prueba.bodegasmunoz.com\/wp-content\/uploads\/2024\/02\/Blas-Munoz-Cepas-Viejas-Bodegas-Munoz.jpg","width":1000,"height":1000,"caption":"Blas Mu\u00f1oz Cepas Viejas Bodegas Mu\u00f1oz"},{"@type":"BreadcrumbList","@id":"https:\/\/prueba.bodegasmunoz.com\/producto\/blas-munoz-cepas-viejas\/#breadcrumb","itemListElement":[{"@type":"ListItem","position":1,"name":"Portada","item":"https:\/\/prueba.bodegasmunoz.com\/"},{"@type":"ListItem","position":2,"name":"Tienda","item":"https:\/\/prueba.bodegasmunoz.com\/tienda\/"},{"@type":"ListItem","position":3,"name":"Blas Mu\u00f1oz Cepas Viejas"}]},{"@type":"WebSite","@id":"https:\/\/prueba.bodegasmunoz.com\/#website","url":"https:\/\/prueba.bodegasmunoz.com\/","name":"Bodegas Mu\u00f1oz","description":"Vinos Premium en la Provincia de Toledo","potentialAction":[{"@type":"SearchAction","target":{"@type":"EntryPoint","urlTemplate":"https:\/\/prueba.bodegasmunoz.com\/?s={search_term_string}"},"query-input":{"@type":"PropertyValueSpecification","valueRequired":true,"valueName":"search_term_string"}}],"inLanguage":"en-US"}]}},"_links":{"self":[{"href":"https:\/\/prueba.bodegasmunoz.com\/en\/wp-json\/wp\/v2\/product\/19951","targetHints":{"allow":["GET"]}}],"collection":[{"href":"https:\/\/prueba.bodegasmunoz.com\/en\/wp-json\/wp\/v2\/product"}],"about":[{"href":"https:\/\/prueba.bodegasmunoz.com\/en\/wp-json\/wp\/v2\/types\/product"}],"version-history":[{"count":2,"href":"https:\/\/prueba.bodegasmunoz.com\/en\/wp-json\/wp\/v2\/product\/19951\/revisions"}],"predecessor-version":[{"id":23943,"href":"https:\/\/prueba.bodegasmunoz.com\/en\/wp-json\/wp\/v2\/product\/19951\/revisions\/23943"}],"wp:featuredmedia":[{"embeddable":true,"href":"https:\/\/prueba.bodegasmunoz.com\/en\/wp-json\/wp\/v2\/media\/22297"}],"wp:attachment":[{"href":"https:\/\/prueba.bodegasmunoz.com\/en\/wp-json\/wp\/v2\/media?parent=19951"}],"wp:term":[{"taxonomy":"product_brand","embeddable":true,"href":"https:\/\/prueba.bodegasmunoz.com\/en\/wp-json\/wp\/v2\/product_brand?post=19951"},{"taxonomy":"product_cat","embeddable":true,"href":"https:\/\/prueba.bodegasmunoz.com\/en\/wp-json\/wp\/v2\/product_cat?post=19951"},{"taxonomy":"product_tag","embeddable":true,"href":"https:\/\/prueba.bodegasmunoz.com\/en\/wp-json\/wp\/v2\/product_tag?post=19951"}],"curies":[{"name":"wp","href":"https:\/\/api.w.org\/{rel}","templated":true}]}}