{"id":19508,"date":"2023-12-21T13:00:01","date_gmt":"2023-12-21T12:00:01","guid":{"rendered":"http:\/\/prueba.bodegasmunoz.com\/?post_type=product&#038;p=19508"},"modified":"2026-01-30T13:34:39","modified_gmt":"2026-01-30T12:34:39","slug":"finca-munoz-coleccion-de-la-familia-12-meses-barrica-2021-magnum","status":"publish","type":"product","link":"https:\/\/prueba.bodegasmunoz.com\/en\/producto\/finca-munoz-coleccion-de-la-familia-12-meses-barrica-2021-magnum\/","title":{"rendered":"Finca Mu\u00f1oz Colecci\u00f3n de la Familia 12 meses barrica 2021 magnum"},"content":{"rendered":"<p><b>A\u00d1ADA<\/b><\/p>\n<p>El a\u00f1o vit\u00edcola 2021 es un a\u00f1o de extremos, comenzando por un invierno marcado por el frio y la nieve y terminando con episodios muy c\u00e1lidos en maduraci\u00f3n, la vid ha estado sometida a condiciones extremas que se han traducido en una cosecha muy corta, pero con una concentraci\u00f3n a la que favorecer\u00e1 el paso del tiempo.<\/p>\n<p><b>NOTAS DE CATA<\/b><\/p>\n<ul>\n<li><strong>Visual<\/strong>: Rojo cereza intenso con ribete viol\u00e1ceo.<\/li>\n<li><strong>Nariz<\/strong>: Aromas de frutos rojos combinado con notas l\u00e1cticas, roble cremoso y caramelo.<\/li>\n<li><strong>Boca<\/strong>:\u00a0Amplio, redondo sabroso y persistente.<\/li>\n<\/ul>\n<p><b>RECOMENDACIONES<\/b><\/p>\n<ul>\n<li><strong>Maridaje<\/strong>: Carnes rojas, platos de caza, quesos curados y tapas.<\/li>\n<li><strong>T\u00aa\u00a0Servicio<\/strong>: 16-18 \u00baC.<\/li>\n<\/ul>\n<p><b>ESPECIFICACIONES T\u00c9CNICAS<\/b><\/p>\n<ul>\n<li><strong>Variedad<\/strong>: Tempranillo y Merlot<\/li>\n<li><strong>Edad del vi\u00f1edo<\/strong>: &gt;30 a\u00f1os<\/li>\n<li><strong>Temperatura fermentaci\u00f3n<\/strong>: &lt; 28 \u00baC<\/li>\n<li><strong>Tiempo de maceraci\u00f3n<\/strong>: 12 d\u00edas<\/li>\n<li><strong>Tiempo de barrica<\/strong>: 12 meses<\/li>\n<li><strong>Alcohol<\/strong>: Alc. 14,5 % Vol.<\/li>\n<li><strong>Acidez<\/strong>: 5,5 g\/l.<\/li>\n<li><strong>SO2 total<\/strong>: 80ppm<\/li>\n<\/ul>\n","protected":false},"excerpt":{"rendered":"<p><em><strong>Estructurado, intenso y goloso\u2026 el equilibrio entre la fruta y roble.<\/strong><\/em><\/p>\n<p>Con un intenso color rojo cereza con ribete viol\u00e1ceo, este vino es un punto de encuentro entre el aroma de fruta roja con notas de roble cremoso para acabar con un paso de boca redondo y persistente. Perfecto para acompa\u00f1ar una carne roja, caza y quesos curados.<\/p>\n","protected":false},"featured_media":23743,"template":"","meta":[],"product_brand":[],"product_cat":[75,288],"product_tag":[],"class_list":{"0":"post-19508","1":"product","2":"type-product","3":"status-publish","4":"has-post-thumbnail","6":"product_cat-finca-munoz","7":"product_cat-magnum","9":"first","10":"outofstock","11":"taxable","12":"shipping-taxable","13":"purchasable","14":"product-type-simple"},"yoast_head":"<!-- This site is optimized with the Yoast SEO plugin v27.3 - https:\/\/yoast.com\/product\/yoast-seo-wordpress\/ -->\n<title>Finca Mu\u00f1oz Colecci\u00f3n de la Familia 12 meses barrica 2021 magnum - Bodegas Mu\u00f1oz<\/title>\n<meta name=\"robots\" content=\"index, follow, max-snippet:-1, max-image-preview:large, max-video-preview:-1\" \/>\n<link rel=\"canonical\" href=\"https:\/\/prueba.bodegasmunoz.com\/producto\/finca-munoz-coleccion-de-la-familia-12-meses-barrica-2021-magnum\/\" \/>\n<meta property=\"og:locale\" content=\"en_US\" \/>\n<meta property=\"og:type\" content=\"article\" \/>\n<meta property=\"og:title\" content=\"Finca Mu\u00f1oz Colecci\u00f3n de la Familia 12 meses barrica 2021 magnum - Bodegas Mu\u00f1oz\" \/>\n<meta property=\"og:description\" content=\"Estructurado, intenso y goloso\u2026 el equilibrio entre la fruta y roble.  Con un intenso color rojo cereza con ribete viol\u00e1ceo, este vino es un punto de encuentro entre el aroma de fruta roja con notas de roble cremoso para acabar con un paso de boca redondo y persistente. Perfecto para acompa\u00f1ar una carne roja, caza y quesos curados.\" \/>\n<meta property=\"og:url\" content=\"https:\/\/prueba.bodegasmunoz.com\/producto\/finca-munoz-coleccion-de-la-familia-12-meses-barrica-2021-magnum\/\" \/>\n<meta property=\"og:site_name\" content=\"Bodegas Mu\u00f1oz\" \/>\n<meta property=\"article:publisher\" content=\"https:\/\/www.facebook.com\/bodegasmunoz\" \/>\n<meta property=\"article:modified_time\" content=\"2026-01-30T12:34:39+00:00\" \/>\n<meta property=\"og:image\" content=\"https:\/\/prueba.bodegasmunoz.com\/wp-content\/uploads\/2023\/12\/MAGNUM-Finca-Munoz-tinto-2021-web-1.png\" \/>\n\t<meta property=\"og:image:width\" content=\"1000\" \/>\n\t<meta property=\"og:image:height\" content=\"1000\" \/>\n\t<meta property=\"og:image:type\" content=\"image\/png\" \/>\n<meta name=\"twitter:card\" content=\"summary_large_image\" \/>\n<meta name=\"twitter:label1\" content=\"Est. reading time\" \/>\n\t<meta name=\"twitter:data1\" content=\"1 minute\" \/>\n<script type=\"application\/ld+json\" class=\"yoast-schema-graph\">{\"@context\":\"https:\\\/\\\/schema.org\",\"@graph\":[{\"@type\":\"WebPage\",\"@id\":\"https:\\\/\\\/prueba.bodegasmunoz.com\\\/producto\\\/finca-munoz-coleccion-de-la-familia-12-meses-barrica-2021-magnum\\\/\",\"url\":\"https:\\\/\\\/prueba.bodegasmunoz.com\\\/producto\\\/finca-munoz-coleccion-de-la-familia-12-meses-barrica-2021-magnum\\\/\",\"name\":\"Finca Mu\u00f1oz Colecci\u00f3n de la Familia 12 meses barrica 2021 magnum - Bodegas Mu\u00f1oz\",\"isPartOf\":{\"@id\":\"https:\\\/\\\/prueba.bodegasmunoz.com\\\/#website\"},\"primaryImageOfPage\":{\"@id\":\"https:\\\/\\\/prueba.bodegasmunoz.com\\\/producto\\\/finca-munoz-coleccion-de-la-familia-12-meses-barrica-2021-magnum\\\/#primaryimage\"},\"image\":{\"@id\":\"https:\\\/\\\/prueba.bodegasmunoz.com\\\/producto\\\/finca-munoz-coleccion-de-la-familia-12-meses-barrica-2021-magnum\\\/#primaryimage\"},\"thumbnailUrl\":\"https:\\\/\\\/prueba.bodegasmunoz.com\\\/wp-content\\\/uploads\\\/2023\\\/12\\\/MAGNUM-Finca-Munoz-tinto-2021-web-1.png\",\"datePublished\":\"2023-12-21T12:00:01+00:00\",\"dateModified\":\"2026-01-30T12:34:39+00:00\",\"breadcrumb\":{\"@id\":\"https:\\\/\\\/prueba.bodegasmunoz.com\\\/producto\\\/finca-munoz-coleccion-de-la-familia-12-meses-barrica-2021-magnum\\\/#breadcrumb\"},\"inLanguage\":\"en-US\",\"potentialAction\":[{\"@type\":\"ReadAction\",\"target\":[\"https:\\\/\\\/prueba.bodegasmunoz.com\\\/producto\\\/finca-munoz-coleccion-de-la-familia-12-meses-barrica-2021-magnum\\\/\"]}]},{\"@type\":\"ImageObject\",\"inLanguage\":\"en-US\",\"@id\":\"https:\\\/\\\/prueba.bodegasmunoz.com\\\/producto\\\/finca-munoz-coleccion-de-la-familia-12-meses-barrica-2021-magnum\\\/#primaryimage\",\"url\":\"https:\\\/\\\/prueba.bodegasmunoz.com\\\/wp-content\\\/uploads\\\/2023\\\/12\\\/MAGNUM-Finca-Munoz-tinto-2021-web-1.png\",\"contentUrl\":\"https:\\\/\\\/prueba.bodegasmunoz.com\\\/wp-content\\\/uploads\\\/2023\\\/12\\\/MAGNUM-Finca-Munoz-tinto-2021-web-1.png\",\"width\":1000,\"height\":1000,\"caption\":\"MAGNUM Finca Mu\u00f1oz tinto 2021 web\"},{\"@type\":\"BreadcrumbList\",\"@id\":\"https:\\\/\\\/prueba.bodegasmunoz.com\\\/producto\\\/finca-munoz-coleccion-de-la-familia-12-meses-barrica-2021-magnum\\\/#breadcrumb\",\"itemListElement\":[{\"@type\":\"ListItem\",\"position\":1,\"name\":\"Portada\",\"item\":\"https:\\\/\\\/prueba.bodegasmunoz.com\\\/\"},{\"@type\":\"ListItem\",\"position\":2,\"name\":\"Tienda\",\"item\":\"https:\\\/\\\/prueba.bodegasmunoz.com\\\/tienda\\\/\"},{\"@type\":\"ListItem\",\"position\":3,\"name\":\"Finca Mu\u00f1oz Colecci\u00f3n de la Familia 12 meses barrica 2021 magnum\"}]},{\"@type\":\"WebSite\",\"@id\":\"https:\\\/\\\/prueba.bodegasmunoz.com\\\/#website\",\"url\":\"https:\\\/\\\/prueba.bodegasmunoz.com\\\/\",\"name\":\"Bodegas Mu\u00f1oz\",\"description\":\"Vinos Premium en la Provincia de Toledo\",\"potentialAction\":[{\"@type\":\"SearchAction\",\"target\":{\"@type\":\"EntryPoint\",\"urlTemplate\":\"https:\\\/\\\/prueba.bodegasmunoz.com\\\/?s={search_term_string}\"},\"query-input\":{\"@type\":\"PropertyValueSpecification\",\"valueRequired\":true,\"valueName\":\"search_term_string\"}}],\"inLanguage\":\"en-US\"}]}<\/script>\n<!-- \/ Yoast SEO plugin. -->","yoast_head_json":{"title":"Finca Mu\u00f1oz Colecci\u00f3n de la Familia 12 meses barrica 2021 magnum - Bodegas Mu\u00f1oz","robots":{"index":"index","follow":"follow","max-snippet":"max-snippet:-1","max-image-preview":"max-image-preview:large","max-video-preview":"max-video-preview:-1"},"canonical":"https:\/\/prueba.bodegasmunoz.com\/producto\/finca-munoz-coleccion-de-la-familia-12-meses-barrica-2021-magnum\/","og_locale":"en_US","og_type":"article","og_title":"Finca Mu\u00f1oz Colecci\u00f3n de la Familia 12 meses barrica 2021 magnum - Bodegas Mu\u00f1oz","og_description":"Estructurado, intenso y goloso\u2026 el equilibrio entre la fruta y roble.  Con un intenso color rojo cereza con ribete viol\u00e1ceo, este vino es un punto de encuentro entre el aroma de fruta roja con notas de roble cremoso para acabar con un paso de boca redondo y persistente. Perfecto para acompa\u00f1ar una carne roja, caza y quesos curados.","og_url":"https:\/\/prueba.bodegasmunoz.com\/producto\/finca-munoz-coleccion-de-la-familia-12-meses-barrica-2021-magnum\/","og_site_name":"Bodegas Mu\u00f1oz","article_publisher":"https:\/\/www.facebook.com\/bodegasmunoz","article_modified_time":"2026-01-30T12:34:39+00:00","og_image":[{"width":1000,"height":1000,"url":"https:\/\/prueba.bodegasmunoz.com\/wp-content\/uploads\/2023\/12\/MAGNUM-Finca-Munoz-tinto-2021-web-1.png","type":"image\/png"}],"twitter_card":"summary_large_image","twitter_misc":{"Est. reading time":"1 minute"},"schema":{"@context":"https:\/\/schema.org","@graph":[{"@type":"WebPage","@id":"https:\/\/prueba.bodegasmunoz.com\/producto\/finca-munoz-coleccion-de-la-familia-12-meses-barrica-2021-magnum\/","url":"https:\/\/prueba.bodegasmunoz.com\/producto\/finca-munoz-coleccion-de-la-familia-12-meses-barrica-2021-magnum\/","name":"Finca Mu\u00f1oz Colecci\u00f3n de la Familia 12 meses barrica 2021 magnum - Bodegas Mu\u00f1oz","isPartOf":{"@id":"https:\/\/prueba.bodegasmunoz.com\/#website"},"primaryImageOfPage":{"@id":"https:\/\/prueba.bodegasmunoz.com\/producto\/finca-munoz-coleccion-de-la-familia-12-meses-barrica-2021-magnum\/#primaryimage"},"image":{"@id":"https:\/\/prueba.bodegasmunoz.com\/producto\/finca-munoz-coleccion-de-la-familia-12-meses-barrica-2021-magnum\/#primaryimage"},"thumbnailUrl":"https:\/\/prueba.bodegasmunoz.com\/wp-content\/uploads\/2023\/12\/MAGNUM-Finca-Munoz-tinto-2021-web-1.png","datePublished":"2023-12-21T12:00:01+00:00","dateModified":"2026-01-30T12:34:39+00:00","breadcrumb":{"@id":"https:\/\/prueba.bodegasmunoz.com\/producto\/finca-munoz-coleccion-de-la-familia-12-meses-barrica-2021-magnum\/#breadcrumb"},"inLanguage":"en-US","potentialAction":[{"@type":"ReadAction","target":["https:\/\/prueba.bodegasmunoz.com\/producto\/finca-munoz-coleccion-de-la-familia-12-meses-barrica-2021-magnum\/"]}]},{"@type":"ImageObject","inLanguage":"en-US","@id":"https:\/\/prueba.bodegasmunoz.com\/producto\/finca-munoz-coleccion-de-la-familia-12-meses-barrica-2021-magnum\/#primaryimage","url":"https:\/\/prueba.bodegasmunoz.com\/wp-content\/uploads\/2023\/12\/MAGNUM-Finca-Munoz-tinto-2021-web-1.png","contentUrl":"https:\/\/prueba.bodegasmunoz.com\/wp-content\/uploads\/2023\/12\/MAGNUM-Finca-Munoz-tinto-2021-web-1.png","width":1000,"height":1000,"caption":"MAGNUM Finca Mu\u00f1oz tinto 2021 web"},{"@type":"BreadcrumbList","@id":"https:\/\/prueba.bodegasmunoz.com\/producto\/finca-munoz-coleccion-de-la-familia-12-meses-barrica-2021-magnum\/#breadcrumb","itemListElement":[{"@type":"ListItem","position":1,"name":"Portada","item":"https:\/\/prueba.bodegasmunoz.com\/"},{"@type":"ListItem","position":2,"name":"Tienda","item":"https:\/\/prueba.bodegasmunoz.com\/tienda\/"},{"@type":"ListItem","position":3,"name":"Finca Mu\u00f1oz Colecci\u00f3n de la Familia 12 meses barrica 2021 magnum"}]},{"@type":"WebSite","@id":"https:\/\/prueba.bodegasmunoz.com\/#website","url":"https:\/\/prueba.bodegasmunoz.com\/","name":"Bodegas Mu\u00f1oz","description":"Vinos Premium en la Provincia de Toledo","potentialAction":[{"@type":"SearchAction","target":{"@type":"EntryPoint","urlTemplate":"https:\/\/prueba.bodegasmunoz.com\/?s={search_term_string}"},"query-input":{"@type":"PropertyValueSpecification","valueRequired":true,"valueName":"search_term_string"}}],"inLanguage":"en-US"}]}},"_links":{"self":[{"href":"https:\/\/prueba.bodegasmunoz.com\/en\/wp-json\/wp\/v2\/product\/19508","targetHints":{"allow":["GET"]}}],"collection":[{"href":"https:\/\/prueba.bodegasmunoz.com\/en\/wp-json\/wp\/v2\/product"}],"about":[{"href":"https:\/\/prueba.bodegasmunoz.com\/en\/wp-json\/wp\/v2\/types\/product"}],"version-history":[{"count":1,"href":"https:\/\/prueba.bodegasmunoz.com\/en\/wp-json\/wp\/v2\/product\/19508\/revisions"}],"predecessor-version":[{"id":23385,"href":"https:\/\/prueba.bodegasmunoz.com\/en\/wp-json\/wp\/v2\/product\/19508\/revisions\/23385"}],"wp:featuredmedia":[{"embeddable":true,"href":"https:\/\/prueba.bodegasmunoz.com\/en\/wp-json\/wp\/v2\/media\/23743"}],"wp:attachment":[{"href":"https:\/\/prueba.bodegasmunoz.com\/en\/wp-json\/wp\/v2\/media?parent=19508"}],"wp:term":[{"taxonomy":"product_brand","embeddable":true,"href":"https:\/\/prueba.bodegasmunoz.com\/en\/wp-json\/wp\/v2\/product_brand?post=19508"},{"taxonomy":"product_cat","embeddable":true,"href":"https:\/\/prueba.bodegasmunoz.com\/en\/wp-json\/wp\/v2\/product_cat?post=19508"},{"taxonomy":"product_tag","embeddable":true,"href":"https:\/\/prueba.bodegasmunoz.com\/en\/wp-json\/wp\/v2\/product_tag?post=19508"}],"curies":[{"name":"wp","href":"https:\/\/api.w.org\/{rel}","templated":true}]}}