{"id":24185,"date":"2025-12-03T13:08:32","date_gmt":"2025-12-03T12:08:32","guid":{"rendered":"http:\/\/prueba.bodegasmunoz.com\/?post_type=product&#038;p=24185"},"modified":"2026-01-30T18:43:04","modified_gmt":"2026-01-30T17:43:04","slug":"caja-de-6-bot-blas-munoz-chardonnay-2023","status":"publish","type":"product","link":"http:\/\/prueba.bodegasmunoz.com\/en\/producto\/caja-de-6-bot-blas-munoz-chardonnay-2023\/","title":{"rendered":"Caja de 6 bot. Blas Mu\u00f1oz Chardonnay 2023"},"content":{"rendered":"<p><b>A\u00d1ADA<\/b><\/p>\n<p>La a\u00f1ada 2023 estuvo caracterizada por un invierno suave, primavera h\u00fameda y verano extremadamente caluroso, lo que redujo la producci\u00f3n pero concentr\u00f3 la calidad. Los blancos destacan por su frescura, acidez equilibrada y aromas limpios; los tintos, por su fruta madura, taninos pulidos y buena estructura. Es una a\u00f1ada de calidad media-alta con potencial de guarda.<\/p>\n<p><b>VI\u00d1EDO<\/b><\/p>\n<p>Situado en la mesa de Oca\u00f1a, al norte de la provincia de Toledo, se encuentra nuestro vi\u00f1edo de Chardonnay a una altitud de 730 m. sobre suelos arcillo-calc\u00e1reos del terciario.<\/p>\n<p>La plantaci\u00f3n se hizo en los a\u00f1os 1.998 y 2.005 y est\u00e1 conducida en espaldera vertical a una densidad de plantaci\u00f3n de 2.747 cepas\/ha.<\/p>\n<p><b>NOTAS DE CATA<\/b><\/p>\n<ul>\n<li><strong>Visual<\/strong>: Amarillo lim\u00f3n con ribete dorado.<\/li>\n<li><strong>Nariz<\/strong>: Aroma complejo con predominio de fruta de hueso, especias dulces y toques de pasteler\u00eda combinado con notas tostadas y de vainilla<\/li>\n<li><strong>Boca<\/strong>: C\u00e1lido y graso, envolviendo el paladar con un final de buena crianza. Su persistencia en boca es prolongada.<\/li>\n<\/ul>\n<p><b>RECOMENDACIONES<\/b><\/p>\n<ul>\n<li><strong>Maridaje<\/strong>: Platos elaborados con pescados de todo tipo, mariscos y arroces. Perfecto tambi\u00e9n con carnes blancas asadas<\/li>\n<li><strong>Temperatura servicio<\/strong>: 11-13 \u00baC.<\/li>\n<\/ul>\n<p><strong>ESPECIFICACIONES T\u00c9CNICAS<\/strong><\/p>\n<ul>\n<li><strong>Variedad:<\/strong> Chardonnay<\/li>\n<li><strong>Edad del vi\u00f1edo:<\/strong> 20 a\u00f1os<\/li>\n<li><strong>Temperatura fermentaci\u00f3n:<\/strong> 14-22 \u00baC<\/li>\n<li><strong>Tiempo de maceraci\u00f3n:<\/strong> 10 horas<\/li>\n<li><strong>Tiempo de barrica:<\/strong> 6 meses<\/li>\n<li><strong>Alcohol:<\/strong> Alc. 14,40% Vol.<\/li>\n<li><strong>Acidez:<\/strong> 7,1 g\/l.<\/li>\n<li><strong>SO2 total:<\/strong> 136 ppm<\/li>\n<\/ul>\n","protected":false},"excerpt":{"rendered":"<p><strong>\u00a1Oferta limitada a 30 cajas!\u00a0<\/strong><\/p>\n<p>De color amarillo lim\u00f3n, este vino es c\u00e1lido y glic\u00e9rico, con notas de fruta de hueso y pasteler\u00eda. Puede tomarse con platos elaborados de pescados y mariscos, arroces, incluso con carnes asadas, como cordero, cabrito&#8230; etc..<\/p>\n","protected":false},"featured_media":19491,"template":"","meta":[],"product_brand":[],"product_cat":[177],"product_tag":[],"class_list":{"0":"post-24185","1":"product","2":"type-product","3":"status-publish","4":"has-post-thumbnail","6":"product_cat-sin-categorizar","8":"first","9":"instock","10":"taxable","11":"shipping-taxable","12":"purchasable","13":"product-type-simple"},"yoast_head":"<!-- This site is optimized with the Yoast SEO plugin v27.4 - https:\/\/yoast.com\/product\/yoast-seo-wordpress\/ -->\n<title>Caja de 6 bot. Blas Mu\u00f1oz Chardonnay 2023 - Bodegas Mu\u00f1oz<\/title>\n<meta name=\"robots\" content=\"index, follow, max-snippet:-1, max-image-preview:large, max-video-preview:-1\" \/>\n<link rel=\"canonical\" href=\"http:\/\/prueba.bodegasmunoz.com\/en\/producto\/caja-de-6-bot-blas-munoz-chardonnay-2023\/\" \/>\n<meta property=\"og:locale\" content=\"en_US\" \/>\n<meta property=\"og:type\" content=\"article\" \/>\n<meta property=\"og:title\" content=\"Caja de 6 bot. Blas Mu\u00f1oz Chardonnay 2023 - Bodegas Mu\u00f1oz\" \/>\n<meta property=\"og:description\" content=\"\u00a1Oferta limitada a 30 cajas!\u00a0  De color amarillo lim\u00f3n, este vino es c\u00e1lido y glic\u00e9rico, con notas de fruta de hueso y pasteler\u00eda. Puede tomarse con platos elaborados de pescados y mariscos, arroces, incluso con carnes asadas, como cordero, cabrito... etc..\" \/>\n<meta property=\"og:url\" content=\"http:\/\/prueba.bodegasmunoz.com\/en\/producto\/caja-de-6-bot-blas-munoz-chardonnay-2023\/\" \/>\n<meta property=\"og:site_name\" content=\"Bodegas Mu\u00f1oz\" \/>\n<meta property=\"article:publisher\" content=\"https:\/\/www.facebook.com\/bodegasmunoz\" \/>\n<meta property=\"article:modified_time\" content=\"2026-01-30T17:43:04+00:00\" \/>\n<meta property=\"og:image\" content=\"http:\/\/prueba.bodegasmunoz.com\/wp-content\/uploads\/2023\/12\/Blas-Munoz-Chardonnay-2022-web.jpg\" \/>\n\t<meta property=\"og:image:width\" content=\"1000\" \/>\n\t<meta property=\"og:image:height\" content=\"1000\" \/>\n\t<meta property=\"og:image:type\" content=\"image\/jpeg\" \/>\n<meta name=\"twitter:card\" content=\"summary_large_image\" \/>\n<meta name=\"twitter:label1\" content=\"Est. reading time\" \/>\n\t<meta name=\"twitter:data1\" content=\"2 minutes\" \/>\n<script type=\"application\/ld+json\" class=\"yoast-schema-graph\">{\"@context\":\"https:\\\/\\\/schema.org\",\"@graph\":[{\"@type\":\"WebPage\",\"@id\":\"http:\\\/\\\/prueba.bodegasmunoz.com\\\/en\\\/producto\\\/caja-de-6-bot-blas-munoz-chardonnay-2023\\\/\",\"url\":\"http:\\\/\\\/prueba.bodegasmunoz.com\\\/en\\\/producto\\\/caja-de-6-bot-blas-munoz-chardonnay-2023\\\/\",\"name\":\"Caja de 6 bot. Blas Mu\u00f1oz Chardonnay 2023 - Bodegas Mu\u00f1oz\",\"isPartOf\":{\"@id\":\"http:\\\/\\\/prueba.bodegasmunoz.com\\\/en\\\/#website\"},\"primaryImageOfPage\":{\"@id\":\"http:\\\/\\\/prueba.bodegasmunoz.com\\\/en\\\/producto\\\/caja-de-6-bot-blas-munoz-chardonnay-2023\\\/#primaryimage\"},\"image\":{\"@id\":\"http:\\\/\\\/prueba.bodegasmunoz.com\\\/en\\\/producto\\\/caja-de-6-bot-blas-munoz-chardonnay-2023\\\/#primaryimage\"},\"thumbnailUrl\":\"http:\\\/\\\/prueba.bodegasmunoz.com\\\/wp-content\\\/uploads\\\/2023\\\/12\\\/Blas-Munoz-Chardonnay-2022-web.jpg\",\"datePublished\":\"2025-12-03T12:08:32+00:00\",\"dateModified\":\"2026-01-30T17:43:04+00:00\",\"breadcrumb\":{\"@id\":\"http:\\\/\\\/prueba.bodegasmunoz.com\\\/en\\\/producto\\\/caja-de-6-bot-blas-munoz-chardonnay-2023\\\/#breadcrumb\"},\"inLanguage\":\"en-US\",\"potentialAction\":[{\"@type\":\"ReadAction\",\"target\":[\"http:\\\/\\\/prueba.bodegasmunoz.com\\\/en\\\/producto\\\/caja-de-6-bot-blas-munoz-chardonnay-2023\\\/\"]}]},{\"@type\":\"ImageObject\",\"inLanguage\":\"en-US\",\"@id\":\"http:\\\/\\\/prueba.bodegasmunoz.com\\\/en\\\/producto\\\/caja-de-6-bot-blas-munoz-chardonnay-2023\\\/#primaryimage\",\"url\":\"http:\\\/\\\/prueba.bodegasmunoz.com\\\/wp-content\\\/uploads\\\/2023\\\/12\\\/Blas-Munoz-Chardonnay-2022-web.jpg\",\"contentUrl\":\"http:\\\/\\\/prueba.bodegasmunoz.com\\\/wp-content\\\/uploads\\\/2023\\\/12\\\/Blas-Munoz-Chardonnay-2022-web.jpg\",\"width\":1000,\"height\":1000},{\"@type\":\"BreadcrumbList\",\"@id\":\"http:\\\/\\\/prueba.bodegasmunoz.com\\\/en\\\/producto\\\/caja-de-6-bot-blas-munoz-chardonnay-2023\\\/#breadcrumb\",\"itemListElement\":[{\"@type\":\"ListItem\",\"position\":1,\"name\":\"Portada\",\"item\":\"http:\\\/\\\/prueba.bodegasmunoz.com\\\/\"},{\"@type\":\"ListItem\",\"position\":2,\"name\":\"Tienda\",\"item\":\"http:\\\/\\\/prueba.bodegasmunoz.com\\\/en\\\/shop\\\/\"},{\"@type\":\"ListItem\",\"position\":3,\"name\":\"Caja de 6 bot. Blas Mu\u00f1oz Chardonnay 2023\"}]},{\"@type\":\"WebSite\",\"@id\":\"http:\\\/\\\/prueba.bodegasmunoz.com\\\/en\\\/#website\",\"url\":\"http:\\\/\\\/prueba.bodegasmunoz.com\\\/en\\\/\",\"name\":\"Bodegas Mu\u00f1oz\",\"description\":\"Vinos Premium en la Provincia de Toledo\",\"potentialAction\":[{\"@type\":\"SearchAction\",\"target\":{\"@type\":\"EntryPoint\",\"urlTemplate\":\"http:\\\/\\\/prueba.bodegasmunoz.com\\\/en\\\/?s={search_term_string}\"},\"query-input\":{\"@type\":\"PropertyValueSpecification\",\"valueRequired\":true,\"valueName\":\"search_term_string\"}}],\"inLanguage\":\"en-US\"}]}<\/script>\n<!-- \/ Yoast SEO plugin. -->","yoast_head_json":{"title":"Caja de 6 bot. Blas Mu\u00f1oz Chardonnay 2023 - Bodegas Mu\u00f1oz","robots":{"index":"index","follow":"follow","max-snippet":"max-snippet:-1","max-image-preview":"max-image-preview:large","max-video-preview":"max-video-preview:-1"},"canonical":"http:\/\/prueba.bodegasmunoz.com\/en\/producto\/caja-de-6-bot-blas-munoz-chardonnay-2023\/","og_locale":"en_US","og_type":"article","og_title":"Caja de 6 bot. Blas Mu\u00f1oz Chardonnay 2023 - Bodegas Mu\u00f1oz","og_description":"\u00a1Oferta limitada a 30 cajas!\u00a0  De color amarillo lim\u00f3n, este vino es c\u00e1lido y glic\u00e9rico, con notas de fruta de hueso y pasteler\u00eda. Puede tomarse con platos elaborados de pescados y mariscos, arroces, incluso con carnes asadas, como cordero, cabrito... etc..","og_url":"http:\/\/prueba.bodegasmunoz.com\/en\/producto\/caja-de-6-bot-blas-munoz-chardonnay-2023\/","og_site_name":"Bodegas Mu\u00f1oz","article_publisher":"https:\/\/www.facebook.com\/bodegasmunoz","article_modified_time":"2026-01-30T17:43:04+00:00","og_image":[{"width":1000,"height":1000,"url":"http:\/\/prueba.bodegasmunoz.com\/wp-content\/uploads\/2023\/12\/Blas-Munoz-Chardonnay-2022-web.jpg","type":"image\/jpeg"}],"twitter_card":"summary_large_image","twitter_misc":{"Est. reading time":"2 minutes"},"schema":{"@context":"https:\/\/schema.org","@graph":[{"@type":"WebPage","@id":"http:\/\/prueba.bodegasmunoz.com\/en\/producto\/caja-de-6-bot-blas-munoz-chardonnay-2023\/","url":"http:\/\/prueba.bodegasmunoz.com\/en\/producto\/caja-de-6-bot-blas-munoz-chardonnay-2023\/","name":"Caja de 6 bot. Blas Mu\u00f1oz Chardonnay 2023 - Bodegas Mu\u00f1oz","isPartOf":{"@id":"http:\/\/prueba.bodegasmunoz.com\/en\/#website"},"primaryImageOfPage":{"@id":"http:\/\/prueba.bodegasmunoz.com\/en\/producto\/caja-de-6-bot-blas-munoz-chardonnay-2023\/#primaryimage"},"image":{"@id":"http:\/\/prueba.bodegasmunoz.com\/en\/producto\/caja-de-6-bot-blas-munoz-chardonnay-2023\/#primaryimage"},"thumbnailUrl":"http:\/\/prueba.bodegasmunoz.com\/wp-content\/uploads\/2023\/12\/Blas-Munoz-Chardonnay-2022-web.jpg","datePublished":"2025-12-03T12:08:32+00:00","dateModified":"2026-01-30T17:43:04+00:00","breadcrumb":{"@id":"http:\/\/prueba.bodegasmunoz.com\/en\/producto\/caja-de-6-bot-blas-munoz-chardonnay-2023\/#breadcrumb"},"inLanguage":"en-US","potentialAction":[{"@type":"ReadAction","target":["http:\/\/prueba.bodegasmunoz.com\/en\/producto\/caja-de-6-bot-blas-munoz-chardonnay-2023\/"]}]},{"@type":"ImageObject","inLanguage":"en-US","@id":"http:\/\/prueba.bodegasmunoz.com\/en\/producto\/caja-de-6-bot-blas-munoz-chardonnay-2023\/#primaryimage","url":"http:\/\/prueba.bodegasmunoz.com\/wp-content\/uploads\/2023\/12\/Blas-Munoz-Chardonnay-2022-web.jpg","contentUrl":"http:\/\/prueba.bodegasmunoz.com\/wp-content\/uploads\/2023\/12\/Blas-Munoz-Chardonnay-2022-web.jpg","width":1000,"height":1000},{"@type":"BreadcrumbList","@id":"http:\/\/prueba.bodegasmunoz.com\/en\/producto\/caja-de-6-bot-blas-munoz-chardonnay-2023\/#breadcrumb","itemListElement":[{"@type":"ListItem","position":1,"name":"Portada","item":"http:\/\/prueba.bodegasmunoz.com\/"},{"@type":"ListItem","position":2,"name":"Tienda","item":"http:\/\/prueba.bodegasmunoz.com\/en\/shop\/"},{"@type":"ListItem","position":3,"name":"Caja de 6 bot. Blas Mu\u00f1oz Chardonnay 2023"}]},{"@type":"WebSite","@id":"http:\/\/prueba.bodegasmunoz.com\/en\/#website","url":"http:\/\/prueba.bodegasmunoz.com\/en\/","name":"Bodegas Mu\u00f1oz","description":"Vinos Premium en la Provincia de Toledo","potentialAction":[{"@type":"SearchAction","target":{"@type":"EntryPoint","urlTemplate":"http:\/\/prueba.bodegasmunoz.com\/en\/?s={search_term_string}"},"query-input":{"@type":"PropertyValueSpecification","valueRequired":true,"valueName":"search_term_string"}}],"inLanguage":"en-US"}]}},"_links":{"self":[{"href":"http:\/\/prueba.bodegasmunoz.com\/en\/wp-json\/wp\/v2\/product\/24185","targetHints":{"allow":["GET"]}}],"collection":[{"href":"http:\/\/prueba.bodegasmunoz.com\/en\/wp-json\/wp\/v2\/product"}],"about":[{"href":"http:\/\/prueba.bodegasmunoz.com\/en\/wp-json\/wp\/v2\/types\/product"}],"version-history":[{"count":3,"href":"http:\/\/prueba.bodegasmunoz.com\/en\/wp-json\/wp\/v2\/product\/24185\/revisions"}],"predecessor-version":[{"id":24191,"href":"http:\/\/prueba.bodegasmunoz.com\/en\/wp-json\/wp\/v2\/product\/24185\/revisions\/24191"}],"wp:featuredmedia":[{"embeddable":true,"href":"http:\/\/prueba.bodegasmunoz.com\/en\/wp-json\/wp\/v2\/media\/19491"}],"wp:attachment":[{"href":"http:\/\/prueba.bodegasmunoz.com\/en\/wp-json\/wp\/v2\/media?parent=24185"}],"wp:term":[{"taxonomy":"product_brand","embeddable":true,"href":"http:\/\/prueba.bodegasmunoz.com\/en\/wp-json\/wp\/v2\/product_brand?post=24185"},{"taxonomy":"product_cat","embeddable":true,"href":"http:\/\/prueba.bodegasmunoz.com\/en\/wp-json\/wp\/v2\/product_cat?post=24185"},{"taxonomy":"product_tag","embeddable":true,"href":"http:\/\/prueba.bodegasmunoz.com\/en\/wp-json\/wp\/v2\/product_tag?post=24185"}],"curies":[{"name":"wp","href":"https:\/\/api.w.org\/{rel}","templated":true}]}}