{"id":23757,"date":"2025-10-15T12:09:15","date_gmt":"2025-10-15T10:09:15","guid":{"rendered":"http:\/\/prueba.bodegasmunoz.com\/?post_type=product&#038;p=23757"},"modified":"2025-11-18T15:58:42","modified_gmt":"2025-11-18T14:58:42","slug":"lote-bienvenida-club-familia-munoz-otono-2025","status":"publish","type":"product","link":"http:\/\/prueba.bodegasmunoz.com\/en\/producto\/lote-bienvenida-club-familia-munoz-otono-2025\/","title":{"rendered":"Lote Bienvenida Club Familia Mu\u00f1oz oto\u00f1o 2025"},"content":{"rendered":"<p data-start=\"727\" data-end=\"996\">Este <strong data-start=\"732\" data-end=\"777\">Lote de Oto\u00f1o 2025 del Club Familia Mu\u00f1oz<\/strong> es una edici\u00f3n limitada creada para quienes disfrutan el vino como parte de su forma de vivir.<br data-start=\"872\" data-end=\"875\" \/>Una selecci\u00f3n que refleja el alma de nuestras vi\u00f1as y el esp\u00edritu familiar que nos acompa\u00f1a desde hace tres generaciones.<\/p>\n<p data-start=\"998\" data-end=\"1014\">El lote incluye:<\/p>\n<ul data-start=\"1015\" data-end=\"1237\">\n<li data-start=\"1015\" data-end=\"1080\">\n<p data-start=\"1017\" data-end=\"1080\">\ud83e\udd42 2 Magnum de <strong data-start=\"1032\" data-end=\"1078\">Finca Mu\u00f1oz Colecci\u00f3n de la Familia Blanco<\/strong><\/p>\n<\/li>\n<li data-start=\"1146\" data-end=\"1194\">\n<p data-start=\"1148\" data-end=\"1194\">\ud83c\udf47 2 botellas de <strong data-start=\"1165\" data-end=\"1192\">Blas Mu\u00f1oz Cepas Viejas<\/strong><\/p>\n<\/li>\n<li data-start=\"1195\" data-end=\"1237\">\n<p data-start=\"1197\" data-end=\"1237\">\ud83c\udf3f 2 botellas de <strong data-start=\"1214\" data-end=\"1237\">Blas Mu\u00f1oz Essentia<\/strong><\/p>\n<\/li>\n<\/ul>\n<p data-start=\"1239\" data-end=\"1542\">Cada vino ha sido elegido personalmente por Bienve Mu\u00f1oz para transmitir el car\u00e1cter de una vendimia que combina tradici\u00f3n, paciencia e innovaci\u00f3n.<br data-start=\"1386\" data-end=\"1389\" \/>Un viaje sensorial desde las cepas viejas hasta las barricas m\u00e1s nobles, donde cada botella cuenta una historia de tierra, familia y esfuerzo compartido.<\/p>\n<p data-start=\"1544\" data-end=\"1778\">Este lote no solo celebra el vino, sino tambi\u00e9n el momento: los reencuentros, las sobremesas largas, el oto\u00f1o que invita a parar y brindar.<br data-start=\"1683\" data-end=\"1686\" \/>Perfecto para disfrutar en casa, regalar o guardar como recuerdo de una cosecha irrepetible.<\/p>\n<blockquote data-start=\"1780\" data-end=\"1952\">\n<p data-start=\"1782\" data-end=\"1880\">Cada botella de este lote es una forma de decir \u201cgracias\u201d por seguir siendo parte de la familia.<\/p>\n<p data-start=\"1887\" data-end=\"1952\">\ud83c\udf77 <em data-start=\"1890\" data-end=\"1933\">Nos vemos pronto con una copa en la mano.<\/em> \u2014 <strong data-start=\"1936\" data-end=\"1952\">Bienve Mu\u00f1oz<\/strong><\/p>\n<\/blockquote>\n<p data-start=\"2028\" data-end=\"2237\">\n","protected":false},"excerpt":{"rendered":"<p data-start=\"259\" data-end=\"643\">Un lote exclusivo de oto\u00f1o para los socios del Club Familia Mu\u00f1oz: seis botellas seleccionadas por Bienve para brindar por la cosecha y los nuevos comienzos. Incluye <strong>grandes vinos<\/strong> de nuestra gama \u2014Colecci\u00f3n de la Familia, Cepas Viejas y Essentia\u2014 en formato especial, pensados para compartir, regalar o guardar. Una experiencia que celebra la tierra, la familia y el vino que nos une.<\/p>\n","protected":false},"featured_media":24000,"template":"","meta":[],"product_brand":[],"product_cat":[289],"product_tag":[],"class_list":{"0":"post-23757","1":"product","2":"type-product","3":"status-publish","4":"has-post-thumbnail","6":"product_cat-club-familia-munoz","8":"first","9":"instock","10":"sale","11":"taxable","12":"shipping-taxable","13":"purchasable","14":"product-type-simple"},"yoast_head":"<!-- This site is optimized with the Yoast SEO plugin v27.4 - https:\/\/yoast.com\/product\/yoast-seo-wordpress\/ -->\n<title>Lote Bienvenida Club Familia Mu\u00f1oz oto\u00f1o 2025 - Bodegas Mu\u00f1oz<\/title>\n<meta name=\"robots\" content=\"index, follow, max-snippet:-1, max-image-preview:large, max-video-preview:-1\" \/>\n<link rel=\"canonical\" href=\"http:\/\/prueba.bodegasmunoz.com\/en\/producto\/lote-bienvenida-club-familia-munoz-otono-2025\/\" \/>\n<meta property=\"og:locale\" content=\"en_US\" \/>\n<meta property=\"og:type\" content=\"article\" \/>\n<meta property=\"og:title\" content=\"Lote Bienvenida Club Familia Mu\u00f1oz oto\u00f1o 2025 - Bodegas Mu\u00f1oz\" \/>\n<meta property=\"og:description\" content=\"Un lote exclusivo de oto\u00f1o para los socios del Club Familia Mu\u00f1oz: seis botellas seleccionadas por Bienve para brindar por la cosecha y los nuevos comienzos. Incluye grandes vinos de nuestra gama \u2014Colecci\u00f3n de la Familia, Cepas Viejas y Essentia\u2014 en formato especial, pensados para compartir, regalar o guardar. Una experiencia que celebra la tierra, la familia y el vino que nos une.\" \/>\n<meta property=\"og:url\" content=\"http:\/\/prueba.bodegasmunoz.com\/en\/producto\/lote-bienvenida-club-familia-munoz-otono-2025\/\" \/>\n<meta property=\"og:site_name\" content=\"Bodegas Mu\u00f1oz\" \/>\n<meta property=\"article:publisher\" content=\"https:\/\/www.facebook.com\/bodegasmunoz\" \/>\n<meta property=\"article:modified_time\" content=\"2025-11-18T14:58:42+00:00\" \/>\n<meta property=\"og:image\" content=\"http:\/\/prueba.bodegasmunoz.com\/wp-content\/uploads\/2025\/11\/Lote-club-otono-2025-1.jpg\" \/>\n\t<meta property=\"og:image:width\" content=\"1000\" \/>\n\t<meta property=\"og:image:height\" content=\"1000\" \/>\n\t<meta property=\"og:image:type\" content=\"image\/jpeg\" \/>\n<meta name=\"twitter:card\" content=\"summary_large_image\" \/>\n<meta name=\"twitter:label1\" content=\"Est. reading time\" \/>\n\t<meta name=\"twitter:data1\" content=\"1 minute\" \/>\n<script type=\"application\/ld+json\" class=\"yoast-schema-graph\">{\"@context\":\"https:\\\/\\\/schema.org\",\"@graph\":[{\"@type\":\"WebPage\",\"@id\":\"http:\\\/\\\/prueba.bodegasmunoz.com\\\/en\\\/producto\\\/lote-bienvenida-club-familia-munoz-otono-2025\\\/\",\"url\":\"http:\\\/\\\/prueba.bodegasmunoz.com\\\/en\\\/producto\\\/lote-bienvenida-club-familia-munoz-otono-2025\\\/\",\"name\":\"Lote Bienvenida Club Familia Mu\u00f1oz oto\u00f1o 2025 - Bodegas Mu\u00f1oz\",\"isPartOf\":{\"@id\":\"http:\\\/\\\/prueba.bodegasmunoz.com\\\/en\\\/#website\"},\"primaryImageOfPage\":{\"@id\":\"http:\\\/\\\/prueba.bodegasmunoz.com\\\/en\\\/producto\\\/lote-bienvenida-club-familia-munoz-otono-2025\\\/#primaryimage\"},\"image\":{\"@id\":\"http:\\\/\\\/prueba.bodegasmunoz.com\\\/en\\\/producto\\\/lote-bienvenida-club-familia-munoz-otono-2025\\\/#primaryimage\"},\"thumbnailUrl\":\"http:\\\/\\\/prueba.bodegasmunoz.com\\\/wp-content\\\/uploads\\\/2025\\\/11\\\/Lote-club-otono-2025-1.jpg\",\"datePublished\":\"2025-10-15T10:09:15+00:00\",\"dateModified\":\"2025-11-18T14:58:42+00:00\",\"breadcrumb\":{\"@id\":\"http:\\\/\\\/prueba.bodegasmunoz.com\\\/en\\\/producto\\\/lote-bienvenida-club-familia-munoz-otono-2025\\\/#breadcrumb\"},\"inLanguage\":\"en-US\",\"potentialAction\":[{\"@type\":\"ReadAction\",\"target\":[\"http:\\\/\\\/prueba.bodegasmunoz.com\\\/en\\\/producto\\\/lote-bienvenida-club-familia-munoz-otono-2025\\\/\"]}]},{\"@type\":\"ImageObject\",\"inLanguage\":\"en-US\",\"@id\":\"http:\\\/\\\/prueba.bodegasmunoz.com\\\/en\\\/producto\\\/lote-bienvenida-club-familia-munoz-otono-2025\\\/#primaryimage\",\"url\":\"http:\\\/\\\/prueba.bodegasmunoz.com\\\/wp-content\\\/uploads\\\/2025\\\/11\\\/Lote-club-otono-2025-1.jpg\",\"contentUrl\":\"http:\\\/\\\/prueba.bodegasmunoz.com\\\/wp-content\\\/uploads\\\/2025\\\/11\\\/Lote-club-otono-2025-1.jpg\",\"width\":1000,\"height\":1000,\"caption\":\"Lote club oto\u00f1o 2025\"},{\"@type\":\"BreadcrumbList\",\"@id\":\"http:\\\/\\\/prueba.bodegasmunoz.com\\\/en\\\/producto\\\/lote-bienvenida-club-familia-munoz-otono-2025\\\/#breadcrumb\",\"itemListElement\":[{\"@type\":\"ListItem\",\"position\":1,\"name\":\"Portada\",\"item\":\"http:\\\/\\\/prueba.bodegasmunoz.com\\\/\"},{\"@type\":\"ListItem\",\"position\":2,\"name\":\"Tienda\",\"item\":\"http:\\\/\\\/prueba.bodegasmunoz.com\\\/en\\\/shop\\\/\"},{\"@type\":\"ListItem\",\"position\":3,\"name\":\"Lote Bienvenida Club Familia Mu\u00f1oz oto\u00f1o 2025\"}]},{\"@type\":\"WebSite\",\"@id\":\"http:\\\/\\\/prueba.bodegasmunoz.com\\\/en\\\/#website\",\"url\":\"http:\\\/\\\/prueba.bodegasmunoz.com\\\/en\\\/\",\"name\":\"Bodegas Mu\u00f1oz\",\"description\":\"Vinos Premium en la Provincia de Toledo\",\"potentialAction\":[{\"@type\":\"SearchAction\",\"target\":{\"@type\":\"EntryPoint\",\"urlTemplate\":\"http:\\\/\\\/prueba.bodegasmunoz.com\\\/en\\\/?s={search_term_string}\"},\"query-input\":{\"@type\":\"PropertyValueSpecification\",\"valueRequired\":true,\"valueName\":\"search_term_string\"}}],\"inLanguage\":\"en-US\"}]}<\/script>\n<!-- \/ Yoast SEO plugin. -->","yoast_head_json":{"title":"Lote Bienvenida Club Familia Mu\u00f1oz oto\u00f1o 2025 - Bodegas Mu\u00f1oz","robots":{"index":"index","follow":"follow","max-snippet":"max-snippet:-1","max-image-preview":"max-image-preview:large","max-video-preview":"max-video-preview:-1"},"canonical":"http:\/\/prueba.bodegasmunoz.com\/en\/producto\/lote-bienvenida-club-familia-munoz-otono-2025\/","og_locale":"en_US","og_type":"article","og_title":"Lote Bienvenida Club Familia Mu\u00f1oz oto\u00f1o 2025 - Bodegas Mu\u00f1oz","og_description":"Un lote exclusivo de oto\u00f1o para los socios del Club Familia Mu\u00f1oz: seis botellas seleccionadas por Bienve para brindar por la cosecha y los nuevos comienzos. Incluye grandes vinos de nuestra gama \u2014Colecci\u00f3n de la Familia, Cepas Viejas y Essentia\u2014 en formato especial, pensados para compartir, regalar o guardar. Una experiencia que celebra la tierra, la familia y el vino que nos une.","og_url":"http:\/\/prueba.bodegasmunoz.com\/en\/producto\/lote-bienvenida-club-familia-munoz-otono-2025\/","og_site_name":"Bodegas Mu\u00f1oz","article_publisher":"https:\/\/www.facebook.com\/bodegasmunoz","article_modified_time":"2025-11-18T14:58:42+00:00","og_image":[{"width":1000,"height":1000,"url":"http:\/\/prueba.bodegasmunoz.com\/wp-content\/uploads\/2025\/11\/Lote-club-otono-2025-1.jpg","type":"image\/jpeg"}],"twitter_card":"summary_large_image","twitter_misc":{"Est. reading time":"1 minute"},"schema":{"@context":"https:\/\/schema.org","@graph":[{"@type":"WebPage","@id":"http:\/\/prueba.bodegasmunoz.com\/en\/producto\/lote-bienvenida-club-familia-munoz-otono-2025\/","url":"http:\/\/prueba.bodegasmunoz.com\/en\/producto\/lote-bienvenida-club-familia-munoz-otono-2025\/","name":"Lote Bienvenida Club Familia Mu\u00f1oz oto\u00f1o 2025 - Bodegas Mu\u00f1oz","isPartOf":{"@id":"http:\/\/prueba.bodegasmunoz.com\/en\/#website"},"primaryImageOfPage":{"@id":"http:\/\/prueba.bodegasmunoz.com\/en\/producto\/lote-bienvenida-club-familia-munoz-otono-2025\/#primaryimage"},"image":{"@id":"http:\/\/prueba.bodegasmunoz.com\/en\/producto\/lote-bienvenida-club-familia-munoz-otono-2025\/#primaryimage"},"thumbnailUrl":"http:\/\/prueba.bodegasmunoz.com\/wp-content\/uploads\/2025\/11\/Lote-club-otono-2025-1.jpg","datePublished":"2025-10-15T10:09:15+00:00","dateModified":"2025-11-18T14:58:42+00:00","breadcrumb":{"@id":"http:\/\/prueba.bodegasmunoz.com\/en\/producto\/lote-bienvenida-club-familia-munoz-otono-2025\/#breadcrumb"},"inLanguage":"en-US","potentialAction":[{"@type":"ReadAction","target":["http:\/\/prueba.bodegasmunoz.com\/en\/producto\/lote-bienvenida-club-familia-munoz-otono-2025\/"]}]},{"@type":"ImageObject","inLanguage":"en-US","@id":"http:\/\/prueba.bodegasmunoz.com\/en\/producto\/lote-bienvenida-club-familia-munoz-otono-2025\/#primaryimage","url":"http:\/\/prueba.bodegasmunoz.com\/wp-content\/uploads\/2025\/11\/Lote-club-otono-2025-1.jpg","contentUrl":"http:\/\/prueba.bodegasmunoz.com\/wp-content\/uploads\/2025\/11\/Lote-club-otono-2025-1.jpg","width":1000,"height":1000,"caption":"Lote club oto\u00f1o 2025"},{"@type":"BreadcrumbList","@id":"http:\/\/prueba.bodegasmunoz.com\/en\/producto\/lote-bienvenida-club-familia-munoz-otono-2025\/#breadcrumb","itemListElement":[{"@type":"ListItem","position":1,"name":"Portada","item":"http:\/\/prueba.bodegasmunoz.com\/"},{"@type":"ListItem","position":2,"name":"Tienda","item":"http:\/\/prueba.bodegasmunoz.com\/en\/shop\/"},{"@type":"ListItem","position":3,"name":"Lote Bienvenida Club Familia Mu\u00f1oz oto\u00f1o 2025"}]},{"@type":"WebSite","@id":"http:\/\/prueba.bodegasmunoz.com\/en\/#website","url":"http:\/\/prueba.bodegasmunoz.com\/en\/","name":"Bodegas Mu\u00f1oz","description":"Vinos Premium en la Provincia de Toledo","potentialAction":[{"@type":"SearchAction","target":{"@type":"EntryPoint","urlTemplate":"http:\/\/prueba.bodegasmunoz.com\/en\/?s={search_term_string}"},"query-input":{"@type":"PropertyValueSpecification","valueRequired":true,"valueName":"search_term_string"}}],"inLanguage":"en-US"}]}},"_links":{"self":[{"href":"http:\/\/prueba.bodegasmunoz.com\/en\/wp-json\/wp\/v2\/product\/23757","targetHints":{"allow":["GET"]}}],"collection":[{"href":"http:\/\/prueba.bodegasmunoz.com\/en\/wp-json\/wp\/v2\/product"}],"about":[{"href":"http:\/\/prueba.bodegasmunoz.com\/en\/wp-json\/wp\/v2\/types\/product"}],"version-history":[{"count":3,"href":"http:\/\/prueba.bodegasmunoz.com\/en\/wp-json\/wp\/v2\/product\/23757\/revisions"}],"predecessor-version":[{"id":24006,"href":"http:\/\/prueba.bodegasmunoz.com\/en\/wp-json\/wp\/v2\/product\/23757\/revisions\/24006"}],"wp:featuredmedia":[{"embeddable":true,"href":"http:\/\/prueba.bodegasmunoz.com\/en\/wp-json\/wp\/v2\/media\/24000"}],"wp:attachment":[{"href":"http:\/\/prueba.bodegasmunoz.com\/en\/wp-json\/wp\/v2\/media?parent=23757"}],"wp:term":[{"taxonomy":"product_brand","embeddable":true,"href":"http:\/\/prueba.bodegasmunoz.com\/en\/wp-json\/wp\/v2\/product_brand?post=23757"},{"taxonomy":"product_cat","embeddable":true,"href":"http:\/\/prueba.bodegasmunoz.com\/en\/wp-json\/wp\/v2\/product_cat?post=23757"},{"taxonomy":"product_tag","embeddable":true,"href":"http:\/\/prueba.bodegasmunoz.com\/en\/wp-json\/wp\/v2\/product_tag?post=23757"}],"curies":[{"name":"wp","href":"https:\/\/api.w.org\/{rel}","templated":true}]}}