{"id":23564,"date":"2025-09-09T10:34:07","date_gmt":"2025-09-09T08:34:07","guid":{"rendered":"http:\/\/prueba.bodegasmunoz.com\/?post_type=product&#038;p=23564"},"modified":"2025-09-15T11:15:05","modified_gmt":"2025-09-15T09:15:05","slug":"cata-online-nuevo-curso","status":"publish","type":"product","link":"http:\/\/prueba.bodegasmunoz.com\/en\/producto\/cata-online-nuevo-curso\/","title":{"rendered":"Cata Online Nuevo Curso"},"content":{"rendered":"<p data-start=\"444\" data-end=\"792\">Este pack re\u00fane 2 botellas de nuestros vinos m\u00e1s emblem\u00e1ticos y vers\u00e1tiles:<\/p>\n<ul>\n<li data-start=\"444\" data-end=\"792\"><strong data-start=\"593\" data-end=\"639\">1 botella de Finca Mu\u00f1oz Colecci\u00f3n de la Familia Blanco<\/strong><\/li>\n<li data-start=\"444\" data-end=\"792\"><strong data-start=\"593\" data-end=\"639\">1 botella de Finca Mu\u00f1oz Colecci\u00f3n de la Familia Tinto<\/strong>.<\/li>\n<\/ul>\n<p data-start=\"1550\" data-end=\"1707\">Celebraremos una cata online con motivo del nuevo curso (y el final del verano) dirigida por el equipo de la bodega. Aprenderemos algunos tips sobre c\u00f3mo catar un vino, maridajes, servicio&#8230; Y hablaremos largo y tendido de dos vinos que est\u00e1n entre los favoritos de nuestros clientes.<\/p>\n","protected":false},"excerpt":{"rendered":"<p data-start=\"219\" data-end=\"404\">Una experiencia virtual donde compartir y aprender entre todos con los vinos de Bodegas Mu\u00f1oz.<em> (<strong>NOTA:<\/strong> te llegar\u00e1 un email con las instrucciones y el enlace al comprar el lote).<\/em><\/p>\n","protected":false},"featured_media":23565,"template":"","meta":[],"product_brand":[],"product_cat":[286],"product_tag":[],"class_list":{"0":"post-23564","1":"product","2":"type-product","3":"status-publish","4":"has-post-thumbnail","6":"product_cat-cata-virtual","8":"first","9":"instock","10":"sale","11":"taxable","12":"shipping-taxable","13":"purchasable","14":"product-type-simple"},"yoast_head":"<!-- This site is optimized with the Yoast SEO plugin v27.4 - https:\/\/yoast.com\/product\/yoast-seo-wordpress\/ -->\n<title>Cata Online Nuevo Curso - Bodegas Mu\u00f1oz<\/title>\n<meta name=\"robots\" content=\"index, follow, max-snippet:-1, max-image-preview:large, max-video-preview:-1\" \/>\n<link rel=\"canonical\" href=\"http:\/\/prueba.bodegasmunoz.com\/en\/producto\/cata-online-nuevo-curso\/\" \/>\n<meta property=\"og:locale\" content=\"en_US\" \/>\n<meta property=\"og:type\" content=\"article\" \/>\n<meta property=\"og:title\" content=\"Cata Online Nuevo Curso - Bodegas Mu\u00f1oz\" \/>\n<meta property=\"og:description\" content=\"Una experiencia virtual donde compartir y aprender entre todos con los vinos de Bodegas Mu\u00f1oz. (NOTA: te llegar\u00e1 un email con las instrucciones y el enlace al comprar el lote).\" \/>\n<meta property=\"og:url\" content=\"http:\/\/prueba.bodegasmunoz.com\/en\/producto\/cata-online-nuevo-curso\/\" \/>\n<meta property=\"og:site_name\" content=\"Bodegas Mu\u00f1oz\" \/>\n<meta property=\"article:publisher\" content=\"https:\/\/www.facebook.com\/bodegasmunoz\" \/>\n<meta property=\"article:modified_time\" content=\"2025-09-15T09:15:05+00:00\" \/>\n<meta property=\"og:image\" content=\"http:\/\/prueba.bodegasmunoz.com\/wp-content\/uploads\/2025\/09\/Cata-Online-Nuevo-Curso-Bodegas-Munoz.jpg\" \/>\n\t<meta property=\"og:image:width\" content=\"1024\" \/>\n\t<meta property=\"og:image:height\" content=\"1024\" \/>\n\t<meta property=\"og:image:type\" content=\"image\/jpeg\" \/>\n<meta name=\"twitter:card\" content=\"summary_large_image\" \/>\n<meta name=\"twitter:label1\" content=\"Est. reading time\" \/>\n\t<meta name=\"twitter:data1\" content=\"1 minute\" \/>\n<script type=\"application\/ld+json\" class=\"yoast-schema-graph\">{\"@context\":\"https:\\\/\\\/schema.org\",\"@graph\":[{\"@type\":\"WebPage\",\"@id\":\"http:\\\/\\\/prueba.bodegasmunoz.com\\\/en\\\/producto\\\/cata-online-nuevo-curso\\\/\",\"url\":\"http:\\\/\\\/prueba.bodegasmunoz.com\\\/en\\\/producto\\\/cata-online-nuevo-curso\\\/\",\"name\":\"Cata Online Nuevo Curso - Bodegas Mu\u00f1oz\",\"isPartOf\":{\"@id\":\"http:\\\/\\\/prueba.bodegasmunoz.com\\\/en\\\/#website\"},\"primaryImageOfPage\":{\"@id\":\"http:\\\/\\\/prueba.bodegasmunoz.com\\\/en\\\/producto\\\/cata-online-nuevo-curso\\\/#primaryimage\"},\"image\":{\"@id\":\"http:\\\/\\\/prueba.bodegasmunoz.com\\\/en\\\/producto\\\/cata-online-nuevo-curso\\\/#primaryimage\"},\"thumbnailUrl\":\"http:\\\/\\\/prueba.bodegasmunoz.com\\\/wp-content\\\/uploads\\\/2025\\\/09\\\/Cata-Online-Nuevo-Curso-Bodegas-Munoz.jpg\",\"datePublished\":\"2025-09-09T08:34:07+00:00\",\"dateModified\":\"2025-09-15T09:15:05+00:00\",\"breadcrumb\":{\"@id\":\"http:\\\/\\\/prueba.bodegasmunoz.com\\\/en\\\/producto\\\/cata-online-nuevo-curso\\\/#breadcrumb\"},\"inLanguage\":\"en-US\",\"potentialAction\":[{\"@type\":\"ReadAction\",\"target\":[\"http:\\\/\\\/prueba.bodegasmunoz.com\\\/en\\\/producto\\\/cata-online-nuevo-curso\\\/\"]}]},{\"@type\":\"ImageObject\",\"inLanguage\":\"en-US\",\"@id\":\"http:\\\/\\\/prueba.bodegasmunoz.com\\\/en\\\/producto\\\/cata-online-nuevo-curso\\\/#primaryimage\",\"url\":\"http:\\\/\\\/prueba.bodegasmunoz.com\\\/wp-content\\\/uploads\\\/2025\\\/09\\\/Cata-Online-Nuevo-Curso-Bodegas-Munoz.jpg\",\"contentUrl\":\"http:\\\/\\\/prueba.bodegasmunoz.com\\\/wp-content\\\/uploads\\\/2025\\\/09\\\/Cata-Online-Nuevo-Curso-Bodegas-Munoz.jpg\",\"width\":1024,\"height\":1024,\"caption\":\"Cata Online Nuevo Curso Bodegas Mu\u00f1oz\"},{\"@type\":\"BreadcrumbList\",\"@id\":\"http:\\\/\\\/prueba.bodegasmunoz.com\\\/en\\\/producto\\\/cata-online-nuevo-curso\\\/#breadcrumb\",\"itemListElement\":[{\"@type\":\"ListItem\",\"position\":1,\"name\":\"Portada\",\"item\":\"http:\\\/\\\/prueba.bodegasmunoz.com\\\/\"},{\"@type\":\"ListItem\",\"position\":2,\"name\":\"Tienda\",\"item\":\"http:\\\/\\\/prueba.bodegasmunoz.com\\\/en\\\/shop\\\/\"},{\"@type\":\"ListItem\",\"position\":3,\"name\":\"Cata Online Nuevo Curso\"}]},{\"@type\":\"WebSite\",\"@id\":\"http:\\\/\\\/prueba.bodegasmunoz.com\\\/en\\\/#website\",\"url\":\"http:\\\/\\\/prueba.bodegasmunoz.com\\\/en\\\/\",\"name\":\"Bodegas Mu\u00f1oz\",\"description\":\"Vinos Premium en la Provincia de Toledo\",\"potentialAction\":[{\"@type\":\"SearchAction\",\"target\":{\"@type\":\"EntryPoint\",\"urlTemplate\":\"http:\\\/\\\/prueba.bodegasmunoz.com\\\/en\\\/?s={search_term_string}\"},\"query-input\":{\"@type\":\"PropertyValueSpecification\",\"valueRequired\":true,\"valueName\":\"search_term_string\"}}],\"inLanguage\":\"en-US\"}]}<\/script>\n<!-- \/ Yoast SEO plugin. -->","yoast_head_json":{"title":"Cata Online Nuevo Curso - Bodegas Mu\u00f1oz","robots":{"index":"index","follow":"follow","max-snippet":"max-snippet:-1","max-image-preview":"max-image-preview:large","max-video-preview":"max-video-preview:-1"},"canonical":"http:\/\/prueba.bodegasmunoz.com\/en\/producto\/cata-online-nuevo-curso\/","og_locale":"en_US","og_type":"article","og_title":"Cata Online Nuevo Curso - Bodegas Mu\u00f1oz","og_description":"Una experiencia virtual donde compartir y aprender entre todos con los vinos de Bodegas Mu\u00f1oz. (NOTA: te llegar\u00e1 un email con las instrucciones y el enlace al comprar el lote).","og_url":"http:\/\/prueba.bodegasmunoz.com\/en\/producto\/cata-online-nuevo-curso\/","og_site_name":"Bodegas Mu\u00f1oz","article_publisher":"https:\/\/www.facebook.com\/bodegasmunoz","article_modified_time":"2025-09-15T09:15:05+00:00","og_image":[{"width":1024,"height":1024,"url":"http:\/\/prueba.bodegasmunoz.com\/wp-content\/uploads\/2025\/09\/Cata-Online-Nuevo-Curso-Bodegas-Munoz.jpg","type":"image\/jpeg"}],"twitter_card":"summary_large_image","twitter_misc":{"Est. reading time":"1 minute"},"schema":{"@context":"https:\/\/schema.org","@graph":[{"@type":"WebPage","@id":"http:\/\/prueba.bodegasmunoz.com\/en\/producto\/cata-online-nuevo-curso\/","url":"http:\/\/prueba.bodegasmunoz.com\/en\/producto\/cata-online-nuevo-curso\/","name":"Cata Online Nuevo Curso - Bodegas Mu\u00f1oz","isPartOf":{"@id":"http:\/\/prueba.bodegasmunoz.com\/en\/#website"},"primaryImageOfPage":{"@id":"http:\/\/prueba.bodegasmunoz.com\/en\/producto\/cata-online-nuevo-curso\/#primaryimage"},"image":{"@id":"http:\/\/prueba.bodegasmunoz.com\/en\/producto\/cata-online-nuevo-curso\/#primaryimage"},"thumbnailUrl":"http:\/\/prueba.bodegasmunoz.com\/wp-content\/uploads\/2025\/09\/Cata-Online-Nuevo-Curso-Bodegas-Munoz.jpg","datePublished":"2025-09-09T08:34:07+00:00","dateModified":"2025-09-15T09:15:05+00:00","breadcrumb":{"@id":"http:\/\/prueba.bodegasmunoz.com\/en\/producto\/cata-online-nuevo-curso\/#breadcrumb"},"inLanguage":"en-US","potentialAction":[{"@type":"ReadAction","target":["http:\/\/prueba.bodegasmunoz.com\/en\/producto\/cata-online-nuevo-curso\/"]}]},{"@type":"ImageObject","inLanguage":"en-US","@id":"http:\/\/prueba.bodegasmunoz.com\/en\/producto\/cata-online-nuevo-curso\/#primaryimage","url":"http:\/\/prueba.bodegasmunoz.com\/wp-content\/uploads\/2025\/09\/Cata-Online-Nuevo-Curso-Bodegas-Munoz.jpg","contentUrl":"http:\/\/prueba.bodegasmunoz.com\/wp-content\/uploads\/2025\/09\/Cata-Online-Nuevo-Curso-Bodegas-Munoz.jpg","width":1024,"height":1024,"caption":"Cata Online Nuevo Curso Bodegas Mu\u00f1oz"},{"@type":"BreadcrumbList","@id":"http:\/\/prueba.bodegasmunoz.com\/en\/producto\/cata-online-nuevo-curso\/#breadcrumb","itemListElement":[{"@type":"ListItem","position":1,"name":"Portada","item":"http:\/\/prueba.bodegasmunoz.com\/"},{"@type":"ListItem","position":2,"name":"Tienda","item":"http:\/\/prueba.bodegasmunoz.com\/en\/shop\/"},{"@type":"ListItem","position":3,"name":"Cata Online Nuevo Curso"}]},{"@type":"WebSite","@id":"http:\/\/prueba.bodegasmunoz.com\/en\/#website","url":"http:\/\/prueba.bodegasmunoz.com\/en\/","name":"Bodegas Mu\u00f1oz","description":"Vinos Premium en la Provincia de Toledo","potentialAction":[{"@type":"SearchAction","target":{"@type":"EntryPoint","urlTemplate":"http:\/\/prueba.bodegasmunoz.com\/en\/?s={search_term_string}"},"query-input":{"@type":"PropertyValueSpecification","valueRequired":true,"valueName":"search_term_string"}}],"inLanguage":"en-US"}]}},"_links":{"self":[{"href":"http:\/\/prueba.bodegasmunoz.com\/en\/wp-json\/wp\/v2\/product\/23564","targetHints":{"allow":["GET"]}}],"collection":[{"href":"http:\/\/prueba.bodegasmunoz.com\/en\/wp-json\/wp\/v2\/product"}],"about":[{"href":"http:\/\/prueba.bodegasmunoz.com\/en\/wp-json\/wp\/v2\/types\/product"}],"version-history":[{"count":3,"href":"http:\/\/prueba.bodegasmunoz.com\/en\/wp-json\/wp\/v2\/product\/23564\/revisions"}],"predecessor-version":[{"id":23596,"href":"http:\/\/prueba.bodegasmunoz.com\/en\/wp-json\/wp\/v2\/product\/23564\/revisions\/23596"}],"wp:featuredmedia":[{"embeddable":true,"href":"http:\/\/prueba.bodegasmunoz.com\/en\/wp-json\/wp\/v2\/media\/23565"}],"wp:attachment":[{"href":"http:\/\/prueba.bodegasmunoz.com\/en\/wp-json\/wp\/v2\/media?parent=23564"}],"wp:term":[{"taxonomy":"product_brand","embeddable":true,"href":"http:\/\/prueba.bodegasmunoz.com\/en\/wp-json\/wp\/v2\/product_brand?post=23564"},{"taxonomy":"product_cat","embeddable":true,"href":"http:\/\/prueba.bodegasmunoz.com\/en\/wp-json\/wp\/v2\/product_cat?post=23564"},{"taxonomy":"product_tag","embeddable":true,"href":"http:\/\/prueba.bodegasmunoz.com\/en\/wp-json\/wp\/v2\/product_tag?post=23564"}],"curies":[{"name":"wp","href":"https:\/\/api.w.org\/{rel}","templated":true}]}}