{"id":23063,"date":"2025-05-29T11:42:56","date_gmt":"2025-05-29T09:42:56","guid":{"rendered":"http:\/\/prueba.bodegasmunoz.com\/?post_type=product&#038;p=23063"},"modified":"2025-06-09T09:41:34","modified_gmt":"2025-06-09T07:41:34","slug":"comida-con-bodeguero-2025","status":"publish","type":"product","link":"http:\/\/prueba.bodegasmunoz.com\/en\/producto\/comida-con-bodeguero-2025\/","title":{"rendered":"Comida con bodeguero 2025"},"content":{"rendered":"<p>Disfruta de una <strong>comida con Bienve Mu\u00f1oz<\/strong> y el equipo de Bodegas Mu\u00f1oz, junto al resto de socios del Club Familia Mu\u00f1oz y acompa\u00f1antes. Podr\u00e1 venir una persona que t\u00fa quieras a la comida. \u00a1Solo tienes que abonar la comida por persona y<strong> el vino corre por nuestra cuenta<\/strong>!<\/p>\n<p>Esta es una oferta exclusiva y forma parte de las ventajas de ser socio del Club.<\/p>\n<p><strong>NOTA:<\/strong> solo se admite 1 socio del Club + 1 acompa\u00f1ante.<\/p>\n","protected":false},"excerpt":{"rendered":"<p>El pr\u00f3ximo <strong>21 de junio, s\u00e1bado<\/strong>, tendr\u00e1 lugar la segunda &#8220;Comida con bodeguero&#8221; realizada como actividad especial para los socios del Club Familia Mu\u00f1oz en un restaurante en <b>Toledo<\/b>.<\/p>\n","protected":false},"featured_media":23065,"template":"","meta":[],"product_brand":[],"product_cat":[177],"product_tag":[],"class_list":{"0":"post-23063","1":"product","2":"type-product","3":"status-publish","4":"has-post-thumbnail","6":"product_cat-sin-categorizar","7":"product_shipping_class-comida-con-bodeguero-portes-gratis","9":"first","10":"instock","11":"virtual","12":"taxable","13":"purchasable","14":"product-type-simple"},"yoast_head":"<!-- This site is optimized with the Yoast SEO plugin v27.4 - https:\/\/yoast.com\/product\/yoast-seo-wordpress\/ -->\n<title>Comida con bodeguero 2025 - Bodegas Mu\u00f1oz<\/title>\n<meta name=\"robots\" content=\"index, follow, max-snippet:-1, max-image-preview:large, max-video-preview:-1\" \/>\n<link rel=\"canonical\" href=\"http:\/\/prueba.bodegasmunoz.com\/en\/producto\/comida-con-bodeguero-2025\/\" \/>\n<meta property=\"og:locale\" content=\"en_US\" \/>\n<meta property=\"og:type\" content=\"article\" \/>\n<meta property=\"og:title\" content=\"Comida con bodeguero 2025 - Bodegas Mu\u00f1oz\" \/>\n<meta property=\"og:description\" content=\"El pr\u00f3ximo 21 de junio, s\u00e1bado, tendr\u00e1 lugar la segunda &quot;Comida con bodeguero&quot; realizada como actividad especial para los socios del Club Familia Mu\u00f1oz en un restaurante en Toledo.\" \/>\n<meta property=\"og:url\" content=\"http:\/\/prueba.bodegasmunoz.com\/en\/producto\/comida-con-bodeguero-2025\/\" \/>\n<meta property=\"og:site_name\" content=\"Bodegas Mu\u00f1oz\" \/>\n<meta property=\"article:publisher\" content=\"https:\/\/www.facebook.com\/bodegasmunoz\" \/>\n<meta property=\"article:modified_time\" content=\"2025-06-09T07:41:34+00:00\" \/>\n<meta property=\"og:image\" content=\"http:\/\/prueba.bodegasmunoz.com\/wp-content\/uploads\/2025\/05\/foto-comida-con-bodeguero-Bodegas-Munoz.png\" \/>\n\t<meta property=\"og:image:width\" content=\"688\" \/>\n\t<meta property=\"og:image:height\" content=\"683\" \/>\n\t<meta property=\"og:image:type\" content=\"image\/png\" \/>\n<meta name=\"twitter:card\" content=\"summary_large_image\" \/>\n<meta name=\"twitter:label1\" content=\"Est. reading time\" \/>\n\t<meta name=\"twitter:data1\" content=\"1 minute\" \/>\n<script type=\"application\/ld+json\" class=\"yoast-schema-graph\">{\"@context\":\"https:\\\/\\\/schema.org\",\"@graph\":[{\"@type\":\"WebPage\",\"@id\":\"http:\\\/\\\/prueba.bodegasmunoz.com\\\/en\\\/producto\\\/comida-con-bodeguero-2025\\\/\",\"url\":\"http:\\\/\\\/prueba.bodegasmunoz.com\\\/en\\\/producto\\\/comida-con-bodeguero-2025\\\/\",\"name\":\"Comida con bodeguero 2025 - Bodegas Mu\u00f1oz\",\"isPartOf\":{\"@id\":\"http:\\\/\\\/prueba.bodegasmunoz.com\\\/en\\\/#website\"},\"primaryImageOfPage\":{\"@id\":\"http:\\\/\\\/prueba.bodegasmunoz.com\\\/en\\\/producto\\\/comida-con-bodeguero-2025\\\/#primaryimage\"},\"image\":{\"@id\":\"http:\\\/\\\/prueba.bodegasmunoz.com\\\/en\\\/producto\\\/comida-con-bodeguero-2025\\\/#primaryimage\"},\"thumbnailUrl\":\"http:\\\/\\\/prueba.bodegasmunoz.com\\\/wp-content\\\/uploads\\\/2025\\\/05\\\/foto-comida-con-bodeguero-Bodegas-Munoz.png\",\"datePublished\":\"2025-05-29T09:42:56+00:00\",\"dateModified\":\"2025-06-09T07:41:34+00:00\",\"breadcrumb\":{\"@id\":\"http:\\\/\\\/prueba.bodegasmunoz.com\\\/en\\\/producto\\\/comida-con-bodeguero-2025\\\/#breadcrumb\"},\"inLanguage\":\"en-US\",\"potentialAction\":[{\"@type\":\"ReadAction\",\"target\":[\"http:\\\/\\\/prueba.bodegasmunoz.com\\\/en\\\/producto\\\/comida-con-bodeguero-2025\\\/\"]}]},{\"@type\":\"ImageObject\",\"inLanguage\":\"en-US\",\"@id\":\"http:\\\/\\\/prueba.bodegasmunoz.com\\\/en\\\/producto\\\/comida-con-bodeguero-2025\\\/#primaryimage\",\"url\":\"http:\\\/\\\/prueba.bodegasmunoz.com\\\/wp-content\\\/uploads\\\/2025\\\/05\\\/foto-comida-con-bodeguero-Bodegas-Munoz.png\",\"contentUrl\":\"http:\\\/\\\/prueba.bodegasmunoz.com\\\/wp-content\\\/uploads\\\/2025\\\/05\\\/foto-comida-con-bodeguero-Bodegas-Munoz.png\",\"width\":688,\"height\":683,\"caption\":\"Foto comida con bodeguero Bodegas Mu\u00f1oz\"},{\"@type\":\"BreadcrumbList\",\"@id\":\"http:\\\/\\\/prueba.bodegasmunoz.com\\\/en\\\/producto\\\/comida-con-bodeguero-2025\\\/#breadcrumb\",\"itemListElement\":[{\"@type\":\"ListItem\",\"position\":1,\"name\":\"Portada\",\"item\":\"http:\\\/\\\/prueba.bodegasmunoz.com\\\/\"},{\"@type\":\"ListItem\",\"position\":2,\"name\":\"Tienda\",\"item\":\"http:\\\/\\\/prueba.bodegasmunoz.com\\\/en\\\/shop\\\/\"},{\"@type\":\"ListItem\",\"position\":3,\"name\":\"Comida con bodeguero 2025\"}]},{\"@type\":\"WebSite\",\"@id\":\"http:\\\/\\\/prueba.bodegasmunoz.com\\\/en\\\/#website\",\"url\":\"http:\\\/\\\/prueba.bodegasmunoz.com\\\/en\\\/\",\"name\":\"Bodegas Mu\u00f1oz\",\"description\":\"Vinos Premium en la Provincia de Toledo\",\"potentialAction\":[{\"@type\":\"SearchAction\",\"target\":{\"@type\":\"EntryPoint\",\"urlTemplate\":\"http:\\\/\\\/prueba.bodegasmunoz.com\\\/en\\\/?s={search_term_string}\"},\"query-input\":{\"@type\":\"PropertyValueSpecification\",\"valueRequired\":true,\"valueName\":\"search_term_string\"}}],\"inLanguage\":\"en-US\"}]}<\/script>\n<!-- \/ Yoast SEO plugin. -->","yoast_head_json":{"title":"Comida con bodeguero 2025 - Bodegas Mu\u00f1oz","robots":{"index":"index","follow":"follow","max-snippet":"max-snippet:-1","max-image-preview":"max-image-preview:large","max-video-preview":"max-video-preview:-1"},"canonical":"http:\/\/prueba.bodegasmunoz.com\/en\/producto\/comida-con-bodeguero-2025\/","og_locale":"en_US","og_type":"article","og_title":"Comida con bodeguero 2025 - Bodegas Mu\u00f1oz","og_description":"El pr\u00f3ximo 21 de junio, s\u00e1bado, tendr\u00e1 lugar la segunda \"Comida con bodeguero\" realizada como actividad especial para los socios del Club Familia Mu\u00f1oz en un restaurante en Toledo.","og_url":"http:\/\/prueba.bodegasmunoz.com\/en\/producto\/comida-con-bodeguero-2025\/","og_site_name":"Bodegas Mu\u00f1oz","article_publisher":"https:\/\/www.facebook.com\/bodegasmunoz","article_modified_time":"2025-06-09T07:41:34+00:00","og_image":[{"width":688,"height":683,"url":"http:\/\/prueba.bodegasmunoz.com\/wp-content\/uploads\/2025\/05\/foto-comida-con-bodeguero-Bodegas-Munoz.png","type":"image\/png"}],"twitter_card":"summary_large_image","twitter_misc":{"Est. reading time":"1 minute"},"schema":{"@context":"https:\/\/schema.org","@graph":[{"@type":"WebPage","@id":"http:\/\/prueba.bodegasmunoz.com\/en\/producto\/comida-con-bodeguero-2025\/","url":"http:\/\/prueba.bodegasmunoz.com\/en\/producto\/comida-con-bodeguero-2025\/","name":"Comida con bodeguero 2025 - Bodegas Mu\u00f1oz","isPartOf":{"@id":"http:\/\/prueba.bodegasmunoz.com\/en\/#website"},"primaryImageOfPage":{"@id":"http:\/\/prueba.bodegasmunoz.com\/en\/producto\/comida-con-bodeguero-2025\/#primaryimage"},"image":{"@id":"http:\/\/prueba.bodegasmunoz.com\/en\/producto\/comida-con-bodeguero-2025\/#primaryimage"},"thumbnailUrl":"http:\/\/prueba.bodegasmunoz.com\/wp-content\/uploads\/2025\/05\/foto-comida-con-bodeguero-Bodegas-Munoz.png","datePublished":"2025-05-29T09:42:56+00:00","dateModified":"2025-06-09T07:41:34+00:00","breadcrumb":{"@id":"http:\/\/prueba.bodegasmunoz.com\/en\/producto\/comida-con-bodeguero-2025\/#breadcrumb"},"inLanguage":"en-US","potentialAction":[{"@type":"ReadAction","target":["http:\/\/prueba.bodegasmunoz.com\/en\/producto\/comida-con-bodeguero-2025\/"]}]},{"@type":"ImageObject","inLanguage":"en-US","@id":"http:\/\/prueba.bodegasmunoz.com\/en\/producto\/comida-con-bodeguero-2025\/#primaryimage","url":"http:\/\/prueba.bodegasmunoz.com\/wp-content\/uploads\/2025\/05\/foto-comida-con-bodeguero-Bodegas-Munoz.png","contentUrl":"http:\/\/prueba.bodegasmunoz.com\/wp-content\/uploads\/2025\/05\/foto-comida-con-bodeguero-Bodegas-Munoz.png","width":688,"height":683,"caption":"Foto comida con bodeguero Bodegas Mu\u00f1oz"},{"@type":"BreadcrumbList","@id":"http:\/\/prueba.bodegasmunoz.com\/en\/producto\/comida-con-bodeguero-2025\/#breadcrumb","itemListElement":[{"@type":"ListItem","position":1,"name":"Portada","item":"http:\/\/prueba.bodegasmunoz.com\/"},{"@type":"ListItem","position":2,"name":"Tienda","item":"http:\/\/prueba.bodegasmunoz.com\/en\/shop\/"},{"@type":"ListItem","position":3,"name":"Comida con bodeguero 2025"}]},{"@type":"WebSite","@id":"http:\/\/prueba.bodegasmunoz.com\/en\/#website","url":"http:\/\/prueba.bodegasmunoz.com\/en\/","name":"Bodegas Mu\u00f1oz","description":"Vinos Premium en la Provincia de Toledo","potentialAction":[{"@type":"SearchAction","target":{"@type":"EntryPoint","urlTemplate":"http:\/\/prueba.bodegasmunoz.com\/en\/?s={search_term_string}"},"query-input":{"@type":"PropertyValueSpecification","valueRequired":true,"valueName":"search_term_string"}}],"inLanguage":"en-US"}]}},"_links":{"self":[{"href":"http:\/\/prueba.bodegasmunoz.com\/en\/wp-json\/wp\/v2\/product\/23063","targetHints":{"allow":["GET"]}}],"collection":[{"href":"http:\/\/prueba.bodegasmunoz.com\/en\/wp-json\/wp\/v2\/product"}],"about":[{"href":"http:\/\/prueba.bodegasmunoz.com\/en\/wp-json\/wp\/v2\/types\/product"}],"version-history":[{"count":1,"href":"http:\/\/prueba.bodegasmunoz.com\/en\/wp-json\/wp\/v2\/product\/23063\/revisions"}],"predecessor-version":[{"id":23064,"href":"http:\/\/prueba.bodegasmunoz.com\/en\/wp-json\/wp\/v2\/product\/23063\/revisions\/23064"}],"wp:featuredmedia":[{"embeddable":true,"href":"http:\/\/prueba.bodegasmunoz.com\/en\/wp-json\/wp\/v2\/media\/23065"}],"wp:attachment":[{"href":"http:\/\/prueba.bodegasmunoz.com\/en\/wp-json\/wp\/v2\/media?parent=23063"}],"wp:term":[{"taxonomy":"product_brand","embeddable":true,"href":"http:\/\/prueba.bodegasmunoz.com\/en\/wp-json\/wp\/v2\/product_brand?post=23063"},{"taxonomy":"product_cat","embeddable":true,"href":"http:\/\/prueba.bodegasmunoz.com\/en\/wp-json\/wp\/v2\/product_cat?post=23063"},{"taxonomy":"product_tag","embeddable":true,"href":"http:\/\/prueba.bodegasmunoz.com\/en\/wp-json\/wp\/v2\/product_tag?post=23063"}],"curies":[{"name":"wp","href":"https:\/\/api.w.org\/{rel}","templated":true}]}}