{"id":22174,"date":"2024-12-17T08:23:46","date_gmt":"2024-12-17T07:23:46","guid":{"rendered":"http:\/\/prueba.bodegasmunoz.com\/?post_type=product&#038;p=22174"},"modified":"2025-10-15T18:53:41","modified_gmt":"2025-10-15T16:53:41","slug":"bienvenido-munoz-sauvignon-moscatel-2024","status":"publish","type":"product","link":"http:\/\/prueba.bodegasmunoz.com\/en\/producto\/bienvenido-munoz-sauvignon-moscatel-2024\/","title":{"rendered":"Bienvenido Mu\u00f1oz Sauvignon &#038; Moscatel 2024"},"content":{"rendered":"<p><b>A\u00d1ADA<\/b><\/p>\n<p>La a\u00f1ada 2024 representa un regreso al equilibrio tras a\u00f1os de extremos clim\u00e1ticos. Las lluvias oto\u00f1ales e invernales permitieron reponer las reservas h\u00eddricas del suelo, favoreciendo un ciclo vegetativo sin estr\u00e9s h\u00eddrico significativo. Aunque el calor hizo acto de presencia en verano, las temperaturas moderadas facilitaron una maduraci\u00f3n equilibrada.<\/p>\n<p>La vendimia, que comenz\u00f3 el 13 de agosto con el Moscatel de Grano Menudo y finaliz\u00f3 el 18 de octubre, destac\u00f3 por uvas sanas, con una acidez correcta y grados alcoh\u00f3licos moderados, ideales para vinos frescos, arom\u00e1ticos y de gran potencial de guarda. Los rendimientos, aunque moderados, superaron los de las a\u00f1adas precedentes, reflejando la resiliencia de nuestras vi\u00f1as y augurando una cosecha memorable.<\/p>\n<p><strong>NOTAS <\/strong><strong>DE CATA<\/strong><\/p>\n<ul>\n<li><strong>Visual<\/strong>: Amarillo p\u00e1lido con ribete acerado.<\/li>\n<li><strong>Nariz<\/strong>: Frutal, combina notas de c\u00edtricos con un fondo de flores blancas y hierbas arom\u00e1ticas.<\/li>\n<li><strong>Boca<\/strong>: Entrada fresca y seductora, con agradables notas dulces bien equilibradas con la acidez.<\/li>\n<\/ul>\n<p><b>RECOMENDACIONES<\/b><\/p>\n<ul>\n<li><strong>Maridaje<\/strong>: Aperitivos, snacks, tapas. Tambi\u00e9n marida bien con mariscos y pescados.<\/li>\n<li><strong>Temperatura Servicio<\/strong>: 4-6 \u00baC.<\/li>\n<\/ul>\n<p><b>ESPECIFICACIONES T\u00c9CNICAS<\/b><\/p>\n<ul>\n<li><strong>Variedad<\/strong>: Sauvignon Blanc &amp; Moscatel<\/li>\n<li><strong>Edad del vi\u00f1edo<\/strong>: 10 &#8211; 20 a\u00f1os<\/li>\n<li><strong>Temperatura fermentaci\u00f3n<\/strong>: 14\u00ba C<\/li>\n<li><strong>Tiempo de maceraci\u00f3n<\/strong>: 5 horas<\/li>\n<li><strong>Alcohol<\/strong>: Alc. 10,20 % Vol.<\/li>\n<li><strong>Acidez<\/strong>: 5,30 g\/l.<\/li>\n<li><strong>SO2 total<\/strong>: 75 ppm<\/li>\n<li><strong>Az\u00facar<\/strong>: 44 g\/l.<\/li>\n<\/ul>\n","protected":false},"excerpt":{"rendered":"<p><strong>Blanco joven, fresco y alegre\u2026 un vino para disfrutar, sin complejos.<\/strong><\/p>\n<p>Amarillo p\u00e1lido, combina agradables notas c\u00edtricas con flores blancas. Tiene un seductor paso de boca donde se equilibran las notas dulces con el resto de sensaciones. Es un acompa\u00f1amiento ideal para aperitivos, tapas, snacks, pescados y mariscos.<\/p>\n","protected":false},"featured_media":18660,"template":"","meta":[],"product_brand":[],"product_cat":[73],"product_tag":[],"class_list":{"0":"post-22174","1":"product","2":"type-product","3":"status-publish","4":"has-post-thumbnail","6":"product_cat-bienvenido-munoz","8":"first","9":"outofstock","10":"taxable","11":"shipping-taxable","12":"purchasable","13":"product-type-simple"},"yoast_head":"<!-- This site is optimized with the Yoast SEO plugin v27.4 - https:\/\/yoast.com\/product\/yoast-seo-wordpress\/ -->\n<title>Bienvenido Mu\u00f1oz Sauvignon &amp; Moscatel 2024 - Bodegas Mu\u00f1oz<\/title>\n<meta name=\"robots\" content=\"index, follow, max-snippet:-1, max-image-preview:large, max-video-preview:-1\" \/>\n<link rel=\"canonical\" href=\"http:\/\/prueba.bodegasmunoz.com\/en\/producto\/bienvenido-munoz-sauvignon-moscatel-2024\/\" \/>\n<meta property=\"og:locale\" content=\"en_US\" \/>\n<meta property=\"og:type\" content=\"article\" \/>\n<meta property=\"og:title\" content=\"Bienvenido Mu\u00f1oz Sauvignon &amp; Moscatel 2024 - Bodegas Mu\u00f1oz\" \/>\n<meta property=\"og:description\" content=\"Blanco joven, fresco y alegre\u2026 un vino para disfrutar, sin complejos.  Amarillo p\u00e1lido, combina agradables notas c\u00edtricas con flores blancas. Tiene un seductor paso de boca donde se equilibran las notas dulces con el resto de sensaciones. Es un acompa\u00f1amiento ideal para aperitivos, tapas, snacks, pescados y mariscos.\" \/>\n<meta property=\"og:url\" content=\"http:\/\/prueba.bodegasmunoz.com\/en\/producto\/bienvenido-munoz-sauvignon-moscatel-2024\/\" \/>\n<meta property=\"og:site_name\" content=\"Bodegas Mu\u00f1oz\" \/>\n<meta property=\"article:publisher\" content=\"https:\/\/www.facebook.com\/bodegasmunoz\" \/>\n<meta property=\"article:modified_time\" content=\"2025-10-15T16:53:41+00:00\" \/>\n<meta property=\"og:image\" content=\"http:\/\/prueba.bodegasmunoz.com\/wp-content\/uploads\/2023\/12\/Bienvenido-Munoz-Sauvignon-Moscatel-2022.jpg\" \/>\n\t<meta property=\"og:image:width\" content=\"1000\" \/>\n\t<meta property=\"og:image:height\" content=\"1000\" \/>\n\t<meta property=\"og:image:type\" content=\"image\/jpeg\" \/>\n<meta name=\"twitter:card\" content=\"summary_large_image\" \/>\n<meta name=\"twitter:label1\" content=\"Est. reading time\" \/>\n\t<meta name=\"twitter:data1\" content=\"2 minutes\" \/>\n<script type=\"application\/ld+json\" class=\"yoast-schema-graph\">{\"@context\":\"https:\\\/\\\/schema.org\",\"@graph\":[{\"@type\":\"WebPage\",\"@id\":\"http:\\\/\\\/prueba.bodegasmunoz.com\\\/en\\\/producto\\\/bienvenido-munoz-sauvignon-moscatel-2024\\\/\",\"url\":\"http:\\\/\\\/prueba.bodegasmunoz.com\\\/en\\\/producto\\\/bienvenido-munoz-sauvignon-moscatel-2024\\\/\",\"name\":\"Bienvenido Mu\u00f1oz Sauvignon & Moscatel 2024 - Bodegas Mu\u00f1oz\",\"isPartOf\":{\"@id\":\"http:\\\/\\\/prueba.bodegasmunoz.com\\\/en\\\/#website\"},\"primaryImageOfPage\":{\"@id\":\"http:\\\/\\\/prueba.bodegasmunoz.com\\\/en\\\/producto\\\/bienvenido-munoz-sauvignon-moscatel-2024\\\/#primaryimage\"},\"image\":{\"@id\":\"http:\\\/\\\/prueba.bodegasmunoz.com\\\/en\\\/producto\\\/bienvenido-munoz-sauvignon-moscatel-2024\\\/#primaryimage\"},\"thumbnailUrl\":\"http:\\\/\\\/prueba.bodegasmunoz.com\\\/wp-content\\\/uploads\\\/2023\\\/12\\\/Bienvenido-Munoz-Sauvignon-Moscatel-2022.jpg\",\"datePublished\":\"2024-12-17T07:23:46+00:00\",\"dateModified\":\"2025-10-15T16:53:41+00:00\",\"breadcrumb\":{\"@id\":\"http:\\\/\\\/prueba.bodegasmunoz.com\\\/en\\\/producto\\\/bienvenido-munoz-sauvignon-moscatel-2024\\\/#breadcrumb\"},\"inLanguage\":\"en-US\",\"potentialAction\":[{\"@type\":\"ReadAction\",\"target\":[\"http:\\\/\\\/prueba.bodegasmunoz.com\\\/en\\\/producto\\\/bienvenido-munoz-sauvignon-moscatel-2024\\\/\"]}]},{\"@type\":\"ImageObject\",\"inLanguage\":\"en-US\",\"@id\":\"http:\\\/\\\/prueba.bodegasmunoz.com\\\/en\\\/producto\\\/bienvenido-munoz-sauvignon-moscatel-2024\\\/#primaryimage\",\"url\":\"http:\\\/\\\/prueba.bodegasmunoz.com\\\/wp-content\\\/uploads\\\/2023\\\/12\\\/Bienvenido-Munoz-Sauvignon-Moscatel-2022.jpg\",\"contentUrl\":\"http:\\\/\\\/prueba.bodegasmunoz.com\\\/wp-content\\\/uploads\\\/2023\\\/12\\\/Bienvenido-Munoz-Sauvignon-Moscatel-2022.jpg\",\"width\":1000,\"height\":1000},{\"@type\":\"BreadcrumbList\",\"@id\":\"http:\\\/\\\/prueba.bodegasmunoz.com\\\/en\\\/producto\\\/bienvenido-munoz-sauvignon-moscatel-2024\\\/#breadcrumb\",\"itemListElement\":[{\"@type\":\"ListItem\",\"position\":1,\"name\":\"Portada\",\"item\":\"http:\\\/\\\/prueba.bodegasmunoz.com\\\/\"},{\"@type\":\"ListItem\",\"position\":2,\"name\":\"Tienda\",\"item\":\"http:\\\/\\\/prueba.bodegasmunoz.com\\\/en\\\/shop\\\/\"},{\"@type\":\"ListItem\",\"position\":3,\"name\":\"Bienvenido Mu\u00f1oz Sauvignon &#038; Moscatel 2024\"}]},{\"@type\":\"WebSite\",\"@id\":\"http:\\\/\\\/prueba.bodegasmunoz.com\\\/en\\\/#website\",\"url\":\"http:\\\/\\\/prueba.bodegasmunoz.com\\\/en\\\/\",\"name\":\"Bodegas Mu\u00f1oz\",\"description\":\"Vinos Premium en la Provincia de Toledo\",\"potentialAction\":[{\"@type\":\"SearchAction\",\"target\":{\"@type\":\"EntryPoint\",\"urlTemplate\":\"http:\\\/\\\/prueba.bodegasmunoz.com\\\/en\\\/?s={search_term_string}\"},\"query-input\":{\"@type\":\"PropertyValueSpecification\",\"valueRequired\":true,\"valueName\":\"search_term_string\"}}],\"inLanguage\":\"en-US\"}]}<\/script>\n<!-- \/ Yoast SEO plugin. -->","yoast_head_json":{"title":"Bienvenido Mu\u00f1oz Sauvignon & Moscatel 2024 - Bodegas Mu\u00f1oz","robots":{"index":"index","follow":"follow","max-snippet":"max-snippet:-1","max-image-preview":"max-image-preview:large","max-video-preview":"max-video-preview:-1"},"canonical":"http:\/\/prueba.bodegasmunoz.com\/en\/producto\/bienvenido-munoz-sauvignon-moscatel-2024\/","og_locale":"en_US","og_type":"article","og_title":"Bienvenido Mu\u00f1oz Sauvignon & Moscatel 2024 - Bodegas Mu\u00f1oz","og_description":"Blanco joven, fresco y alegre\u2026 un vino para disfrutar, sin complejos.  Amarillo p\u00e1lido, combina agradables notas c\u00edtricas con flores blancas. Tiene un seductor paso de boca donde se equilibran las notas dulces con el resto de sensaciones. Es un acompa\u00f1amiento ideal para aperitivos, tapas, snacks, pescados y mariscos.","og_url":"http:\/\/prueba.bodegasmunoz.com\/en\/producto\/bienvenido-munoz-sauvignon-moscatel-2024\/","og_site_name":"Bodegas Mu\u00f1oz","article_publisher":"https:\/\/www.facebook.com\/bodegasmunoz","article_modified_time":"2025-10-15T16:53:41+00:00","og_image":[{"width":1000,"height":1000,"url":"http:\/\/prueba.bodegasmunoz.com\/wp-content\/uploads\/2023\/12\/Bienvenido-Munoz-Sauvignon-Moscatel-2022.jpg","type":"image\/jpeg"}],"twitter_card":"summary_large_image","twitter_misc":{"Est. reading time":"2 minutes"},"schema":{"@context":"https:\/\/schema.org","@graph":[{"@type":"WebPage","@id":"http:\/\/prueba.bodegasmunoz.com\/en\/producto\/bienvenido-munoz-sauvignon-moscatel-2024\/","url":"http:\/\/prueba.bodegasmunoz.com\/en\/producto\/bienvenido-munoz-sauvignon-moscatel-2024\/","name":"Bienvenido Mu\u00f1oz Sauvignon & Moscatel 2024 - Bodegas Mu\u00f1oz","isPartOf":{"@id":"http:\/\/prueba.bodegasmunoz.com\/en\/#website"},"primaryImageOfPage":{"@id":"http:\/\/prueba.bodegasmunoz.com\/en\/producto\/bienvenido-munoz-sauvignon-moscatel-2024\/#primaryimage"},"image":{"@id":"http:\/\/prueba.bodegasmunoz.com\/en\/producto\/bienvenido-munoz-sauvignon-moscatel-2024\/#primaryimage"},"thumbnailUrl":"http:\/\/prueba.bodegasmunoz.com\/wp-content\/uploads\/2023\/12\/Bienvenido-Munoz-Sauvignon-Moscatel-2022.jpg","datePublished":"2024-12-17T07:23:46+00:00","dateModified":"2025-10-15T16:53:41+00:00","breadcrumb":{"@id":"http:\/\/prueba.bodegasmunoz.com\/en\/producto\/bienvenido-munoz-sauvignon-moscatel-2024\/#breadcrumb"},"inLanguage":"en-US","potentialAction":[{"@type":"ReadAction","target":["http:\/\/prueba.bodegasmunoz.com\/en\/producto\/bienvenido-munoz-sauvignon-moscatel-2024\/"]}]},{"@type":"ImageObject","inLanguage":"en-US","@id":"http:\/\/prueba.bodegasmunoz.com\/en\/producto\/bienvenido-munoz-sauvignon-moscatel-2024\/#primaryimage","url":"http:\/\/prueba.bodegasmunoz.com\/wp-content\/uploads\/2023\/12\/Bienvenido-Munoz-Sauvignon-Moscatel-2022.jpg","contentUrl":"http:\/\/prueba.bodegasmunoz.com\/wp-content\/uploads\/2023\/12\/Bienvenido-Munoz-Sauvignon-Moscatel-2022.jpg","width":1000,"height":1000},{"@type":"BreadcrumbList","@id":"http:\/\/prueba.bodegasmunoz.com\/en\/producto\/bienvenido-munoz-sauvignon-moscatel-2024\/#breadcrumb","itemListElement":[{"@type":"ListItem","position":1,"name":"Portada","item":"http:\/\/prueba.bodegasmunoz.com\/"},{"@type":"ListItem","position":2,"name":"Tienda","item":"http:\/\/prueba.bodegasmunoz.com\/en\/shop\/"},{"@type":"ListItem","position":3,"name":"Bienvenido Mu\u00f1oz Sauvignon &#038; Moscatel 2024"}]},{"@type":"WebSite","@id":"http:\/\/prueba.bodegasmunoz.com\/en\/#website","url":"http:\/\/prueba.bodegasmunoz.com\/en\/","name":"Bodegas Mu\u00f1oz","description":"Vinos Premium en la Provincia de Toledo","potentialAction":[{"@type":"SearchAction","target":{"@type":"EntryPoint","urlTemplate":"http:\/\/prueba.bodegasmunoz.com\/en\/?s={search_term_string}"},"query-input":{"@type":"PropertyValueSpecification","valueRequired":true,"valueName":"search_term_string"}}],"inLanguage":"en-US"}]}},"_links":{"self":[{"href":"http:\/\/prueba.bodegasmunoz.com\/en\/wp-json\/wp\/v2\/product\/22174","targetHints":{"allow":["GET"]}}],"collection":[{"href":"http:\/\/prueba.bodegasmunoz.com\/en\/wp-json\/wp\/v2\/product"}],"about":[{"href":"http:\/\/prueba.bodegasmunoz.com\/en\/wp-json\/wp\/v2\/types\/product"}],"version-history":[{"count":1,"href":"http:\/\/prueba.bodegasmunoz.com\/en\/wp-json\/wp\/v2\/product\/22174\/revisions"}],"predecessor-version":[{"id":23775,"href":"http:\/\/prueba.bodegasmunoz.com\/en\/wp-json\/wp\/v2\/product\/22174\/revisions\/23775"}],"wp:featuredmedia":[{"embeddable":true,"href":"http:\/\/prueba.bodegasmunoz.com\/en\/wp-json\/wp\/v2\/media\/18660"}],"wp:attachment":[{"href":"http:\/\/prueba.bodegasmunoz.com\/en\/wp-json\/wp\/v2\/media?parent=22174"}],"wp:term":[{"taxonomy":"product_brand","embeddable":true,"href":"http:\/\/prueba.bodegasmunoz.com\/en\/wp-json\/wp\/v2\/product_brand?post=22174"},{"taxonomy":"product_cat","embeddable":true,"href":"http:\/\/prueba.bodegasmunoz.com\/en\/wp-json\/wp\/v2\/product_cat?post=22174"},{"taxonomy":"product_tag","embeddable":true,"href":"http:\/\/prueba.bodegasmunoz.com\/en\/wp-json\/wp\/v2\/product_tag?post=22174"}],"curies":[{"name":"wp","href":"https:\/\/api.w.org\/{rel}","templated":true}]}}